{"id":649,"date":"2024-07-08T10:45:27","date_gmt":"2024-07-08T08:45:27","guid":{"rendered":"https:\/\/medirelax.be\/?post_type=product&#038;p=649"},"modified":"2025-02-27T16:25:51","modified_gmt":"2025-02-27T15:25:51","slug":"medi-classic","status":"publish","type":"product","link":"https:\/\/medirelax.be\/?product=medi-classic","title":{"rendered":"MEDI CLASSIC UN MOTEUR"},"content":{"rendered":"\t\t<div data-elementor-type=\"product-post\" data-elementor-id=\"649\" class=\"elementor elementor-649\" data-elementor-post-type=\"product\">\n\t\t\t\t<div class=\"elementor-element elementor-element-18882feb e-flex e-con-boxed e-con e-parent\" data-id=\"18882feb\" data-element_type=\"container\" data-e-type=\"container\">\n\t\t\t\t\t<div class=\"e-con-inner\">\n\t\t\t\t<div class=\"elementor-element elementor-element-230e293b elementor-widget elementor-widget-text-editor\" data-id=\"230e293b\" data-element_type=\"widget\" data-e-type=\"widget\" data-widget_type=\"text-editor.default\">\n\t\t\t\t<div class=\"elementor-widget-container\">\n\t\t\t\t\t\t\t\t\tMEDI CLASSIC comprenant un moteur\r\n\r\nPOINTS FORTS\r\n\u2022 Hauteur et profondeur d\u2019assise\r\nfacilitant l\u2019acc\u00e8s des personnes de\r\ntaille moyenne\r\n\u2022 Prot\u00e8ge accoudoirs et appui t\u00eate de\r\ns\u00e9rie\r\n\u2022 Rev\u00eatement Qualitex haute r\u00e9sistance\r\naux frottements\r\nVOUS APPR\u00c9CIEREZ\r\nSes 2 coloris Tweedy tr\u00e8s tendances\r\nACCESSOIRE\r\nPour encore plus de confort, vous\r\npouvez ajouter au dossier de votre\r\nfauteuil un coussin c\u00e2le nuque.\r\n\r\nId\u00e9al pour les personnes\r\nde 1.55m \u00e0 1.75m\t\t\t\t\t\t\t\t<\/div>\n\t\t\t\t<\/div>\n\t\t\t\t\t<\/div>\n\t\t\t\t<\/div>\n\t\t<div class=\"elementor-element elementor-element-db0ff91 e-flex e-con-boxed e-con e-parent\" data-id=\"db0ff91\" data-element_type=\"container\" data-e-type=\"container\">\n\t\t\t\t\t<div class=\"e-con-inner\">\n\t\t<div class=\"elementor-element elementor-element-e7c77d4 e-con-full e-flex e-con e-child\" data-id=\"e7c77d4\" data-element_type=\"container\" data-e-type=\"container\">\n\t\t\t\t<div class=\"elementor-element elementor-element-eb13b25 elementor-widget elementor-widget-image\" data-id=\"eb13b25\" data-element_type=\"widget\" data-e-type=\"widget\" data-widget_type=\"image.default\">\n\t\t\t\t<div class=\"elementor-widget-container\">\n\t\t\t\t\t\t\t\t\t\t\t\t\t\t\t<img fetchpriority=\"high\" decoding=\"async\" width=\"700\" height=\"500\" src=\"https:\/\/medirelax.be\/wp-content\/uploads\/2024\/07\/Revetement-1-2.jpg\" class=\"attachment-large size-large wp-image-1823\" alt=\"Revetement\" srcset=\"https:\/\/medirelax.be\/wp-content\/uploads\/2024\/07\/Revetement-1-2.jpg 700w, https:\/\/medirelax.be\/wp-content\/uploads\/2024\/07\/Revetement-1-2-300x214.jpg 300w, https:\/\/medirelax.be\/wp-content\/uploads\/2024\/07\/Revetement-1-2-600x429.jpg 600w\" sizes=\"(max-width: 700px) 100vw, 700px\" \/>\t\t\t\t\t\t\t\t\t\t\t\t\t\t\t<\/div>\n\t\t\t\t<\/div>\n\t\t\t\t<\/div>\n\t\t<div class=\"elementor-element elementor-element-a75da1a e-con-full e-flex e-con e-child\" data-id=\"a75da1a\" data-element_type=\"container\" data-e-type=\"container\">\n\t\t\t\t<div class=\"elementor-element elementor-element-522c681 elementor-widget elementor-widget-image\" data-id=\"522c681\" data-element_type=\"widget\" data-e-type=\"widget\" data-widget_type=\"image.default\">\n\t\t\t\t<div class=\"elementor-widget-container\">\n\t\t\t\t\t\t\t\t\t\t\t\t\t\t\t<img decoding=\"async\" width=\"700\" height=\"500\" src=\"https:\/\/medirelax.be\/wp-content\/uploads\/2024\/07\/remote-.jpg\" class=\"attachment-large size-large wp-image-1820\" alt=\"remote\" srcset=\"https:\/\/medirelax.be\/wp-content\/uploads\/2024\/07\/remote-.jpg 700w, https:\/\/medirelax.be\/wp-content\/uploads\/2024\/07\/remote--300x214.jpg 300w, https:\/\/medirelax.be\/wp-content\/uploads\/2024\/07\/remote--600x429.jpg 600w\" sizes=\"(max-width: 700px) 100vw, 700px\" \/>\t\t\t\t\t\t\t\t\t\t\t\t\t\t\t<\/div>\n\t\t\t\t<\/div>\n\t\t\t\t<\/div>\n\t\t\t\t\t<\/div>\n\t\t\t\t<\/div>\n\t\t<div class=\"elementor-element elementor-element-62661d9 e-flex e-con-boxed e-con e-parent\" data-id=\"62661d9\" data-element_type=\"container\" data-e-type=\"container\">\n\t\t\t\t\t<div class=\"e-con-inner\">\n\t\t<div class=\"elementor-element elementor-element-8f257fc e-con-full e-flex e-con e-child\" data-id=\"8f257fc\" data-element_type=\"container\" data-e-type=\"container\">\n\t\t\t\t<div class=\"elementor-element elementor-element-b0123ee elementor-widget elementor-widget-image\" data-id=\"b0123ee\" data-element_type=\"widget\" data-e-type=\"widget\" data-widget_type=\"image.default\">\n\t\t\t\t<div class=\"elementor-widget-container\">\n\t\t\t\t\t\t\t\t\t\t\t\t\t\t\t<img decoding=\"async\" width=\"700\" height=\"500\" src=\"https:\/\/medirelax.be\/wp-content\/uploads\/2024\/07\/Dimensions-.jpg\" class=\"attachment-large size-large wp-image-1822\" alt=\"Dimensions\" srcset=\"https:\/\/medirelax.be\/wp-content\/uploads\/2024\/07\/Dimensions-.jpg 700w, https:\/\/medirelax.be\/wp-content\/uploads\/2024\/07\/Dimensions--300x214.jpg 300w, https:\/\/medirelax.be\/wp-content\/uploads\/2024\/07\/Dimensions--600x429.jpg 600w\" sizes=\"(max-width: 700px) 100vw, 700px\" \/>\t\t\t\t\t\t\t\t\t\t\t\t\t\t\t<\/div>\n\t\t\t\t<\/div>\n\t\t\t\t<\/div>\n\t\t<div class=\"elementor-element elementor-element-e3c8465 e-con-full e-flex e-con e-child\" data-id=\"e3c8465\" data-element_type=\"container\" data-e-type=\"container\">\n\t\t\t\t<div class=\"elementor-element elementor-element-a564188 elementor-widget elementor-widget-image\" data-id=\"a564188\" data-element_type=\"widget\" data-e-type=\"widget\" data-widget_type=\"image.default\">\n\t\t\t\t<div class=\"elementor-widget-container\">\n\t\t\t\t\t\t\t\t\t\t\t\t\t\t\t<img loading=\"lazy\" decoding=\"async\" width=\"700\" height=\"500\" src=\"https:\/\/medirelax.be\/wp-content\/uploads\/2024\/07\/positions-4.jpg\" class=\"attachment-large size-large wp-image-1821\" alt=\"positions\" srcset=\"https:\/\/medirelax.be\/wp-content\/uploads\/2024\/07\/positions-4.jpg 700w, https:\/\/medirelax.be\/wp-content\/uploads\/2024\/07\/positions-4-300x214.jpg 300w, https:\/\/medirelax.be\/wp-content\/uploads\/2024\/07\/positions-4-600x429.jpg 600w\" sizes=\"(max-width: 700px) 100vw, 700px\" \/>\t\t\t\t\t\t\t\t\t\t\t\t\t\t\t<\/div>\n\t\t\t\t<\/div>\n\t\t\t\t<\/div>\n\t\t\t\t\t<\/div>\n\t\t\t\t<\/div>\n\t\t\t\t<\/div>\n\t\t","protected":false},"excerpt":{"rendered":"<div class=\"page\" title=\"Page 12\">\n<div class=\"section\">\n<div class=\"layoutArea\">\n<div class=\"column\">\n<p>MEDI CLASSIC comprenant un moteur<\/p>\n<p>Ide\u0301al pour les personnes de 1.55m a\u0300 1.75m<\/p>\n<p>POINTS FORTS<\/p>\n<ul>\n<li>Hauteur et profondeur d\u2019assise facilitant l\u2019acce\u0300s des personnes de taille moyenne<\/li>\n<li>Prote\u0300ge accoudoirs et appui te\u0302te de se\u0301rie<\/li>\n<li>Reve\u0302tement Qualitex haute re\u0301sistance aux frottementsVOUS APPRE\u0301CIEREZSes 2 coloris Tweedy tre\u0300s tendances ACCESSOIRE Pour encore plus de confort, vous pouvez ajouter au dossier de votre fauteuil un coussin ca\u0302le nuque.<\/li>\n<\/ul>\n<\/div>\n<\/div>\n<\/div>\n<\/div>\n","protected":false},"featured_media":923,"template":"","meta":[],"product_brand":[],"product_cat":[28,101],"product_tag":[],"class_list":{"0":"post-649","1":"product","2":"type-product","3":"status-publish","4":"has-post-thumbnail","6":"product_cat-fauteuil-releveur","7":"product_cat-fauteuils-medi","9":"first","10":"instock","11":"shipping-taxable","12":"purchasable","13":"product-type-variable","14":"has-default-attributes"},"yoast_head":"<!-- This site is optimized with the Yoast SEO plugin v27.0 - https:\/\/yoast.com\/product\/yoast-seo-wordpress\/ -->\n<title>MEDI CLASSIC UN MOTEUR - Medirelax<\/title>\n<meta name=\"description\" content=\"Mod\u00e8le compact avec la continuit\u00e9 d\u2019assise Rev\u00eatement Qualitex \u00ab haute r\u00e9sistance aux frottements \u00bb. Hauteur et profondeur d\u2019assisefacilitant l\u2019acc\u00e8s des personnes detaille moyenne Prot\u00e8ge accoudoirs et appui t\u00eate de s\u00e9rie\" \/>\n<meta name=\"robots\" content=\"index, follow, max-snippet:-1, max-image-preview:large, max-video-preview:-1\" \/>\n<link rel=\"canonical\" href=\"https:\/\/medirelax.be\/?product=medi-classic\" \/>\n<meta property=\"og:locale\" content=\"fr_FR\" \/>\n<meta property=\"og:type\" content=\"article\" \/>\n<meta property=\"og:title\" content=\"MEDI CLASSIC UN MOTEUR - Medirelax\" \/>\n<meta property=\"og:description\" content=\"Mod\u00e8le compact avec la continuit\u00e9 d\u2019assise Rev\u00eatement Qualitex \u00ab haute r\u00e9sistance aux frottements \u00bb. Hauteur et profondeur d\u2019assisefacilitant l\u2019acc\u00e8s des personnes detaille moyenne Prot\u00e8ge accoudoirs et appui t\u00eate de s\u00e9rie\" \/>\n<meta property=\"og:url\" content=\"https:\/\/medirelax.be\/?product=medi-classic\" \/>\n<meta property=\"og:site_name\" content=\"Medirelax\" \/>\n<meta property=\"article:modified_time\" content=\"2025-02-27T15:25:51+00:00\" \/>\n<meta property=\"og:image\" content=\"https:\/\/medirelax.be\/wp-content\/uploads\/2024\/07\/Classic-Lin-Releve.jpg\" \/>\n\t<meta property=\"og:image:width\" content=\"500\" \/>\n\t<meta property=\"og:image:height\" content=\"600\" \/>\n\t<meta property=\"og:image:type\" content=\"image\/jpeg\" \/>\n<meta name=\"twitter:card\" content=\"summary_large_image\" \/>\n<meta name=\"twitter:label1\" content=\"Dur\u00e9e de lecture estim\u00e9e\" \/>\n\t<meta name=\"twitter:data1\" content=\"2 minutes\" \/>\n<script type=\"application\/ld+json\" class=\"yoast-schema-graph\">{\"@context\":\"https:\/\/schema.org\",\"@graph\":[{\"@type\":\"WebPage\",\"@id\":\"https:\/\/medirelax.be\/?product=medi-classic\",\"url\":\"https:\/\/medirelax.be\/?product=medi-classic\",\"name\":\"MEDI CLASSIC UN MOTEUR - Medirelax\",\"isPartOf\":{\"@id\":\"https:\/\/medirelax.be\/#website\"},\"primaryImageOfPage\":{\"@id\":\"https:\/\/medirelax.be\/?product=medi-classic#primaryimage\"},\"image\":{\"@id\":\"https:\/\/medirelax.be\/?product=medi-classic#primaryimage\"},\"thumbnailUrl\":\"https:\/\/medirelax.be\/wp-content\/uploads\/2024\/07\/Classic-Lin-Releve.jpg\",\"datePublished\":\"2024-07-08T08:45:27+00:00\",\"dateModified\":\"2025-02-27T15:25:51+00:00\",\"description\":\"Mod\u00e8le compact avec la continuit\u00e9 d\u2019assise Rev\u00eatement Qualitex \u00ab haute r\u00e9sistance aux frottements \u00bb. Hauteur et profondeur d\u2019assisefacilitant l\u2019acc\u00e8s des personnes detaille moyenne Prot\u00e8ge accoudoirs et appui t\u00eate de s\u00e9rie\",\"breadcrumb\":{\"@id\":\"https:\/\/medirelax.be\/?product=medi-classic#breadcrumb\"},\"inLanguage\":\"fr-FR\",\"potentialAction\":[{\"@type\":\"ReadAction\",\"target\":[\"https:\/\/medirelax.be\/?product=medi-classic\"]}]},{\"@type\":\"ImageObject\",\"inLanguage\":\"fr-FR\",\"@id\":\"https:\/\/medirelax.be\/?product=medi-classic#primaryimage\",\"url\":\"https:\/\/medirelax.be\/wp-content\/uploads\/2024\/07\/Classic-Lin-Releve.jpg\",\"contentUrl\":\"https:\/\/medirelax.be\/wp-content\/uploads\/2024\/07\/Classic-Lin-Releve.jpg\",\"width\":500,\"height\":600,\"caption\":\"Classic Lin Releve\u0301\"},{\"@type\":\"BreadcrumbList\",\"@id\":\"https:\/\/medirelax.be\/?product=medi-classic#breadcrumb\",\"itemListElement\":[{\"@type\":\"ListItem\",\"position\":1,\"name\":\"Home\",\"item\":\"https:\/\/medirelax.be\/\"},{\"@type\":\"ListItem\",\"position\":2,\"name\":\"Shop\",\"item\":\"https:\/\/medirelax.be\/?page_id=10\"},{\"@type\":\"ListItem\",\"position\":3,\"name\":\"MEDI CLASSIC UN MOTEUR\"}]},{\"@type\":\"WebSite\",\"@id\":\"https:\/\/medirelax.be\/#website\",\"url\":\"https:\/\/medirelax.be\/\",\"name\":\"Medirelax\",\"description\":\"Medirelax, un monde de d\u00e9tente et de bien-\u00eatre\",\"potentialAction\":[{\"@type\":\"SearchAction\",\"target\":{\"@type\":\"EntryPoint\",\"urlTemplate\":\"https:\/\/medirelax.be\/?s={search_term_string}\"},\"query-input\":{\"@type\":\"PropertyValueSpecification\",\"valueRequired\":true,\"valueName\":\"search_term_string\"}}],\"inLanguage\":\"fr-FR\"}]}<\/script>\n<!-- \/ Yoast SEO plugin. -->","yoast_head_json":{"title":"MEDI CLASSIC UN MOTEUR - Medirelax","description":"Mod\u00e8le compact avec la continuit\u00e9 d\u2019assise Rev\u00eatement Qualitex \u00ab haute r\u00e9sistance aux frottements \u00bb. Hauteur et profondeur d\u2019assisefacilitant l\u2019acc\u00e8s des personnes detaille moyenne Prot\u00e8ge accoudoirs et appui t\u00eate de s\u00e9rie","robots":{"index":"index","follow":"follow","max-snippet":"max-snippet:-1","max-image-preview":"max-image-preview:large","max-video-preview":"max-video-preview:-1"},"canonical":"https:\/\/medirelax.be\/?product=medi-classic","og_locale":"fr_FR","og_type":"article","og_title":"MEDI CLASSIC UN MOTEUR - Medirelax","og_description":"Mod\u00e8le compact avec la continuit\u00e9 d\u2019assise Rev\u00eatement Qualitex \u00ab haute r\u00e9sistance aux frottements \u00bb. Hauteur et profondeur d\u2019assisefacilitant l\u2019acc\u00e8s des personnes detaille moyenne Prot\u00e8ge accoudoirs et appui t\u00eate de s\u00e9rie","og_url":"https:\/\/medirelax.be\/?product=medi-classic","og_site_name":"Medirelax","article_modified_time":"2025-02-27T15:25:51+00:00","og_image":[{"width":500,"height":600,"url":"https:\/\/medirelax.be\/wp-content\/uploads\/2024\/07\/Classic-Lin-Releve.jpg","type":"image\/jpeg"}],"twitter_card":"summary_large_image","twitter_misc":{"Dur\u00e9e de lecture estim\u00e9e":"2 minutes"},"schema":{"@context":"https:\/\/schema.org","@graph":[{"@type":"WebPage","@id":"https:\/\/medirelax.be\/?product=medi-classic","url":"https:\/\/medirelax.be\/?product=medi-classic","name":"MEDI CLASSIC UN MOTEUR - Medirelax","isPartOf":{"@id":"https:\/\/medirelax.be\/#website"},"primaryImageOfPage":{"@id":"https:\/\/medirelax.be\/?product=medi-classic#primaryimage"},"image":{"@id":"https:\/\/medirelax.be\/?product=medi-classic#primaryimage"},"thumbnailUrl":"https:\/\/medirelax.be\/wp-content\/uploads\/2024\/07\/Classic-Lin-Releve.jpg","datePublished":"2024-07-08T08:45:27+00:00","dateModified":"2025-02-27T15:25:51+00:00","description":"Mod\u00e8le compact avec la continuit\u00e9 d\u2019assise Rev\u00eatement Qualitex \u00ab haute r\u00e9sistance aux frottements \u00bb. Hauteur et profondeur d\u2019assisefacilitant l\u2019acc\u00e8s des personnes detaille moyenne Prot\u00e8ge accoudoirs et appui t\u00eate de s\u00e9rie","breadcrumb":{"@id":"https:\/\/medirelax.be\/?product=medi-classic#breadcrumb"},"inLanguage":"fr-FR","potentialAction":[{"@type":"ReadAction","target":["https:\/\/medirelax.be\/?product=medi-classic"]}]},{"@type":"ImageObject","inLanguage":"fr-FR","@id":"https:\/\/medirelax.be\/?product=medi-classic#primaryimage","url":"https:\/\/medirelax.be\/wp-content\/uploads\/2024\/07\/Classic-Lin-Releve.jpg","contentUrl":"https:\/\/medirelax.be\/wp-content\/uploads\/2024\/07\/Classic-Lin-Releve.jpg","width":500,"height":600,"caption":"Classic Lin Releve\u0301"},{"@type":"BreadcrumbList","@id":"https:\/\/medirelax.be\/?product=medi-classic#breadcrumb","itemListElement":[{"@type":"ListItem","position":1,"name":"Home","item":"https:\/\/medirelax.be\/"},{"@type":"ListItem","position":2,"name":"Shop","item":"https:\/\/medirelax.be\/?page_id=10"},{"@type":"ListItem","position":3,"name":"MEDI CLASSIC UN MOTEUR"}]},{"@type":"WebSite","@id":"https:\/\/medirelax.be\/#website","url":"https:\/\/medirelax.be\/","name":"Medirelax","description":"Medirelax, un monde de d\u00e9tente et de bien-\u00eatre","potentialAction":[{"@type":"SearchAction","target":{"@type":"EntryPoint","urlTemplate":"https:\/\/medirelax.be\/?s={search_term_string}"},"query-input":{"@type":"PropertyValueSpecification","valueRequired":true,"valueName":"search_term_string"}}],"inLanguage":"fr-FR"}]}},"_links":{"self":[{"href":"https:\/\/medirelax.be\/index.php?rest_route=\/wp\/v2\/product\/649","targetHints":{"allow":["GET"]}}],"collection":[{"href":"https:\/\/medirelax.be\/index.php?rest_route=\/wp\/v2\/product"}],"about":[{"href":"https:\/\/medirelax.be\/index.php?rest_route=\/wp\/v2\/types\/product"}],"version-history":[{"count":4,"href":"https:\/\/medirelax.be\/index.php?rest_route=\/wp\/v2\/product\/649\/revisions"}],"predecessor-version":[{"id":3045,"href":"https:\/\/medirelax.be\/index.php?rest_route=\/wp\/v2\/product\/649\/revisions\/3045"}],"wp:featuredmedia":[{"embeddable":true,"href":"https:\/\/medirelax.be\/index.php?rest_route=\/wp\/v2\/media\/923"}],"wp:attachment":[{"href":"https:\/\/medirelax.be\/index.php?rest_route=%2Fwp%2Fv2%2Fmedia&parent=649"}],"wp:term":[{"taxonomy":"product_brand","embeddable":true,"href":"https:\/\/medirelax.be\/index.php?rest_route=%2Fwp%2Fv2%2Fproduct_brand&post=649"},{"taxonomy":"product_cat","embeddable":true,"href":"https:\/\/medirelax.be\/index.php?rest_route=%2Fwp%2Fv2%2Fproduct_cat&post=649"},{"taxonomy":"product_tag","embeddable":true,"href":"https:\/\/medirelax.be\/index.php?rest_route=%2Fwp%2Fv2%2Fproduct_tag&post=649"}],"curies":[{"name":"wp","href":"https:\/\/api.w.org\/{rel}","templated":true}]}}