{"id":619,"date":"2024-07-05T15:23:43","date_gmt":"2024-07-05T13:23:43","guid":{"rendered":"https:\/\/medirelax.be\/?post_type=product&#038;p=619"},"modified":"2024-07-05T17:16:07","modified_gmt":"2024-07-05T15:16:07","slug":"modele-automatique","status":"publish","type":"product","link":"https:\/\/medirelax.be\/?product=modele-automatique","title":{"rendered":"Mod\u00e8le Automatique &#8211; Relax Helve-Art"},"content":{"rendered":"<h3>Fauteuil \u00e9lectrique &amp; relax automatique<\/h3>\n<p>Toutes les positions accessibles par simple pression sur le clavier de commande, le dossier restant compl\u00e8tement ind\u00e9pendant. D&rsquo;autre part, il reste le seul\u00a0fauteuil \u00e9lectrique\u00a0transportable facilement.<\/p>\n<p>Le clavier de commande :\u00a0tr\u00e8s simple \u00e0 utiliser. Un bouton pour s&rsquo;allonger, l&rsquo;autre pour se relever.<\/p>\n<p>La s\u00e9curit\u00e9 du moteur :\u00a0D&rsquo;une tr\u00e8s haute fiabilit\u00e9, le moteur est sous basse tension. Il n&rsquo;y a donc aucun danger, et la consommation \u00e9lectrique est quasi nulle.\u00a0De plus en cas de panne de courant, une batterie reli\u00e9e au fauteuil (en option) permet \u00e0 l&rsquo;utilisateur de revenir en position assise. Ce moteur peut-\u00eatre \u00e9galement plac\u00e9 sur les relaxs que vous poss\u00e9dez d\u00e9j\u00e0.<\/p>\n","protected":false},"excerpt":{"rendered":"<p>Fauteuil \u00e9lectrique &amp; relax automatique Toutes les positions accessibles par simple pression sur le clavier de commande, le dossier restant compl\u00e8tement ind\u00e9pendant. D&rsquo;autre part, il reste le seul\u00a0fauteuil \u00e9lectrique\u00a0transportable facilement. Le clavier de commande :\u00a0tr\u00e8s simple \u00e0 utiliser. Un bouton pour s&rsquo;allonger, l&rsquo;autre pour se relever. La s\u00e9curit\u00e9 du moteur :\u00a0D&rsquo;une tr\u00e8s haute fiabilit\u00e9, le [&hellip;]<\/p>\n","protected":false},"featured_media":548,"template":"","meta":[],"product_brand":[],"product_cat":[41],"product_tag":[],"class_list":{"0":"post-619","1":"product","2":"type-product","3":"status-publish","4":"has-post-thumbnail","6":"product_cat-relax","8":"first","9":"instock","10":"shipping-taxable","11":"product-type-simple"},"yoast_head":"<!-- This site is optimized with the Yoast SEO plugin v27.0 - https:\/\/yoast.com\/product\/yoast-seo-wordpress\/ -->\n<title>Mod\u00e8le Automatique - Relax Helve-Art - Medirelax<\/title>\n<meta name=\"description\" content=\"Fauteuil \u00e9lectrique &amp; relax automatique. Toutes les positions accessibles par simple pression sur le clavier de commande, le dossier restant compl\u00e8tement ind\u00e9pendant.\" \/>\n<meta name=\"robots\" content=\"index, follow, max-snippet:-1, max-image-preview:large, max-video-preview:-1\" \/>\n<link rel=\"canonical\" href=\"https:\/\/medirelax.be\/?product=modele-automatique\" \/>\n<meta property=\"og:locale\" content=\"fr_FR\" \/>\n<meta property=\"og:type\" content=\"article\" \/>\n<meta property=\"og:title\" content=\"Mod\u00e8le Automatique - Relax Helve-Art - Medirelax\" \/>\n<meta property=\"og:description\" content=\"Fauteuil \u00e9lectrique &amp; relax automatique. Toutes les positions accessibles par simple pression sur le clavier de commande, le dossier restant compl\u00e8tement ind\u00e9pendant.\" \/>\n<meta property=\"og:url\" content=\"https:\/\/medirelax.be\/?product=modele-automatique\" \/>\n<meta property=\"og:site_name\" content=\"Medirelax\" \/>\n<meta property=\"article:modified_time\" content=\"2024-07-05T15:16:07+00:00\" \/>\n<meta property=\"og:image\" content=\"https:\/\/medirelax.be\/wp-content\/uploads\/2024\/07\/modele-automatique.png\" \/>\n\t<meta property=\"og:image:width\" content=\"300\" \/>\n\t<meta property=\"og:image:height\" content=\"300\" \/>\n\t<meta property=\"og:image:type\" content=\"image\/png\" \/>\n<meta name=\"twitter:card\" content=\"summary_large_image\" \/>\n<meta name=\"twitter:label1\" content=\"Dur\u00e9e de lecture estim\u00e9e\" \/>\n\t<meta name=\"twitter:data1\" content=\"1 minute\" \/>\n<script type=\"application\/ld+json\" class=\"yoast-schema-graph\">{\"@context\":\"https:\/\/schema.org\",\"@graph\":[{\"@type\":\"WebPage\",\"@id\":\"https:\/\/medirelax.be\/?product=modele-automatique\",\"url\":\"https:\/\/medirelax.be\/?product=modele-automatique\",\"name\":\"Mod\u00e8le Automatique - Relax Helve-Art - Medirelax\",\"isPartOf\":{\"@id\":\"https:\/\/medirelax.be\/#website\"},\"primaryImageOfPage\":{\"@id\":\"https:\/\/medirelax.be\/?product=modele-automatique#primaryimage\"},\"image\":{\"@id\":\"https:\/\/medirelax.be\/?product=modele-automatique#primaryimage\"},\"thumbnailUrl\":\"https:\/\/medirelax.be\/wp-content\/uploads\/2024\/07\/modele-automatique.png\",\"datePublished\":\"2024-07-05T13:23:43+00:00\",\"dateModified\":\"2024-07-05T15:16:07+00:00\",\"description\":\"Fauteuil \u00e9lectrique & relax automatique. Toutes les positions accessibles par simple pression sur le clavier de commande, le dossier restant compl\u00e8tement ind\u00e9pendant.\",\"breadcrumb\":{\"@id\":\"https:\/\/medirelax.be\/?product=modele-automatique#breadcrumb\"},\"inLanguage\":\"fr-FR\",\"potentialAction\":[{\"@type\":\"ReadAction\",\"target\":[\"https:\/\/medirelax.be\/?product=modele-automatique\"]}]},{\"@type\":\"ImageObject\",\"inLanguage\":\"fr-FR\",\"@id\":\"https:\/\/medirelax.be\/?product=modele-automatique#primaryimage\",\"url\":\"https:\/\/medirelax.be\/wp-content\/uploads\/2024\/07\/modele-automatique.png\",\"contentUrl\":\"https:\/\/medirelax.be\/wp-content\/uploads\/2024\/07\/modele-automatique.png\",\"width\":300,\"height\":300,\"caption\":\"modele-automatique\"},{\"@type\":\"BreadcrumbList\",\"@id\":\"https:\/\/medirelax.be\/?product=modele-automatique#breadcrumb\",\"itemListElement\":[{\"@type\":\"ListItem\",\"position\":1,\"name\":\"Home\",\"item\":\"https:\/\/medirelax.be\/\"},{\"@type\":\"ListItem\",\"position\":2,\"name\":\"Shop\",\"item\":\"https:\/\/medirelax.be\/?page_id=10\"},{\"@type\":\"ListItem\",\"position\":3,\"name\":\"Mod\u00e8le Automatique &#8211; Relax Helve-Art\"}]},{\"@type\":\"WebSite\",\"@id\":\"https:\/\/medirelax.be\/#website\",\"url\":\"https:\/\/medirelax.be\/\",\"name\":\"Medirelax\",\"description\":\"Medirelax, un monde de d\u00e9tente et de bien-\u00eatre\",\"potentialAction\":[{\"@type\":\"SearchAction\",\"target\":{\"@type\":\"EntryPoint\",\"urlTemplate\":\"https:\/\/medirelax.be\/?s={search_term_string}\"},\"query-input\":{\"@type\":\"PropertyValueSpecification\",\"valueRequired\":true,\"valueName\":\"search_term_string\"}}],\"inLanguage\":\"fr-FR\"}]}<\/script>\n<!-- \/ Yoast SEO plugin. -->","yoast_head_json":{"title":"Mod\u00e8le Automatique - Relax Helve-Art - Medirelax","description":"Fauteuil \u00e9lectrique & relax automatique. Toutes les positions accessibles par simple pression sur le clavier de commande, le dossier restant compl\u00e8tement ind\u00e9pendant.","robots":{"index":"index","follow":"follow","max-snippet":"max-snippet:-1","max-image-preview":"max-image-preview:large","max-video-preview":"max-video-preview:-1"},"canonical":"https:\/\/medirelax.be\/?product=modele-automatique","og_locale":"fr_FR","og_type":"article","og_title":"Mod\u00e8le Automatique - Relax Helve-Art - Medirelax","og_description":"Fauteuil \u00e9lectrique & relax automatique. Toutes les positions accessibles par simple pression sur le clavier de commande, le dossier restant compl\u00e8tement ind\u00e9pendant.","og_url":"https:\/\/medirelax.be\/?product=modele-automatique","og_site_name":"Medirelax","article_modified_time":"2024-07-05T15:16:07+00:00","og_image":[{"width":300,"height":300,"url":"https:\/\/medirelax.be\/wp-content\/uploads\/2024\/07\/modele-automatique.png","type":"image\/png"}],"twitter_card":"summary_large_image","twitter_misc":{"Dur\u00e9e de lecture estim\u00e9e":"1 minute"},"schema":{"@context":"https:\/\/schema.org","@graph":[{"@type":"WebPage","@id":"https:\/\/medirelax.be\/?product=modele-automatique","url":"https:\/\/medirelax.be\/?product=modele-automatique","name":"Mod\u00e8le Automatique - Relax Helve-Art - Medirelax","isPartOf":{"@id":"https:\/\/medirelax.be\/#website"},"primaryImageOfPage":{"@id":"https:\/\/medirelax.be\/?product=modele-automatique#primaryimage"},"image":{"@id":"https:\/\/medirelax.be\/?product=modele-automatique#primaryimage"},"thumbnailUrl":"https:\/\/medirelax.be\/wp-content\/uploads\/2024\/07\/modele-automatique.png","datePublished":"2024-07-05T13:23:43+00:00","dateModified":"2024-07-05T15:16:07+00:00","description":"Fauteuil \u00e9lectrique & relax automatique. Toutes les positions accessibles par simple pression sur le clavier de commande, le dossier restant compl\u00e8tement ind\u00e9pendant.","breadcrumb":{"@id":"https:\/\/medirelax.be\/?product=modele-automatique#breadcrumb"},"inLanguage":"fr-FR","potentialAction":[{"@type":"ReadAction","target":["https:\/\/medirelax.be\/?product=modele-automatique"]}]},{"@type":"ImageObject","inLanguage":"fr-FR","@id":"https:\/\/medirelax.be\/?product=modele-automatique#primaryimage","url":"https:\/\/medirelax.be\/wp-content\/uploads\/2024\/07\/modele-automatique.png","contentUrl":"https:\/\/medirelax.be\/wp-content\/uploads\/2024\/07\/modele-automatique.png","width":300,"height":300,"caption":"modele-automatique"},{"@type":"BreadcrumbList","@id":"https:\/\/medirelax.be\/?product=modele-automatique#breadcrumb","itemListElement":[{"@type":"ListItem","position":1,"name":"Home","item":"https:\/\/medirelax.be\/"},{"@type":"ListItem","position":2,"name":"Shop","item":"https:\/\/medirelax.be\/?page_id=10"},{"@type":"ListItem","position":3,"name":"Mod\u00e8le Automatique &#8211; Relax Helve-Art"}]},{"@type":"WebSite","@id":"https:\/\/medirelax.be\/#website","url":"https:\/\/medirelax.be\/","name":"Medirelax","description":"Medirelax, un monde de d\u00e9tente et de bien-\u00eatre","potentialAction":[{"@type":"SearchAction","target":{"@type":"EntryPoint","urlTemplate":"https:\/\/medirelax.be\/?s={search_term_string}"},"query-input":{"@type":"PropertyValueSpecification","valueRequired":true,"valueName":"search_term_string"}}],"inLanguage":"fr-FR"}]}},"_links":{"self":[{"href":"https:\/\/medirelax.be\/index.php?rest_route=\/wp\/v2\/product\/619","targetHints":{"allow":["GET"]}}],"collection":[{"href":"https:\/\/medirelax.be\/index.php?rest_route=\/wp\/v2\/product"}],"about":[{"href":"https:\/\/medirelax.be\/index.php?rest_route=\/wp\/v2\/types\/product"}],"version-history":[{"count":0,"href":"https:\/\/medirelax.be\/index.php?rest_route=\/wp\/v2\/product\/619\/revisions"}],"wp:featuredmedia":[{"embeddable":true,"href":"https:\/\/medirelax.be\/index.php?rest_route=\/wp\/v2\/media\/548"}],"wp:attachment":[{"href":"https:\/\/medirelax.be\/index.php?rest_route=%2Fwp%2Fv2%2Fmedia&parent=619"}],"wp:term":[{"taxonomy":"product_brand","embeddable":true,"href":"https:\/\/medirelax.be\/index.php?rest_route=%2Fwp%2Fv2%2Fproduct_brand&post=619"},{"taxonomy":"product_cat","embeddable":true,"href":"https:\/\/medirelax.be\/index.php?rest_route=%2Fwp%2Fv2%2Fproduct_cat&post=619"},{"taxonomy":"product_tag","embeddable":true,"href":"https:\/\/medirelax.be\/index.php?rest_route=%2Fwp%2Fv2%2Fproduct_tag&post=619"}],"curies":[{"name":"wp","href":"https:\/\/api.w.org\/{rel}","templated":true}]}}