{"id":2878,"date":"2025-02-26T13:57:05","date_gmt":"2025-02-26T12:57:05","guid":{"rendered":"https:\/\/medirelax.be\/?post_type=product&#038;p=2878"},"modified":"2025-02-26T13:57:53","modified_gmt":"2025-02-26T12:57:53","slug":"newport-bi-moteurs","status":"publish","type":"product","link":"https:\/\/medirelax.be\/?product=newport-bi-moteurs","title":{"rendered":"NEWPORT BI MOTEURS"},"content":{"rendered":"\t\t<div data-elementor-type=\"product-post\" data-elementor-id=\"2878\" class=\"elementor elementor-2878\" data-elementor-post-type=\"product\">\n\t\t\t\t<div class=\"elementor-element elementor-element-42486c31 e-flex e-con-boxed e-con e-parent\" data-id=\"42486c31\" data-element_type=\"container\" data-e-type=\"container\">\n\t\t\t\t\t<div class=\"e-con-inner\">\n\t\t\t\t<div class=\"elementor-element elementor-element-3810690 elementor-widget elementor-widget-text-editor\" data-id=\"3810690\" data-element_type=\"widget\" data-e-type=\"widget\" data-widget_type=\"text-editor.default\">\n\t\t\t\t<div class=\"elementor-widget-container\">\n\t\t\t\t\t\t\t\t\tNewport comprenant un ou deux moteurs\r\n\r\nLe bon rapport qualit\u00e9 prix\r\n\r\nPOINTS FORTS \u2022 Un tr\u00e8s grand confort d\u2019assise gr\u00e2ce \u00e0 l\u2019association de ressorts \u00ab ensach\u00e9s \u00bb pos\u00e9s sur des ressorts anti-affaissement recouverts par une \u00e9paisseur de mousse. \u2022 Son dossier garni de fibres vous garantira un \u00ab accueil \u00bb confortable. \u2022 Existe en version dos au mur (1 moteur), adapt\u00e9 pour les pi\u00e8ces plus petites (\u00e9cartement du mur limit\u00e9 \u00e0 10 cm)\r\n\r\nVERSION 1 MOTEUR AVEC M\u00c9CANISME \u00ab VARIODIFF \u00bb LA POSITION TV SUR VOTRE FAUTEUIL MONO MOTEUR ! fonctionne en temps \u00ab d\u00e9cal\u00e9 \u00bb. Dans un premier temps, le repose pieds se rel\u00e8ve puis ensuite le dossier s\u2019incline. Il vous permet d\u2019avoir une position TV (repose pieds relev\u00e9, dossier l\u00e9g\u00e8rement inclin\u00e9).\t\t\t\t\t\t\t\t<\/div>\n\t\t\t\t<\/div>\n\t\t\t\t\t<\/div>\n\t\t\t\t<\/div>\n\t\t<div class=\"elementor-element elementor-element-c96e6eb e-flex e-con-boxed e-con e-parent\" data-id=\"c96e6eb\" data-element_type=\"container\" data-e-type=\"container\">\n\t\t\t\t\t<div class=\"e-con-inner\">\n\t\t<div class=\"elementor-element elementor-element-3487c7c e-con-full e-flex e-con e-child\" data-id=\"3487c7c\" data-element_type=\"container\" data-e-type=\"container\">\n\t\t\t\t<div class=\"elementor-element elementor-element-b3c688d elementor-widget elementor-widget-image\" data-id=\"b3c688d\" data-element_type=\"widget\" data-e-type=\"widget\" data-widget_type=\"image.default\">\n\t\t\t\t<div class=\"elementor-widget-container\">\n\t\t\t\t\t\t\t\t\t\t\t\t\t\t\t<img fetchpriority=\"high\" decoding=\"async\" width=\"700\" height=\"500\" src=\"https:\/\/medirelax.be\/wp-content\/uploads\/2024\/07\/revetement-4.jpg\" class=\"attachment-large size-large wp-image-1986\" alt=\"revetement\" srcset=\"https:\/\/medirelax.be\/wp-content\/uploads\/2024\/07\/revetement-4.jpg 700w, https:\/\/medirelax.be\/wp-content\/uploads\/2024\/07\/revetement-4-300x214.jpg 300w, https:\/\/medirelax.be\/wp-content\/uploads\/2024\/07\/revetement-4-600x429.jpg 600w\" sizes=\"(max-width: 700px) 100vw, 700px\" \/>\t\t\t\t\t\t\t\t\t\t\t\t\t\t\t<\/div>\n\t\t\t\t<\/div>\n\t\t\t\t<\/div>\n\t\t<div class=\"elementor-element elementor-element-36d7c2c e-con-full e-flex e-con e-child\" data-id=\"36d7c2c\" data-element_type=\"container\" data-e-type=\"container\">\n\t\t\t\t<div class=\"elementor-element elementor-element-4474034 elementor-widget elementor-widget-image\" data-id=\"4474034\" data-element_type=\"widget\" data-e-type=\"widget\" data-widget_type=\"image.default\">\n\t\t\t\t<div class=\"elementor-widget-container\">\n\t\t\t\t\t\t\t\t\t\t\t\t\t\t\t<img decoding=\"async\" width=\"700\" height=\"500\" src=\"https:\/\/medirelax.be\/wp-content\/uploads\/2024\/07\/Dimensions-9.jpg\" class=\"attachment-large size-large wp-image-1985\" alt=\"Dimensions\" srcset=\"https:\/\/medirelax.be\/wp-content\/uploads\/2024\/07\/Dimensions-9.jpg 700w, https:\/\/medirelax.be\/wp-content\/uploads\/2024\/07\/Dimensions-9-300x214.jpg 300w, https:\/\/medirelax.be\/wp-content\/uploads\/2024\/07\/Dimensions-9-600x429.jpg 600w\" sizes=\"(max-width: 700px) 100vw, 700px\" \/>\t\t\t\t\t\t\t\t\t\t\t\t\t\t\t<\/div>\n\t\t\t\t<\/div>\n\t\t\t\t<\/div>\n\t\t\t\t\t<\/div>\n\t\t\t\t<\/div>\n\t\t<div class=\"elementor-element elementor-element-31c6ddf e-flex e-con-boxed e-con e-parent\" data-id=\"31c6ddf\" data-element_type=\"container\" data-e-type=\"container\">\n\t\t\t\t\t<div class=\"e-con-inner\">\n\t\t<div class=\"elementor-element elementor-element-7991fa4 e-con-full e-flex e-con e-child\" data-id=\"7991fa4\" data-element_type=\"container\" data-e-type=\"container\">\n\t\t\t\t<div class=\"elementor-element elementor-element-01ffde9 elementor-widget elementor-widget-image\" data-id=\"01ffde9\" data-element_type=\"widget\" data-e-type=\"widget\" data-widget_type=\"image.default\">\n\t\t\t\t<div class=\"elementor-widget-container\">\n\t\t\t\t\t\t\t\t\t\t\t\t\t\t\t<img decoding=\"async\" width=\"700\" height=\"500\" src=\"https:\/\/medirelax.be\/wp-content\/uploads\/2024\/07\/Positions-9.jpg\" class=\"attachment-large size-large wp-image-1988\" alt=\"Positions\" srcset=\"https:\/\/medirelax.be\/wp-content\/uploads\/2024\/07\/Positions-9.jpg 700w, https:\/\/medirelax.be\/wp-content\/uploads\/2024\/07\/Positions-9-300x214.jpg 300w, https:\/\/medirelax.be\/wp-content\/uploads\/2024\/07\/Positions-9-600x429.jpg 600w\" sizes=\"(max-width: 700px) 100vw, 700px\" \/>\t\t\t\t\t\t\t\t\t\t\t\t\t\t\t<\/div>\n\t\t\t\t<\/div>\n\t\t\t\t<\/div>\n\t\t<div class=\"elementor-element elementor-element-d57eff5 e-con-full e-flex e-con e-child\" data-id=\"d57eff5\" data-element_type=\"container\" data-e-type=\"container\">\n\t\t\t\t<div class=\"elementor-element elementor-element-3e3d81d elementor-widget elementor-widget-image\" data-id=\"3e3d81d\" data-element_type=\"widget\" data-e-type=\"widget\" data-widget_type=\"image.default\">\n\t\t\t\t<div class=\"elementor-widget-container\">\n\t\t\t\t\t\t\t\t\t\t\t\t\t\t\t<img loading=\"lazy\" decoding=\"async\" width=\"700\" height=\"500\" src=\"https:\/\/medirelax.be\/wp-content\/uploads\/2024\/07\/Mur.jpg\" class=\"attachment-large size-large wp-image-1987\" alt=\"Mur\" srcset=\"https:\/\/medirelax.be\/wp-content\/uploads\/2024\/07\/Mur.jpg 700w, https:\/\/medirelax.be\/wp-content\/uploads\/2024\/07\/Mur-300x214.jpg 300w, https:\/\/medirelax.be\/wp-content\/uploads\/2024\/07\/Mur-600x429.jpg 600w\" sizes=\"(max-width: 700px) 100vw, 700px\" \/>\t\t\t\t\t\t\t\t\t\t\t\t\t\t\t<\/div>\n\t\t\t\t<\/div>\n\t\t\t\t<\/div>\n\t\t\t\t\t<\/div>\n\t\t\t\t<\/div>\n\t\t\t\t<\/div>\n\t\t","protected":false},"excerpt":{"rendered":"<p>Newport comprenant deux moteurs<\/p>\n<p>Le bon rapport qualit\u00e9 prix<\/p>\n<p>POINTS FORTS \u2022 Un tr\u00e8s grand confort d\u2019assise gr\u00e2ce \u00e0 l\u2019association de ressorts \u00ab ensach\u00e9s \u00bb pos\u00e9s sur des ressorts anti-affaissement recouverts par une \u00e9paisseur de mousse. \u2022 Son dossier garni de fibres vous garantira un \u00ab accueil \u00bb confortable. \u2022 Existe en version dos au mur (1 moteur), adapt\u00e9 pour les pi\u00e8ces plus petites (\u00e9cartement du mur limit\u00e9 \u00e0 10 cm)<\/p>\n<p>&nbsp;<\/p>\n","protected":false},"featured_media":1305,"template":"","meta":[],"product_brand":[],"product_cat":[28,102],"product_tag":[],"class_list":{"0":"post-2878","1":"product","2":"type-product","3":"status-publish","4":"has-post-thumbnail","6":"product_cat-fauteuil-releveur","7":"product_cat-les-classiques","9":"first","10":"instock","11":"shipping-taxable","12":"purchasable","13":"product-type-simple"},"yoast_head":"<!-- This site is optimized with the Yoast SEO plugin v27.0 - https:\/\/yoast.com\/product\/yoast-seo-wordpress\/ -->\n<title>NEWPORT BI MOTEURS - Medirelax<\/title>\n<meta name=\"description\" content=\"Rev\u00eatement Nouvelle g\u00e9n\u00e9ration EasyClean, d\u00e9perlant (\u00ab traitement T\u00e9flon \u00bb) pour \u00e9viter la p\u00e9n\u00e9tration imm\u00e9diate des liquides\" \/>\n<meta name=\"robots\" content=\"index, follow, max-snippet:-1, max-image-preview:large, max-video-preview:-1\" \/>\n<link rel=\"canonical\" href=\"https:\/\/medirelax.be\/?product=newport-bi-moteurs\" \/>\n<meta property=\"og:locale\" content=\"fr_FR\" \/>\n<meta property=\"og:type\" content=\"article\" \/>\n<meta property=\"og:title\" content=\"NEWPORT BI MOTEURS - Medirelax\" \/>\n<meta property=\"og:description\" content=\"Rev\u00eatement Nouvelle g\u00e9n\u00e9ration EasyClean, d\u00e9perlant (\u00ab traitement T\u00e9flon \u00bb) pour \u00e9viter la p\u00e9n\u00e9tration imm\u00e9diate des liquides\" \/>\n<meta property=\"og:url\" content=\"https:\/\/medirelax.be\/?product=newport-bi-moteurs\" \/>\n<meta property=\"og:site_name\" content=\"Medirelax\" \/>\n<meta property=\"article:modified_time\" content=\"2025-02-26T12:57:53+00:00\" \/>\n<meta property=\"og:image\" content=\"https:\/\/medirelax.be\/wp-content\/uploads\/2024\/07\/Newport.jpg\" \/>\n\t<meta property=\"og:image:width\" content=\"500\" \/>\n\t<meta property=\"og:image:height\" content=\"600\" \/>\n\t<meta property=\"og:image:type\" content=\"image\/jpeg\" \/>\n<meta name=\"twitter:card\" content=\"summary_large_image\" \/>\n<meta name=\"twitter:label1\" content=\"Dur\u00e9e de lecture estim\u00e9e\" \/>\n\t<meta name=\"twitter:data1\" content=\"2 minutes\" \/>\n<script type=\"application\/ld+json\" class=\"yoast-schema-graph\">{\"@context\":\"https:\/\/schema.org\",\"@graph\":[{\"@type\":\"WebPage\",\"@id\":\"https:\/\/medirelax.be\/?product=newport-bi-moteurs\",\"url\":\"https:\/\/medirelax.be\/?product=newport-bi-moteurs\",\"name\":\"NEWPORT BI MOTEURS - Medirelax\",\"isPartOf\":{\"@id\":\"https:\/\/medirelax.be\/#website\"},\"primaryImageOfPage\":{\"@id\":\"https:\/\/medirelax.be\/?product=newport-bi-moteurs#primaryimage\"},\"image\":{\"@id\":\"https:\/\/medirelax.be\/?product=newport-bi-moteurs#primaryimage\"},\"thumbnailUrl\":\"https:\/\/medirelax.be\/wp-content\/uploads\/2024\/07\/Newport.jpg\",\"datePublished\":\"2025-02-26T12:57:05+00:00\",\"dateModified\":\"2025-02-26T12:57:53+00:00\",\"description\":\"Rev\u00eatement Nouvelle g\u00e9n\u00e9ration EasyClean, d\u00e9perlant (\u00ab traitement T\u00e9flon \u00bb) pour \u00e9viter la p\u00e9n\u00e9tration imm\u00e9diate des liquides\",\"breadcrumb\":{\"@id\":\"https:\/\/medirelax.be\/?product=newport-bi-moteurs#breadcrumb\"},\"inLanguage\":\"fr-FR\",\"potentialAction\":[{\"@type\":\"ReadAction\",\"target\":[\"https:\/\/medirelax.be\/?product=newport-bi-moteurs\"]}]},{\"@type\":\"ImageObject\",\"inLanguage\":\"fr-FR\",\"@id\":\"https:\/\/medirelax.be\/?product=newport-bi-moteurs#primaryimage\",\"url\":\"https:\/\/medirelax.be\/wp-content\/uploads\/2024\/07\/Newport.jpg\",\"contentUrl\":\"https:\/\/medirelax.be\/wp-content\/uploads\/2024\/07\/Newport.jpg\",\"width\":500,\"height\":600,\"caption\":\"Newport\"},{\"@type\":\"BreadcrumbList\",\"@id\":\"https:\/\/medirelax.be\/?product=newport-bi-moteurs#breadcrumb\",\"itemListElement\":[{\"@type\":\"ListItem\",\"position\":1,\"name\":\"Home\",\"item\":\"https:\/\/medirelax.be\/\"},{\"@type\":\"ListItem\",\"position\":2,\"name\":\"Shop\",\"item\":\"https:\/\/medirelax.be\/?page_id=10\"},{\"@type\":\"ListItem\",\"position\":3,\"name\":\"NEWPORT BI MOTEURS\"}]},{\"@type\":\"WebSite\",\"@id\":\"https:\/\/medirelax.be\/#website\",\"url\":\"https:\/\/medirelax.be\/\",\"name\":\"Medirelax\",\"description\":\"Medirelax, un monde de d\u00e9tente et de bien-\u00eatre\",\"potentialAction\":[{\"@type\":\"SearchAction\",\"target\":{\"@type\":\"EntryPoint\",\"urlTemplate\":\"https:\/\/medirelax.be\/?s={search_term_string}\"},\"query-input\":{\"@type\":\"PropertyValueSpecification\",\"valueRequired\":true,\"valueName\":\"search_term_string\"}}],\"inLanguage\":\"fr-FR\"}]}<\/script>\n<!-- \/ Yoast SEO plugin. -->","yoast_head_json":{"title":"NEWPORT BI MOTEURS - Medirelax","description":"Rev\u00eatement Nouvelle g\u00e9n\u00e9ration EasyClean, d\u00e9perlant (\u00ab traitement T\u00e9flon \u00bb) pour \u00e9viter la p\u00e9n\u00e9tration imm\u00e9diate des liquides","robots":{"index":"index","follow":"follow","max-snippet":"max-snippet:-1","max-image-preview":"max-image-preview:large","max-video-preview":"max-video-preview:-1"},"canonical":"https:\/\/medirelax.be\/?product=newport-bi-moteurs","og_locale":"fr_FR","og_type":"article","og_title":"NEWPORT BI MOTEURS - Medirelax","og_description":"Rev\u00eatement Nouvelle g\u00e9n\u00e9ration EasyClean, d\u00e9perlant (\u00ab traitement T\u00e9flon \u00bb) pour \u00e9viter la p\u00e9n\u00e9tration imm\u00e9diate des liquides","og_url":"https:\/\/medirelax.be\/?product=newport-bi-moteurs","og_site_name":"Medirelax","article_modified_time":"2025-02-26T12:57:53+00:00","og_image":[{"width":500,"height":600,"url":"https:\/\/medirelax.be\/wp-content\/uploads\/2024\/07\/Newport.jpg","type":"image\/jpeg"}],"twitter_card":"summary_large_image","twitter_misc":{"Dur\u00e9e de lecture estim\u00e9e":"2 minutes"},"schema":{"@context":"https:\/\/schema.org","@graph":[{"@type":"WebPage","@id":"https:\/\/medirelax.be\/?product=newport-bi-moteurs","url":"https:\/\/medirelax.be\/?product=newport-bi-moteurs","name":"NEWPORT BI MOTEURS - Medirelax","isPartOf":{"@id":"https:\/\/medirelax.be\/#website"},"primaryImageOfPage":{"@id":"https:\/\/medirelax.be\/?product=newport-bi-moteurs#primaryimage"},"image":{"@id":"https:\/\/medirelax.be\/?product=newport-bi-moteurs#primaryimage"},"thumbnailUrl":"https:\/\/medirelax.be\/wp-content\/uploads\/2024\/07\/Newport.jpg","datePublished":"2025-02-26T12:57:05+00:00","dateModified":"2025-02-26T12:57:53+00:00","description":"Rev\u00eatement Nouvelle g\u00e9n\u00e9ration EasyClean, d\u00e9perlant (\u00ab traitement T\u00e9flon \u00bb) pour \u00e9viter la p\u00e9n\u00e9tration imm\u00e9diate des liquides","breadcrumb":{"@id":"https:\/\/medirelax.be\/?product=newport-bi-moteurs#breadcrumb"},"inLanguage":"fr-FR","potentialAction":[{"@type":"ReadAction","target":["https:\/\/medirelax.be\/?product=newport-bi-moteurs"]}]},{"@type":"ImageObject","inLanguage":"fr-FR","@id":"https:\/\/medirelax.be\/?product=newport-bi-moteurs#primaryimage","url":"https:\/\/medirelax.be\/wp-content\/uploads\/2024\/07\/Newport.jpg","contentUrl":"https:\/\/medirelax.be\/wp-content\/uploads\/2024\/07\/Newport.jpg","width":500,"height":600,"caption":"Newport"},{"@type":"BreadcrumbList","@id":"https:\/\/medirelax.be\/?product=newport-bi-moteurs#breadcrumb","itemListElement":[{"@type":"ListItem","position":1,"name":"Home","item":"https:\/\/medirelax.be\/"},{"@type":"ListItem","position":2,"name":"Shop","item":"https:\/\/medirelax.be\/?page_id=10"},{"@type":"ListItem","position":3,"name":"NEWPORT BI MOTEURS"}]},{"@type":"WebSite","@id":"https:\/\/medirelax.be\/#website","url":"https:\/\/medirelax.be\/","name":"Medirelax","description":"Medirelax, un monde de d\u00e9tente et de bien-\u00eatre","potentialAction":[{"@type":"SearchAction","target":{"@type":"EntryPoint","urlTemplate":"https:\/\/medirelax.be\/?s={search_term_string}"},"query-input":{"@type":"PropertyValueSpecification","valueRequired":true,"valueName":"search_term_string"}}],"inLanguage":"fr-FR"}]}},"_links":{"self":[{"href":"https:\/\/medirelax.be\/index.php?rest_route=\/wp\/v2\/product\/2878","targetHints":{"allow":["GET"]}}],"collection":[{"href":"https:\/\/medirelax.be\/index.php?rest_route=\/wp\/v2\/product"}],"about":[{"href":"https:\/\/medirelax.be\/index.php?rest_route=\/wp\/v2\/types\/product"}],"version-history":[{"count":2,"href":"https:\/\/medirelax.be\/index.php?rest_route=\/wp\/v2\/product\/2878\/revisions"}],"predecessor-version":[{"id":2880,"href":"https:\/\/medirelax.be\/index.php?rest_route=\/wp\/v2\/product\/2878\/revisions\/2880"}],"wp:featuredmedia":[{"embeddable":true,"href":"https:\/\/medirelax.be\/index.php?rest_route=\/wp\/v2\/media\/1305"}],"wp:attachment":[{"href":"https:\/\/medirelax.be\/index.php?rest_route=%2Fwp%2Fv2%2Fmedia&parent=2878"}],"wp:term":[{"taxonomy":"product_brand","embeddable":true,"href":"https:\/\/medirelax.be\/index.php?rest_route=%2Fwp%2Fv2%2Fproduct_brand&post=2878"},{"taxonomy":"product_cat","embeddable":true,"href":"https:\/\/medirelax.be\/index.php?rest_route=%2Fwp%2Fv2%2Fproduct_cat&post=2878"},{"taxonomy":"product_tag","embeddable":true,"href":"https:\/\/medirelax.be\/index.php?rest_route=%2Fwp%2Fv2%2Fproduct_tag&post=2878"}],"curies":[{"name":"wp","href":"https:\/\/api.w.org\/{rel}","templated":true}]}}