{"id":2869,"date":"2025-02-26T13:50:57","date_gmt":"2025-02-26T12:50:57","guid":{"rendered":"https:\/\/medirelax.be\/?post_type=product&#038;p=2869"},"modified":"2025-02-26T13:50:57","modified_gmt":"2025-02-26T12:50:57","slug":"ockland-bi-moteurs","status":"publish","type":"product","link":"https:\/\/medirelax.be\/?product=ockland-bi-moteurs","title":{"rendered":"OCKLAND BI MOTEURS"},"content":{"rendered":"\t\t<div data-elementor-type=\"product-post\" data-elementor-id=\"2869\" class=\"elementor elementor-2869\" data-elementor-post-type=\"product\">\n\t\t\t\t<div class=\"elementor-element elementor-element-19f77fa e-flex e-con-boxed e-con e-parent\" data-id=\"19f77fa\" data-element_type=\"container\" data-e-type=\"container\">\n\t\t\t\t\t<div class=\"e-con-inner\">\n\t\t\t\t<div class=\"elementor-element elementor-element-74e9a4fe elementor-widget elementor-widget-text-editor\" data-id=\"74e9a4fe\" data-element_type=\"widget\" data-e-type=\"widget\" data-widget_type=\"text-editor.default\">\n\t\t\t\t<div class=\"elementor-widget-container\">\n\t\t\t\t\t\t\t\t\tReleveur 1 ou 2 moteurs MALIN, IL EST DE CONCEPTION PRATIQUE ET SUPER CONFORTABLE POINTS FORTS Ing\u00e9nieux \u2022 R\u00e9glage de la profondeur d\u2019assise 44 cm ou 53 cm. Le dossier peut se fixer plus vers l\u2019avant ou l\u2019arri\u00e8re de l\u2019assise. Pratique \u2022 Accoudoirs avec ouverture lat\u00e9rale et amovibles pour faciliter les d\u00e9gagements ou transferts. \u2022 Enti\u00e8rement d\u00e9houssable : \u00ab modules de couettes \u00bb de l\u2019assise, du dossier mais aussi des accoudoirs sont amovibles (rev\u00eatement EasyClean pour la facilit\u00e9 d\u2019entretien) et rempla\u00e7ables si n\u00e9cessaire. Qualit\u00e9 \u2022 Rev\u00eatement technique \u2022 Supporte jusqu\u2019\u00e0 150Kg Confortable\t\t\t\t\t\t\t\t<\/div>\n\t\t\t\t<\/div>\n\t\t\t\t\t<\/div>\n\t\t\t\t<\/div>\n\t\t<div class=\"elementor-element elementor-element-1da1b53 e-flex e-con-boxed e-con e-parent\" data-id=\"1da1b53\" data-element_type=\"container\" data-e-type=\"container\">\n\t\t\t\t\t<div class=\"e-con-inner\">\n\t\t<div class=\"elementor-element elementor-element-0438368 e-con-full e-flex e-con e-child\" data-id=\"0438368\" data-element_type=\"container\" data-e-type=\"container\">\n\t\t\t\t<div class=\"elementor-element elementor-element-b1eb24e elementor-widget elementor-widget-image\" data-id=\"b1eb24e\" data-element_type=\"widget\" data-e-type=\"widget\" data-widget_type=\"image.default\">\n\t\t\t\t<div class=\"elementor-widget-container\">\n\t\t\t\t\t\t\t\t\t\t\t\t\t\t\t<img fetchpriority=\"high\" decoding=\"async\" width=\"700\" height=\"500\" src=\"https:\/\/medirelax.be\/wp-content\/uploads\/2024\/07\/details-1.jpg\" class=\"attachment-large size-large wp-image-2021\" alt=\"de\u0301tails\" srcset=\"https:\/\/medirelax.be\/wp-content\/uploads\/2024\/07\/details-1.jpg 700w, https:\/\/medirelax.be\/wp-content\/uploads\/2024\/07\/details-1-300x214.jpg 300w, https:\/\/medirelax.be\/wp-content\/uploads\/2024\/07\/details-1-600x429.jpg 600w\" sizes=\"(max-width: 700px) 100vw, 700px\" \/>\t\t\t\t\t\t\t\t\t\t\t\t\t\t\t<\/div>\n\t\t\t\t<\/div>\n\t\t\t\t<\/div>\n\t\t<div class=\"elementor-element elementor-element-4604a00 e-con-full e-flex e-con e-child\" data-id=\"4604a00\" data-element_type=\"container\" data-e-type=\"container\">\n\t\t\t\t<div class=\"elementor-element elementor-element-153955c elementor-widget elementor-widget-image\" data-id=\"153955c\" data-element_type=\"widget\" data-e-type=\"widget\" data-widget_type=\"image.default\">\n\t\t\t\t<div class=\"elementor-widget-container\">\n\t\t\t\t\t\t\t\t\t\t\t\t\t\t\t<img decoding=\"async\" width=\"700\" height=\"500\" src=\"https:\/\/medirelax.be\/wp-content\/uploads\/2024\/07\/fauteuils-4.jpg\" class=\"attachment-large size-large wp-image-2020\" alt=\"fauteuils\" srcset=\"https:\/\/medirelax.be\/wp-content\/uploads\/2024\/07\/fauteuils-4.jpg 700w, https:\/\/medirelax.be\/wp-content\/uploads\/2024\/07\/fauteuils-4-300x214.jpg 300w, https:\/\/medirelax.be\/wp-content\/uploads\/2024\/07\/fauteuils-4-600x429.jpg 600w\" sizes=\"(max-width: 700px) 100vw, 700px\" \/>\t\t\t\t\t\t\t\t\t\t\t\t\t\t\t<\/div>\n\t\t\t\t<\/div>\n\t\t\t\t<\/div>\n\t\t\t\t\t<\/div>\n\t\t\t\t<\/div>\n\t\t<div class=\"elementor-element elementor-element-ec737c1 e-flex e-con-boxed e-con e-parent\" data-id=\"ec737c1\" data-element_type=\"container\" data-e-type=\"container\">\n\t\t\t\t\t<div class=\"e-con-inner\">\n\t\t<div class=\"elementor-element elementor-element-ca157c3 e-con-full e-flex e-con e-child\" data-id=\"ca157c3\" data-element_type=\"container\" data-e-type=\"container\">\n\t\t\t\t<div class=\"elementor-element elementor-element-ebfb173 elementor-widget elementor-widget-image\" data-id=\"ebfb173\" data-element_type=\"widget\" data-e-type=\"widget\" data-widget_type=\"image.default\">\n\t\t\t\t<div class=\"elementor-widget-container\">\n\t\t\t\t\t\t\t\t\t\t\t\t\t\t\t<img decoding=\"async\" width=\"700\" height=\"500\" src=\"https:\/\/medirelax.be\/wp-content\/uploads\/2024\/07\/revetements-1.jpg\" class=\"attachment-large size-large wp-image-2019\" alt=\"revetements\" srcset=\"https:\/\/medirelax.be\/wp-content\/uploads\/2024\/07\/revetements-1.jpg 700w, https:\/\/medirelax.be\/wp-content\/uploads\/2024\/07\/revetements-1-300x214.jpg 300w, https:\/\/medirelax.be\/wp-content\/uploads\/2024\/07\/revetements-1-600x429.jpg 600w\" sizes=\"(max-width: 700px) 100vw, 700px\" \/>\t\t\t\t\t\t\t\t\t\t\t\t\t\t\t<\/div>\n\t\t\t\t<\/div>\n\t\t\t\t<\/div>\n\t\t<div class=\"elementor-element elementor-element-1c4315e e-con-full e-flex e-con e-child\" data-id=\"1c4315e\" data-element_type=\"container\" data-e-type=\"container\">\n\t\t\t\t<div class=\"elementor-element elementor-element-1b1b48b elementor-widget elementor-widget-image\" data-id=\"1b1b48b\" data-element_type=\"widget\" data-e-type=\"widget\" data-widget_type=\"image.default\">\n\t\t\t\t<div class=\"elementor-widget-container\">\n\t\t\t\t\t\t\t\t\t\t\t\t\t\t\t<img loading=\"lazy\" decoding=\"async\" width=\"700\" height=\"500\" src=\"https:\/\/medirelax.be\/wp-content\/uploads\/2024\/07\/dimensions-11.jpg\" class=\"attachment-large size-large wp-image-2018\" alt=\"dimensions\" srcset=\"https:\/\/medirelax.be\/wp-content\/uploads\/2024\/07\/dimensions-11.jpg 700w, https:\/\/medirelax.be\/wp-content\/uploads\/2024\/07\/dimensions-11-300x214.jpg 300w, https:\/\/medirelax.be\/wp-content\/uploads\/2024\/07\/dimensions-11-600x429.jpg 600w\" sizes=\"(max-width: 700px) 100vw, 700px\" \/>\t\t\t\t\t\t\t\t\t\t\t\t\t\t\t<\/div>\n\t\t\t\t<\/div>\n\t\t\t\t<\/div>\n\t\t\t\t\t<\/div>\n\t\t\t\t<\/div>\n\t\t\t\t<\/div>\n\t\t","protected":false},"excerpt":{"rendered":"<p>Releveur 1 ou 2 moteurs MALIN, IL EST DE CONCEPTION PRATIQUE ET SUPER CONFORTABLE POINTS FORTS Ing\u00e9nieux \u2022 R\u00e9glage de la profondeur d\u2019assise 44 cm ou 53 cm. Le dossier peut se fixer plus vers l\u2019avant ou l\u2019arri\u00e8re de l\u2019assise. Pratique \u2022 Accoudoirs avec ouverture lat\u00e9rale et amovibles pour faciliter les d\u00e9gagements ou transferts. \u2022 Enti\u00e8rement d\u00e9houssable : \u00ab modules de couettes \u00bb de l\u2019assise, du dossier mais aussi des accoudoirs sont amovibles (rev\u00eatement EasyClean pour la facilit\u00e9 d\u2019entretien) et rempla\u00e7ables si n\u00e9cessaire. Qualit\u00e9 \u2022 Rev\u00eatement technique \u2022 Supporte jusqu\u2019\u00e0 150Kg Confortable \u2022 Utilisation de fibres dans le dossier pour un accueil confortable et moelleux avec possibilit\u00e9 de rajouter de la fibre ou d\u2019en enlever pour personnaliser le confort. Rev\u00eatement Technique \u2022 Retardant au feu : r\u00e9pond \u00e0 la norme anti-feu EN1021-1 (test de la cigarette). \u2022 EasyClean, d\u00e9perlant (\u00ab traitement T\u00e9flon \u00bb) pour \u00e9viter la P\u00e9n\u00e9tration imm\u00e9diate des liquides (facile \u00e0 nettoyer \u00e0 l\u2019aide d\u2019un chiffon\/ \u00e9ponge absorbant), Il est \u00ab respirant \u00bb. \u2022 Super r\u00e9sistant (norme usage intensif, Martindale &gt;70 000 tours R\u00e9sistance accrue pour mieux tol\u00e9rer les accrocs ou arrachement de fils par les animaux de compagnie.<\/p>\n","protected":false},"featured_media":1628,"template":"","meta":[],"product_brand":[],"product_cat":[28,102],"product_tag":[],"class_list":{"0":"post-2869","1":"product","2":"type-product","3":"status-publish","4":"has-post-thumbnail","6":"product_cat-fauteuil-releveur","7":"product_cat-les-classiques","9":"first","10":"instock","11":"shipping-taxable","12":"purchasable","13":"product-type-simple"},"yoast_head":"<!-- This site is optimized with the Yoast SEO plugin v27.0 - https:\/\/yoast.com\/product\/yoast-seo-wordpress\/ -->\n<title>OCKLAND BI MOTEURS - Medirelax<\/title>\n<meta name=\"description\" content=\"IL EST DE CONCEPTION PRATIQUE ET SUPER CONFORTABLE POINTS FORTS Ing\u00e9nieux \u2022 R\u00e9glage de la profondeur d\u2019assise 44 cm ou 53 cm.\" \/>\n<meta name=\"robots\" content=\"index, follow, max-snippet:-1, max-image-preview:large, max-video-preview:-1\" \/>\n<link rel=\"canonical\" href=\"https:\/\/medirelax.be\/?product=ockland-bi-moteurs\" \/>\n<meta property=\"og:locale\" content=\"fr_FR\" \/>\n<meta property=\"og:type\" content=\"article\" \/>\n<meta property=\"og:title\" content=\"OCKLAND BI MOTEURS - Medirelax\" \/>\n<meta property=\"og:description\" content=\"IL EST DE CONCEPTION PRATIQUE ET SUPER CONFORTABLE POINTS FORTS Ing\u00e9nieux \u2022 R\u00e9glage de la profondeur d\u2019assise 44 cm ou 53 cm.\" \/>\n<meta property=\"og:url\" content=\"https:\/\/medirelax.be\/?product=ockland-bi-moteurs\" \/>\n<meta property=\"og:site_name\" content=\"Medirelax\" \/>\n<meta property=\"og:image\" content=\"https:\/\/medirelax.be\/wp-content\/uploads\/2024\/07\/Ockland-gris-pierre.jpg\" \/>\n\t<meta property=\"og:image:width\" content=\"500\" \/>\n\t<meta property=\"og:image:height\" content=\"600\" \/>\n\t<meta property=\"og:image:type\" content=\"image\/jpeg\" \/>\n<meta name=\"twitter:card\" content=\"summary_large_image\" \/>\n<meta name=\"twitter:label1\" content=\"Dur\u00e9e de lecture estim\u00e9e\" \/>\n\t<meta name=\"twitter:data1\" content=\"2 minutes\" \/>\n<script type=\"application\/ld+json\" class=\"yoast-schema-graph\">{\"@context\":\"https:\/\/schema.org\",\"@graph\":[{\"@type\":\"WebPage\",\"@id\":\"https:\/\/medirelax.be\/?product=ockland-bi-moteurs\",\"url\":\"https:\/\/medirelax.be\/?product=ockland-bi-moteurs\",\"name\":\"OCKLAND BI MOTEURS - Medirelax\",\"isPartOf\":{\"@id\":\"https:\/\/medirelax.be\/#website\"},\"primaryImageOfPage\":{\"@id\":\"https:\/\/medirelax.be\/?product=ockland-bi-moteurs#primaryimage\"},\"image\":{\"@id\":\"https:\/\/medirelax.be\/?product=ockland-bi-moteurs#primaryimage\"},\"thumbnailUrl\":\"https:\/\/medirelax.be\/wp-content\/uploads\/2024\/07\/Ockland-gris-pierre.jpg\",\"datePublished\":\"2025-02-26T12:50:57+00:00\",\"description\":\"IL EST DE CONCEPTION PRATIQUE ET SUPER CONFORTABLE POINTS FORTS Ing\u00e9nieux \u2022 R\u00e9glage de la profondeur d\u2019assise 44 cm ou 53 cm.\",\"breadcrumb\":{\"@id\":\"https:\/\/medirelax.be\/?product=ockland-bi-moteurs#breadcrumb\"},\"inLanguage\":\"fr-FR\",\"potentialAction\":[{\"@type\":\"ReadAction\",\"target\":[\"https:\/\/medirelax.be\/?product=ockland-bi-moteurs\"]}]},{\"@type\":\"ImageObject\",\"inLanguage\":\"fr-FR\",\"@id\":\"https:\/\/medirelax.be\/?product=ockland-bi-moteurs#primaryimage\",\"url\":\"https:\/\/medirelax.be\/wp-content\/uploads\/2024\/07\/Ockland-gris-pierre.jpg\",\"contentUrl\":\"https:\/\/medirelax.be\/wp-content\/uploads\/2024\/07\/Ockland-gris-pierre.jpg\",\"width\":500,\"height\":600,\"caption\":\"Ockland Anthracite\"},{\"@type\":\"BreadcrumbList\",\"@id\":\"https:\/\/medirelax.be\/?product=ockland-bi-moteurs#breadcrumb\",\"itemListElement\":[{\"@type\":\"ListItem\",\"position\":1,\"name\":\"Home\",\"item\":\"https:\/\/medirelax.be\/\"},{\"@type\":\"ListItem\",\"position\":2,\"name\":\"Shop\",\"item\":\"https:\/\/medirelax.be\/?page_id=10\"},{\"@type\":\"ListItem\",\"position\":3,\"name\":\"OCKLAND BI MOTEURS\"}]},{\"@type\":\"WebSite\",\"@id\":\"https:\/\/medirelax.be\/#website\",\"url\":\"https:\/\/medirelax.be\/\",\"name\":\"Medirelax\",\"description\":\"Medirelax, un monde de d\u00e9tente et de bien-\u00eatre\",\"potentialAction\":[{\"@type\":\"SearchAction\",\"target\":{\"@type\":\"EntryPoint\",\"urlTemplate\":\"https:\/\/medirelax.be\/?s={search_term_string}\"},\"query-input\":{\"@type\":\"PropertyValueSpecification\",\"valueRequired\":true,\"valueName\":\"search_term_string\"}}],\"inLanguage\":\"fr-FR\"}]}<\/script>\n<!-- \/ Yoast SEO plugin. -->","yoast_head_json":{"title":"OCKLAND BI MOTEURS - Medirelax","description":"IL EST DE CONCEPTION PRATIQUE ET SUPER CONFORTABLE POINTS FORTS Ing\u00e9nieux \u2022 R\u00e9glage de la profondeur d\u2019assise 44 cm ou 53 cm.","robots":{"index":"index","follow":"follow","max-snippet":"max-snippet:-1","max-image-preview":"max-image-preview:large","max-video-preview":"max-video-preview:-1"},"canonical":"https:\/\/medirelax.be\/?product=ockland-bi-moteurs","og_locale":"fr_FR","og_type":"article","og_title":"OCKLAND BI MOTEURS - Medirelax","og_description":"IL EST DE CONCEPTION PRATIQUE ET SUPER CONFORTABLE POINTS FORTS Ing\u00e9nieux \u2022 R\u00e9glage de la profondeur d\u2019assise 44 cm ou 53 cm.","og_url":"https:\/\/medirelax.be\/?product=ockland-bi-moteurs","og_site_name":"Medirelax","og_image":[{"width":500,"height":600,"url":"https:\/\/medirelax.be\/wp-content\/uploads\/2024\/07\/Ockland-gris-pierre.jpg","type":"image\/jpeg"}],"twitter_card":"summary_large_image","twitter_misc":{"Dur\u00e9e de lecture estim\u00e9e":"2 minutes"},"schema":{"@context":"https:\/\/schema.org","@graph":[{"@type":"WebPage","@id":"https:\/\/medirelax.be\/?product=ockland-bi-moteurs","url":"https:\/\/medirelax.be\/?product=ockland-bi-moteurs","name":"OCKLAND BI MOTEURS - Medirelax","isPartOf":{"@id":"https:\/\/medirelax.be\/#website"},"primaryImageOfPage":{"@id":"https:\/\/medirelax.be\/?product=ockland-bi-moteurs#primaryimage"},"image":{"@id":"https:\/\/medirelax.be\/?product=ockland-bi-moteurs#primaryimage"},"thumbnailUrl":"https:\/\/medirelax.be\/wp-content\/uploads\/2024\/07\/Ockland-gris-pierre.jpg","datePublished":"2025-02-26T12:50:57+00:00","description":"IL EST DE CONCEPTION PRATIQUE ET SUPER CONFORTABLE POINTS FORTS Ing\u00e9nieux \u2022 R\u00e9glage de la profondeur d\u2019assise 44 cm ou 53 cm.","breadcrumb":{"@id":"https:\/\/medirelax.be\/?product=ockland-bi-moteurs#breadcrumb"},"inLanguage":"fr-FR","potentialAction":[{"@type":"ReadAction","target":["https:\/\/medirelax.be\/?product=ockland-bi-moteurs"]}]},{"@type":"ImageObject","inLanguage":"fr-FR","@id":"https:\/\/medirelax.be\/?product=ockland-bi-moteurs#primaryimage","url":"https:\/\/medirelax.be\/wp-content\/uploads\/2024\/07\/Ockland-gris-pierre.jpg","contentUrl":"https:\/\/medirelax.be\/wp-content\/uploads\/2024\/07\/Ockland-gris-pierre.jpg","width":500,"height":600,"caption":"Ockland Anthracite"},{"@type":"BreadcrumbList","@id":"https:\/\/medirelax.be\/?product=ockland-bi-moteurs#breadcrumb","itemListElement":[{"@type":"ListItem","position":1,"name":"Home","item":"https:\/\/medirelax.be\/"},{"@type":"ListItem","position":2,"name":"Shop","item":"https:\/\/medirelax.be\/?page_id=10"},{"@type":"ListItem","position":3,"name":"OCKLAND BI MOTEURS"}]},{"@type":"WebSite","@id":"https:\/\/medirelax.be\/#website","url":"https:\/\/medirelax.be\/","name":"Medirelax","description":"Medirelax, un monde de d\u00e9tente et de bien-\u00eatre","potentialAction":[{"@type":"SearchAction","target":{"@type":"EntryPoint","urlTemplate":"https:\/\/medirelax.be\/?s={search_term_string}"},"query-input":{"@type":"PropertyValueSpecification","valueRequired":true,"valueName":"search_term_string"}}],"inLanguage":"fr-FR"}]}},"_links":{"self":[{"href":"https:\/\/medirelax.be\/index.php?rest_route=\/wp\/v2\/product\/2869","targetHints":{"allow":["GET"]}}],"collection":[{"href":"https:\/\/medirelax.be\/index.php?rest_route=\/wp\/v2\/product"}],"about":[{"href":"https:\/\/medirelax.be\/index.php?rest_route=\/wp\/v2\/types\/product"}],"version-history":[{"count":2,"href":"https:\/\/medirelax.be\/index.php?rest_route=\/wp\/v2\/product\/2869\/revisions"}],"predecessor-version":[{"id":2871,"href":"https:\/\/medirelax.be\/index.php?rest_route=\/wp\/v2\/product\/2869\/revisions\/2871"}],"wp:featuredmedia":[{"embeddable":true,"href":"https:\/\/medirelax.be\/index.php?rest_route=\/wp\/v2\/media\/1628"}],"wp:attachment":[{"href":"https:\/\/medirelax.be\/index.php?rest_route=%2Fwp%2Fv2%2Fmedia&parent=2869"}],"wp:term":[{"taxonomy":"product_brand","embeddable":true,"href":"https:\/\/medirelax.be\/index.php?rest_route=%2Fwp%2Fv2%2Fproduct_brand&post=2869"},{"taxonomy":"product_cat","embeddable":true,"href":"https:\/\/medirelax.be\/index.php?rest_route=%2Fwp%2Fv2%2Fproduct_cat&post=2869"},{"taxonomy":"product_tag","embeddable":true,"href":"https:\/\/medirelax.be\/index.php?rest_route=%2Fwp%2Fv2%2Fproduct_tag&post=2869"}],"curies":[{"name":"wp","href":"https:\/\/api.w.org\/{rel}","templated":true}]}}