{"id":2261,"date":"2024-09-10T14:02:30","date_gmt":"2024-09-10T12:02:30","guid":{"rendered":"https:\/\/medirelax.be\/?post_type=product&#038;p=2261"},"modified":"2025-02-26T13:33:57","modified_gmt":"2025-02-26T12:33:57","slug":"medi-premium-zen-twilight-21","status":"publish","type":"product","link":"https:\/\/medirelax.be\/?product=medi-premium-zen-twilight-21","title":{"rendered":"MEDI PREMIUM ZEN TWILIGHT 2+1"},"content":{"rendered":"\t\t<div data-elementor-type=\"product-post\" data-elementor-id=\"2261\" class=\"elementor elementor-2261\" data-elementor-post-type=\"product\">\n\t\t\t\t<div class=\"elementor-element elementor-element-5403a0e9 e-flex e-con-boxed e-con e-parent\" data-id=\"5403a0e9\" data-element_type=\"container\" data-e-type=\"container\">\n\t\t\t\t\t<div class=\"e-con-inner\">\n\t\t\t\t<div class=\"elementor-element elementor-element-3df95192 elementor-widget elementor-widget-text-editor\" data-id=\"3df95192\" data-element_type=\"widget\" data-e-type=\"widget\" data-widget_type=\"text-editor.default\">\n\t\t\t\t<div class=\"elementor-widget-container\">\n\t\t\t\t\t\t\t\t\t<p class=\"p1\"><b>POINTS FORTS<\/b><\/p><p class=\"p2\">\u2022 Prot\u00e8ge accoudoirs et appui t\u00eate<\/p><p class=\"p2\">\u2022 Velours toucher doux, anti t\u00e2ches tr\u00e8s haute r\u00e9sistance <br \/>aux frottements (test r\u00e9sistance \u00e0 l\u2019abrasion <br \/>&gt; 100 000 tours martindale )<\/p><p class=\"p2\">\u2022 La fonction Zen<\/p><p class=\"p1\"><b>Vous appr\u00e9cierez <\/b><\/p><p class=\"p2\">La bascule d\u2019assise \u00e9galement en position assise pour limiter<br \/>les risques de projection vers l\u2019avant.<br \/>Une t\u00e9l\u00e9commande simple<br \/>pour une utilisation facilit\u00e9e<\/p>\t\t\t\t\t\t\t\t<\/div>\n\t\t\t\t<\/div>\n\t\t\t\t\t<\/div>\n\t\t\t\t<\/div>\n\t\t<div class=\"elementor-element elementor-element-0043e9d e-flex e-con-boxed e-con e-parent\" data-id=\"0043e9d\" data-element_type=\"container\" data-e-type=\"container\">\n\t\t\t\t\t<div class=\"e-con-inner\">\n\t\t\t\t<div class=\"elementor-element elementor-element-2531342 elementor-widget elementor-widget-video\" data-id=\"2531342\" data-element_type=\"widget\" data-e-type=\"widget\" data-settings=\"{&quot;video_type&quot;:&quot;hosted&quot;,&quot;controls&quot;:&quot;yes&quot;}\" data-widget_type=\"video.default\">\n\t\t\t\t<div class=\"elementor-widget-container\">\n\t\t\t\t\t\t\t<div class=\"e-hosted-video elementor-wrapper elementor-open-inline\">\n\t\t\t\t\t<video class=\"elementor-video\" src=\"https:\/\/medirelax.be\/wp-content\/uploads\/2024\/07\/medirelax-2025-01.mp4\" controls=\"\" preload=\"metadata\" controlsList=\"nodownload\"><\/video>\n\t\t\t\t<\/div>\n\t\t\t\t\t\t<\/div>\n\t\t\t\t<\/div>\n\t\t\t\t\t<\/div>\n\t\t\t\t<\/div>\n\t\t<div class=\"elementor-element elementor-element-9fa1d0e e-flex e-con-boxed e-con e-parent\" data-id=\"9fa1d0e\" data-element_type=\"container\" data-e-type=\"container\">\n\t\t\t\t\t<div class=\"e-con-inner\">\n\t\t<div class=\"elementor-element elementor-element-20ab820 e-con-full e-flex e-con e-child\" data-id=\"20ab820\" data-element_type=\"container\" data-e-type=\"container\">\n\t\t\t\t<div class=\"elementor-element elementor-element-951bb6c elementor-widget elementor-widget-image\" data-id=\"951bb6c\" data-element_type=\"widget\" data-e-type=\"widget\" data-widget_type=\"image.default\">\n\t\t\t\t<div class=\"elementor-widget-container\">\n\t\t\t\t\t\t\t\t\t\t\t\t\t\t\t<img fetchpriority=\"high\" decoding=\"async\" width=\"700\" height=\"500\" src=\"https:\/\/medirelax.be\/wp-content\/uploads\/2024\/09\/medailles.jpg\" class=\"attachment-large size-large wp-image-2273\" alt=\"\" srcset=\"https:\/\/medirelax.be\/wp-content\/uploads\/2024\/09\/medailles.jpg 700w, https:\/\/medirelax.be\/wp-content\/uploads\/2024\/09\/medailles-300x214.jpg 300w, https:\/\/medirelax.be\/wp-content\/uploads\/2024\/09\/medailles-600x429.jpg 600w\" sizes=\"(max-width: 700px) 100vw, 700px\" \/>\t\t\t\t\t\t\t\t\t\t\t\t\t\t\t<\/div>\n\t\t\t\t<\/div>\n\t\t\t\t<\/div>\n\t\t<div class=\"elementor-element elementor-element-4d88b78 e-con-full e-flex e-con e-child\" data-id=\"4d88b78\" data-element_type=\"container\" data-e-type=\"container\">\n\t\t\t\t<div class=\"elementor-element elementor-element-833aee1 elementor-widget elementor-widget-image\" data-id=\"833aee1\" data-element_type=\"widget\" data-e-type=\"widget\" data-widget_type=\"image.default\">\n\t\t\t\t<div class=\"elementor-widget-container\">\n\t\t\t\t\t\t\t\t\t\t\t\t\t\t\t<img decoding=\"async\" width=\"700\" height=\"500\" src=\"https:\/\/medirelax.be\/wp-content\/uploads\/2024\/09\/dimensions.jpg\" class=\"attachment-large size-large wp-image-2272\" alt=\"\" srcset=\"https:\/\/medirelax.be\/wp-content\/uploads\/2024\/09\/dimensions.jpg 700w, https:\/\/medirelax.be\/wp-content\/uploads\/2024\/09\/dimensions-300x214.jpg 300w, https:\/\/medirelax.be\/wp-content\/uploads\/2024\/09\/dimensions-600x429.jpg 600w\" sizes=\"(max-width: 700px) 100vw, 700px\" \/>\t\t\t\t\t\t\t\t\t\t\t\t\t\t\t<\/div>\n\t\t\t\t<\/div>\n\t\t\t\t<\/div>\n\t\t\t\t\t<\/div>\n\t\t\t\t<\/div>\n\t\t<div class=\"elementor-element elementor-element-dd662db e-flex e-con-boxed e-con e-parent\" data-id=\"dd662db\" data-element_type=\"container\" data-e-type=\"container\">\n\t\t\t\t\t<div class=\"e-con-inner\">\n\t\t<div class=\"elementor-element elementor-element-44385d4 e-con-full e-flex e-con e-child\" data-id=\"44385d4\" data-element_type=\"container\" data-e-type=\"container\">\n\t\t\t\t<div class=\"elementor-element elementor-element-e3e600a elementor-widget elementor-widget-image\" data-id=\"e3e600a\" data-element_type=\"widget\" data-e-type=\"widget\" data-widget_type=\"image.default\">\n\t\t\t\t<div class=\"elementor-widget-container\">\n\t\t\t\t\t\t\t\t\t\t\t\t\t\t\t<img decoding=\"async\" width=\"700\" height=\"500\" src=\"https:\/\/medirelax.be\/wp-content\/uploads\/2024\/09\/telecomande.jpg\" class=\"attachment-large size-large wp-image-2274\" alt=\"\" srcset=\"https:\/\/medirelax.be\/wp-content\/uploads\/2024\/09\/telecomande.jpg 700w, https:\/\/medirelax.be\/wp-content\/uploads\/2024\/09\/telecomande-300x214.jpg 300w, https:\/\/medirelax.be\/wp-content\/uploads\/2024\/09\/telecomande-600x429.jpg 600w\" sizes=\"(max-width: 700px) 100vw, 700px\" \/>\t\t\t\t\t\t\t\t\t\t\t\t\t\t\t<\/div>\n\t\t\t\t<\/div>\n\t\t\t\t<\/div>\n\t\t<div class=\"elementor-element elementor-element-83703eb e-con-full e-flex e-con e-child\" data-id=\"83703eb\" data-element_type=\"container\" data-e-type=\"container\">\n\t\t\t\t<div class=\"elementor-element elementor-element-11d9b03 elementor-widget elementor-widget-image\" data-id=\"11d9b03\" data-element_type=\"widget\" data-e-type=\"widget\" data-widget_type=\"image.default\">\n\t\t\t\t<div class=\"elementor-widget-container\">\n\t\t\t\t\t\t\t\t\t\t\t\t\t\t\t<img loading=\"lazy\" decoding=\"async\" width=\"700\" height=\"500\" src=\"https:\/\/medirelax.be\/wp-content\/uploads\/2024\/09\/positions-1.jpg\" class=\"attachment-large size-large wp-image-2271\" alt=\"\" srcset=\"https:\/\/medirelax.be\/wp-content\/uploads\/2024\/09\/positions-1.jpg 700w, https:\/\/medirelax.be\/wp-content\/uploads\/2024\/09\/positions-1-300x214.jpg 300w, https:\/\/medirelax.be\/wp-content\/uploads\/2024\/09\/positions-1-600x429.jpg 600w\" sizes=\"(max-width: 700px) 100vw, 700px\" \/>\t\t\t\t\t\t\t\t\t\t\t\t\t\t\t<\/div>\n\t\t\t\t<\/div>\n\t\t\t\t<\/div>\n\t\t\t\t\t<\/div>\n\t\t\t\t<\/div>\n\t\t\t\t<\/div>\n\t\t","protected":false},"excerpt":{"rendered":"<p class=\"p1\"><b>POINTS FORTS<\/b><\/p>\n<p class=\"p2\">\u2022 Prot\u00e8ge accoudoirs et appui t\u00eate<\/p>\n<p class=\"p2\">\u2022 Velours toucher doux, anti t\u00e2ches haute r\u00e9sistance<br \/>\naux frottements<\/p>\n<p class=\"p2\">\u2022 La fonction Zen<\/p>\n<p class=\"p1\"><b>Vous appr\u00e9cierez <\/b><\/p>\n<p class=\"p2\">La position \u00ab\u00a0Rejuv\u00a0\u00bb r\u00e9g\u00e9n\u00e9ratrice et revitalisante (explications p 20)<\/p>\n<p class=\"p2\">Relaxation extr\u00eame en ramenant le niveau du segment jambier au niveau de la cage thoracique tout en maintenant la t\u00eate en position sur\u00e9lev\u00e9e.<br \/>\nCette sur\u00e9l\u00e9vation du segment jambier am\u00e9liore le retour veineux et contribue \u00e0 un rel\u00e2chement total : le sentiment de fatigue disparait; le soulagement est maximal !<\/p>\n<p class=\"p1\"><b>les 7 avantages<br \/>\nde la position z\u00e9ro gravit\u00e9 et sa posture \u00ab\u00a0neutre\u00a0\u00bb ZEN<\/b><\/p>\n<p class=\"p2\">soulage la douleur &#8211; pr\u00e9vient les probl\u00e8mes de sant\u00e9 &#8211; r\u00e9duit l&rsquo;oed\u00e8me &#8211; stimule la circulation sanguine &#8211; favorise une meilleure respiration &#8211; contribue \u00e0 un meilleur sommeil &#8211; favorise la relaxation<\/p>\n<p>&nbsp;<\/p>\n","protected":false},"featured_media":2317,"template":"","meta":[],"product_brand":[],"product_cat":[28,100],"product_tag":[],"class_list":{"0":"post-2261","1":"product","2":"type-product","3":"status-publish","4":"has-post-thumbnail","6":"product_cat-fauteuil-releveur","7":"product_cat-fonction-zen","9":"first","10":"instock","11":"shipping-taxable","12":"purchasable","13":"product-type-simple"},"yoast_head":"<!-- This site is optimized with the Yoast SEO plugin v27.0 - https:\/\/yoast.com\/product\/yoast-seo-wordpress\/ -->\n<title>MEDI PREMIUM ZEN TWILIGHT 2+1 - Medirelax<\/title>\n<meta name=\"description\" content=\"Hauteur et profondeur d\u2019assise facilitant l\u2019acce\u0300s des personnes de taille moyenne.Prot\u00e8ge accoudoirs et prot\u00e8ge appui-t\u00eate de s\u00e9rie\" \/>\n<meta name=\"robots\" content=\"index, follow, max-snippet:-1, max-image-preview:large, max-video-preview:-1\" \/>\n<link rel=\"canonical\" href=\"https:\/\/medirelax.be\/?product=medi-premium-zen-twilight-21\" \/>\n<meta property=\"og:locale\" content=\"fr_FR\" \/>\n<meta property=\"og:type\" content=\"article\" \/>\n<meta property=\"og:title\" content=\"MEDI PREMIUM ZEN TWILIGHT 2+1 - Medirelax\" \/>\n<meta property=\"og:description\" content=\"Hauteur et profondeur d\u2019assise facilitant l\u2019acce\u0300s des personnes de taille moyenne.Prot\u00e8ge accoudoirs et prot\u00e8ge appui-t\u00eate de s\u00e9rie\" \/>\n<meta property=\"og:url\" content=\"https:\/\/medirelax.be\/?product=medi-premium-zen-twilight-21\" \/>\n<meta property=\"og:site_name\" content=\"Medirelax\" \/>\n<meta property=\"article:modified_time\" content=\"2025-02-26T12:33:57+00:00\" \/>\n<meta property=\"og:image\" content=\"https:\/\/medirelax.be\/wp-content\/uploads\/2024\/09\/photo-1.jpg\" \/>\n\t<meta property=\"og:image:width\" content=\"500\" \/>\n\t<meta property=\"og:image:height\" content=\"600\" \/>\n\t<meta property=\"og:image:type\" content=\"image\/jpeg\" \/>\n<meta name=\"twitter:card\" content=\"summary_large_image\" \/>\n<script type=\"application\/ld+json\" class=\"yoast-schema-graph\">{\"@context\":\"https:\/\/schema.org\",\"@graph\":[{\"@type\":\"WebPage\",\"@id\":\"https:\/\/medirelax.be\/?product=medi-premium-zen-twilight-21\",\"url\":\"https:\/\/medirelax.be\/?product=medi-premium-zen-twilight-21\",\"name\":\"MEDI PREMIUM ZEN TWILIGHT 2+1 - Medirelax\",\"isPartOf\":{\"@id\":\"https:\/\/medirelax.be\/#website\"},\"primaryImageOfPage\":{\"@id\":\"https:\/\/medirelax.be\/?product=medi-premium-zen-twilight-21#primaryimage\"},\"image\":{\"@id\":\"https:\/\/medirelax.be\/?product=medi-premium-zen-twilight-21#primaryimage\"},\"thumbnailUrl\":\"https:\/\/medirelax.be\/wp-content\/uploads\/2024\/09\/photo-1.jpg\",\"datePublished\":\"2024-09-10T12:02:30+00:00\",\"dateModified\":\"2025-02-26T12:33:57+00:00\",\"description\":\"Hauteur et profondeur d\u2019assise facilitant l\u2019acce\u0300s des personnes de taille moyenne.Prot\u00e8ge accoudoirs et prot\u00e8ge appui-t\u00eate de s\u00e9rie\",\"breadcrumb\":{\"@id\":\"https:\/\/medirelax.be\/?product=medi-premium-zen-twilight-21#breadcrumb\"},\"inLanguage\":\"fr-FR\",\"potentialAction\":[{\"@type\":\"ReadAction\",\"target\":[\"https:\/\/medirelax.be\/?product=medi-premium-zen-twilight-21\"]}]},{\"@type\":\"ImageObject\",\"inLanguage\":\"fr-FR\",\"@id\":\"https:\/\/medirelax.be\/?product=medi-premium-zen-twilight-21#primaryimage\",\"url\":\"https:\/\/medirelax.be\/wp-content\/uploads\/2024\/09\/photo-1.jpg\",\"contentUrl\":\"https:\/\/medirelax.be\/wp-content\/uploads\/2024\/09\/photo-1.jpg\",\"width\":500,\"height\":600},{\"@type\":\"BreadcrumbList\",\"@id\":\"https:\/\/medirelax.be\/?product=medi-premium-zen-twilight-21#breadcrumb\",\"itemListElement\":[{\"@type\":\"ListItem\",\"position\":1,\"name\":\"Home\",\"item\":\"https:\/\/medirelax.be\/\"},{\"@type\":\"ListItem\",\"position\":2,\"name\":\"Shop\",\"item\":\"https:\/\/medirelax.be\/?page_id=10\"},{\"@type\":\"ListItem\",\"position\":3,\"name\":\"MEDI PREMIUM ZEN TWILIGHT 2+1\"}]},{\"@type\":\"WebSite\",\"@id\":\"https:\/\/medirelax.be\/#website\",\"url\":\"https:\/\/medirelax.be\/\",\"name\":\"Medirelax\",\"description\":\"Medirelax, un monde de d\u00e9tente et de bien-\u00eatre\",\"potentialAction\":[{\"@type\":\"SearchAction\",\"target\":{\"@type\":\"EntryPoint\",\"urlTemplate\":\"https:\/\/medirelax.be\/?s={search_term_string}\"},\"query-input\":{\"@type\":\"PropertyValueSpecification\",\"valueRequired\":true,\"valueName\":\"search_term_string\"}}],\"inLanguage\":\"fr-FR\"}]}<\/script>\n<!-- \/ Yoast SEO plugin. -->","yoast_head_json":{"title":"MEDI PREMIUM ZEN TWILIGHT 2+1 - Medirelax","description":"Hauteur et profondeur d\u2019assise facilitant l\u2019acce\u0300s des personnes de taille moyenne.Prot\u00e8ge accoudoirs et prot\u00e8ge appui-t\u00eate de s\u00e9rie","robots":{"index":"index","follow":"follow","max-snippet":"max-snippet:-1","max-image-preview":"max-image-preview:large","max-video-preview":"max-video-preview:-1"},"canonical":"https:\/\/medirelax.be\/?product=medi-premium-zen-twilight-21","og_locale":"fr_FR","og_type":"article","og_title":"MEDI PREMIUM ZEN TWILIGHT 2+1 - Medirelax","og_description":"Hauteur et profondeur d\u2019assise facilitant l\u2019acce\u0300s des personnes de taille moyenne.Prot\u00e8ge accoudoirs et prot\u00e8ge appui-t\u00eate de s\u00e9rie","og_url":"https:\/\/medirelax.be\/?product=medi-premium-zen-twilight-21","og_site_name":"Medirelax","article_modified_time":"2025-02-26T12:33:57+00:00","og_image":[{"width":500,"height":600,"url":"https:\/\/medirelax.be\/wp-content\/uploads\/2024\/09\/photo-1.jpg","type":"image\/jpeg"}],"twitter_card":"summary_large_image","schema":{"@context":"https:\/\/schema.org","@graph":[{"@type":"WebPage","@id":"https:\/\/medirelax.be\/?product=medi-premium-zen-twilight-21","url":"https:\/\/medirelax.be\/?product=medi-premium-zen-twilight-21","name":"MEDI PREMIUM ZEN TWILIGHT 2+1 - Medirelax","isPartOf":{"@id":"https:\/\/medirelax.be\/#website"},"primaryImageOfPage":{"@id":"https:\/\/medirelax.be\/?product=medi-premium-zen-twilight-21#primaryimage"},"image":{"@id":"https:\/\/medirelax.be\/?product=medi-premium-zen-twilight-21#primaryimage"},"thumbnailUrl":"https:\/\/medirelax.be\/wp-content\/uploads\/2024\/09\/photo-1.jpg","datePublished":"2024-09-10T12:02:30+00:00","dateModified":"2025-02-26T12:33:57+00:00","description":"Hauteur et profondeur d\u2019assise facilitant l\u2019acce\u0300s des personnes de taille moyenne.Prot\u00e8ge accoudoirs et prot\u00e8ge appui-t\u00eate de s\u00e9rie","breadcrumb":{"@id":"https:\/\/medirelax.be\/?product=medi-premium-zen-twilight-21#breadcrumb"},"inLanguage":"fr-FR","potentialAction":[{"@type":"ReadAction","target":["https:\/\/medirelax.be\/?product=medi-premium-zen-twilight-21"]}]},{"@type":"ImageObject","inLanguage":"fr-FR","@id":"https:\/\/medirelax.be\/?product=medi-premium-zen-twilight-21#primaryimage","url":"https:\/\/medirelax.be\/wp-content\/uploads\/2024\/09\/photo-1.jpg","contentUrl":"https:\/\/medirelax.be\/wp-content\/uploads\/2024\/09\/photo-1.jpg","width":500,"height":600},{"@type":"BreadcrumbList","@id":"https:\/\/medirelax.be\/?product=medi-premium-zen-twilight-21#breadcrumb","itemListElement":[{"@type":"ListItem","position":1,"name":"Home","item":"https:\/\/medirelax.be\/"},{"@type":"ListItem","position":2,"name":"Shop","item":"https:\/\/medirelax.be\/?page_id=10"},{"@type":"ListItem","position":3,"name":"MEDI PREMIUM ZEN TWILIGHT 2+1"}]},{"@type":"WebSite","@id":"https:\/\/medirelax.be\/#website","url":"https:\/\/medirelax.be\/","name":"Medirelax","description":"Medirelax, un monde de d\u00e9tente et de bien-\u00eatre","potentialAction":[{"@type":"SearchAction","target":{"@type":"EntryPoint","urlTemplate":"https:\/\/medirelax.be\/?s={search_term_string}"},"query-input":{"@type":"PropertyValueSpecification","valueRequired":true,"valueName":"search_term_string"}}],"inLanguage":"fr-FR"}]}},"_links":{"self":[{"href":"https:\/\/medirelax.be\/index.php?rest_route=\/wp\/v2\/product\/2261","targetHints":{"allow":["GET"]}}],"collection":[{"href":"https:\/\/medirelax.be\/index.php?rest_route=\/wp\/v2\/product"}],"about":[{"href":"https:\/\/medirelax.be\/index.php?rest_route=\/wp\/v2\/types\/product"}],"version-history":[{"count":3,"href":"https:\/\/medirelax.be\/index.php?rest_route=\/wp\/v2\/product\/2261\/revisions"}],"predecessor-version":[{"id":2808,"href":"https:\/\/medirelax.be\/index.php?rest_route=\/wp\/v2\/product\/2261\/revisions\/2808"}],"wp:featuredmedia":[{"embeddable":true,"href":"https:\/\/medirelax.be\/index.php?rest_route=\/wp\/v2\/media\/2317"}],"wp:attachment":[{"href":"https:\/\/medirelax.be\/index.php?rest_route=%2Fwp%2Fv2%2Fmedia&parent=2261"}],"wp:term":[{"taxonomy":"product_brand","embeddable":true,"href":"https:\/\/medirelax.be\/index.php?rest_route=%2Fwp%2Fv2%2Fproduct_brand&post=2261"},{"taxonomy":"product_cat","embeddable":true,"href":"https:\/\/medirelax.be\/index.php?rest_route=%2Fwp%2Fv2%2Fproduct_cat&post=2261"},{"taxonomy":"product_tag","embeddable":true,"href":"https:\/\/medirelax.be\/index.php?rest_route=%2Fwp%2Fv2%2Fproduct_tag&post=2261"}],"curies":[{"name":"wp","href":"https:\/\/api.w.org\/{rel}","templated":true}]}}