{"id":204,"date":"2024-06-11T18:12:13","date_gmt":"2024-06-11T16:12:13","guid":{"rendered":"https:\/\/medirelax.be\/?post_type=product&#038;p=204"},"modified":"2025-02-26T17:54:30","modified_gmt":"2025-02-26T16:54:30","slug":"medi-plus-mini","status":"publish","type":"product","link":"https:\/\/medirelax.be\/?product=medi-plus-mini","title":{"rendered":"MEDI PLUS MINI UN MOTEUR"},"content":{"rendered":"\t\t<div data-elementor-type=\"product-post\" data-elementor-id=\"204\" class=\"elementor elementor-204\" data-elementor-post-type=\"product\">\n\t\t\t\t<div class=\"elementor-element elementor-element-568511ac e-flex e-con-boxed e-con e-parent\" data-id=\"568511ac\" data-element_type=\"container\" data-e-type=\"container\">\n\t\t\t\t\t<div class=\"e-con-inner\">\n\t\t\t\t<div class=\"elementor-element elementor-element-7d5f55a2 elementor-widget elementor-widget-text-editor\" data-id=\"7d5f55a2\" data-element_type=\"widget\" data-e-type=\"widget\" data-widget_type=\"text-editor.default\">\n\t\t\t\t<div class=\"elementor-widget-container\">\n\t\t\t\t\t\t\t\t\tMedi plus mini comprenant un moteur\n\nParfaitement adapt\u00e9 aux personnes de petite taille\n\nPOINTS FORTS \u2022 Prot\u00e8ge accoudoirs et prot\u00e8ge appui-t\u00eate de s\u00e9rie \u2022 Velours \u00absoft touch\u00bb Rev\u00eatement Qualitex haute r\u00e9sistance aux frottements\n\nVOUS APPR\u00c9CIEREZ Ses dimensions facilitant l\u2019acc\u00e8s des personnes de petite taille\t\t\t\t\t\t\t\t<\/div>\n\t\t\t\t<\/div>\n\t\t\t\t\t<\/div>\n\t\t\t\t<\/div>\n\t\t<div class=\"elementor-element elementor-element-904206e e-flex e-con-boxed e-con e-parent\" data-id=\"904206e\" data-element_type=\"container\" data-e-type=\"container\">\n\t\t\t\t\t<div class=\"e-con-inner\">\n\t\t<div class=\"elementor-element elementor-element-81a9335 e-con-full e-flex e-con e-child\" data-id=\"81a9335\" data-element_type=\"container\" data-e-type=\"container\">\n\t\t\t\t<div class=\"elementor-element elementor-element-b0b1bec elementor-widget elementor-widget-image\" data-id=\"b0b1bec\" data-element_type=\"widget\" data-e-type=\"widget\" data-widget_type=\"image.default\">\n\t\t\t\t<div class=\"elementor-widget-container\">\n\t\t\t\t\t\t\t\t\t\t\t\t\t\t\t<img fetchpriority=\"high\" decoding=\"async\" width=\"700\" height=\"400\" src=\"https:\/\/medirelax.be\/wp-content\/uploads\/2024\/06\/Medi-plus-mini-Revetement.jpg\" class=\"attachment-large size-large wp-image-1775\" alt=\"Medi plus mini Revetement\" srcset=\"https:\/\/medirelax.be\/wp-content\/uploads\/2024\/06\/Medi-plus-mini-Revetement.jpg 700w, https:\/\/medirelax.be\/wp-content\/uploads\/2024\/06\/Medi-plus-mini-Revetement-300x171.jpg 300w, https:\/\/medirelax.be\/wp-content\/uploads\/2024\/06\/Medi-plus-mini-Revetement-600x343.jpg 600w\" sizes=\"(max-width: 700px) 100vw, 700px\" \/>\t\t\t\t\t\t\t\t\t\t\t\t\t\t\t<\/div>\n\t\t\t\t<\/div>\n\t\t\t\t<\/div>\n\t\t<div class=\"elementor-element elementor-element-963ce90 e-con-full e-flex e-con e-child\" data-id=\"963ce90\" data-element_type=\"container\" data-e-type=\"container\">\n\t\t\t\t<div class=\"elementor-element elementor-element-7a08df1 elementor-widget elementor-widget-image\" data-id=\"7a08df1\" data-element_type=\"widget\" data-e-type=\"widget\" data-widget_type=\"image.default\">\n\t\t\t\t<div class=\"elementor-widget-container\">\n\t\t\t\t\t\t\t\t\t\t\t\t\t\t\t<img decoding=\"async\" width=\"700\" height=\"400\" src=\"https:\/\/medirelax.be\/wp-content\/uploads\/2024\/06\/telecommande.jpg\" class=\"attachment-large size-large wp-image-1776\" alt=\"telecommande\" srcset=\"https:\/\/medirelax.be\/wp-content\/uploads\/2024\/06\/telecommande.jpg 700w, https:\/\/medirelax.be\/wp-content\/uploads\/2024\/06\/telecommande-300x171.jpg 300w, https:\/\/medirelax.be\/wp-content\/uploads\/2024\/06\/telecommande-600x343.jpg 600w\" sizes=\"(max-width: 700px) 100vw, 700px\" \/>\t\t\t\t\t\t\t\t\t\t\t\t\t\t\t<\/div>\n\t\t\t\t<\/div>\n\t\t\t\t<\/div>\n\t\t\t\t\t<\/div>\n\t\t\t\t<\/div>\n\t\t<div class=\"elementor-element elementor-element-a0c3f6d e-flex e-con-boxed e-con e-parent\" data-id=\"a0c3f6d\" data-element_type=\"container\" data-e-type=\"container\">\n\t\t\t\t\t<div class=\"e-con-inner\">\n\t\t<div class=\"elementor-element elementor-element-e2a25b4 e-con-full e-flex e-con e-child\" data-id=\"e2a25b4\" data-element_type=\"container\" data-e-type=\"container\">\n\t\t\t\t<div class=\"elementor-element elementor-element-4c1b52e elementor-widget elementor-widget-image\" data-id=\"4c1b52e\" data-element_type=\"widget\" data-e-type=\"widget\" data-widget_type=\"image.default\">\n\t\t\t\t<div class=\"elementor-widget-container\">\n\t\t\t\t\t\t\t\t\t\t\t\t\t\t\t<img decoding=\"async\" width=\"700\" height=\"400\" src=\"https:\/\/medirelax.be\/wp-content\/uploads\/2024\/06\/position.jpg\" class=\"attachment-large size-large wp-image-1777\" alt=\"position\" srcset=\"https:\/\/medirelax.be\/wp-content\/uploads\/2024\/06\/position.jpg 700w, https:\/\/medirelax.be\/wp-content\/uploads\/2024\/06\/position-300x171.jpg 300w, https:\/\/medirelax.be\/wp-content\/uploads\/2024\/06\/position-600x343.jpg 600w\" sizes=\"(max-width: 700px) 100vw, 700px\" \/>\t\t\t\t\t\t\t\t\t\t\t\t\t\t\t<\/div>\n\t\t\t\t<\/div>\n\t\t\t\t<\/div>\n\t\t<div class=\"elementor-element elementor-element-18c5ce6 e-con-full e-flex e-con e-child\" data-id=\"18c5ce6\" data-element_type=\"container\" data-e-type=\"container\">\n\t\t\t\t<div class=\"elementor-element elementor-element-64c0eae elementor-widget elementor-widget-image\" data-id=\"64c0eae\" data-element_type=\"widget\" data-e-type=\"widget\" data-widget_type=\"image.default\">\n\t\t\t\t<div class=\"elementor-widget-container\">\n\t\t\t\t\t\t\t\t\t\t\t\t\t\t\t<img loading=\"lazy\" decoding=\"async\" width=\"700\" height=\"400\" src=\"https:\/\/medirelax.be\/wp-content\/uploads\/2024\/06\/dimension-1.jpg\" class=\"attachment-large size-large wp-image-1778\" alt=\"dimension\" srcset=\"https:\/\/medirelax.be\/wp-content\/uploads\/2024\/06\/dimension-1.jpg 700w, https:\/\/medirelax.be\/wp-content\/uploads\/2024\/06\/dimension-1-300x171.jpg 300w, https:\/\/medirelax.be\/wp-content\/uploads\/2024\/06\/dimension-1-600x343.jpg 600w\" sizes=\"(max-width: 700px) 100vw, 700px\" \/>\t\t\t\t\t\t\t\t\t\t\t\t\t\t\t<\/div>\n\t\t\t\t<\/div>\n\t\t\t\t<\/div>\n\t\t\t\t\t<\/div>\n\t\t\t\t<\/div>\n\t\t\t\t<\/div>\n\t\t","protected":false},"excerpt":{"rendered":"<p>Comprend un moteur.<\/p>\n<p>Parfaitement adapt\u00e9 aux personnes de petite taille.<\/p>\n<p>POINTS FORTS \u2022 Prot\u00e8ge accoudoirs et prot\u00e8ge appui-t\u00eate de s\u00e9rie \u2022 Velours \u00absoft touch\u00bb Rev\u00eatement Qualitex haute r\u00e9sistance aux frottements<\/p>\n<p>VOUS APPR\u00c9CIEREZ Ses dimensions facilitant l\u2019acc\u00e8s des personnes de petite taille<\/p>\n","protected":false},"featured_media":205,"template":"","meta":[],"product_brand":[],"product_cat":[28,99],"product_tag":[],"class_list":{"0":"post-204","1":"product","2":"type-product","3":"status-publish","4":"has-post-thumbnail","6":"product_cat-fauteuil-releveur","7":"product_cat-tailles-speciales","9":"first","10":"instock","11":"shipping-taxable","12":"purchasable","13":"product-type-simple"},"yoast_head":"<!-- This site is optimized with the Yoast SEO plugin v27.0 - https:\/\/yoast.com\/product\/yoast-seo-wordpress\/ -->\n<title>MEDI PLUS MINI UN MOTEUR - Medirelax<\/title>\n<meta name=\"description\" content=\"Parfaitement adapt\u00e9 aux personnes de petite taille \u2022 Prot\u00e8ge accoudoirs et prot\u00e8ge appui-t\u00eate de s\u00e9rie \u2022 Velours \u00absoft touch\u00bb Rev\u00eatement Qualitex haute r\u00e9sistance aux frottements\" \/>\n<meta name=\"robots\" content=\"index, follow, max-snippet:-1, max-image-preview:large, max-video-preview:-1\" \/>\n<link rel=\"canonical\" href=\"https:\/\/medirelax.be\/?product=medi-plus-mini\" \/>\n<meta property=\"og:locale\" content=\"fr_FR\" \/>\n<meta property=\"og:type\" content=\"article\" \/>\n<meta property=\"og:title\" content=\"MEDI PLUS MINI UN MOTEUR - Medirelax\" \/>\n<meta property=\"og:description\" content=\"Parfaitement adapt\u00e9 aux personnes de petite taille \u2022 Prot\u00e8ge accoudoirs et prot\u00e8ge appui-t\u00eate de s\u00e9rie \u2022 Velours \u00absoft touch\u00bb Rev\u00eatement Qualitex haute r\u00e9sistance aux frottements\" \/>\n<meta property=\"og:url\" content=\"https:\/\/medirelax.be\/?product=medi-plus-mini\" \/>\n<meta property=\"og:site_name\" content=\"Medirelax\" \/>\n<meta property=\"article:modified_time\" content=\"2025-02-26T16:54:30+00:00\" \/>\n<meta property=\"og:image\" content=\"https:\/\/medirelax.be\/wp-content\/uploads\/2024\/06\/Plus-daim-ambiance.jpg\" \/>\n\t<meta property=\"og:image:width\" content=\"500\" \/>\n\t<meta property=\"og:image:height\" content=\"600\" \/>\n\t<meta property=\"og:image:type\" content=\"image\/jpeg\" \/>\n<meta name=\"twitter:card\" content=\"summary_large_image\" \/>\n<meta name=\"twitter:label1\" content=\"Dur\u00e9e de lecture estim\u00e9e\" \/>\n\t<meta name=\"twitter:data1\" content=\"2 minutes\" \/>\n<script type=\"application\/ld+json\" class=\"yoast-schema-graph\">{\"@context\":\"https:\/\/schema.org\",\"@graph\":[{\"@type\":\"WebPage\",\"@id\":\"https:\/\/medirelax.be\/?product=medi-plus-mini\",\"url\":\"https:\/\/medirelax.be\/?product=medi-plus-mini\",\"name\":\"MEDI PLUS MINI UN MOTEUR - Medirelax\",\"isPartOf\":{\"@id\":\"https:\/\/medirelax.be\/#website\"},\"primaryImageOfPage\":{\"@id\":\"https:\/\/medirelax.be\/?product=medi-plus-mini#primaryimage\"},\"image\":{\"@id\":\"https:\/\/medirelax.be\/?product=medi-plus-mini#primaryimage\"},\"thumbnailUrl\":\"https:\/\/medirelax.be\/wp-content\/uploads\/2024\/06\/Plus-daim-ambiance.jpg\",\"datePublished\":\"2024-06-11T16:12:13+00:00\",\"dateModified\":\"2025-02-26T16:54:30+00:00\",\"description\":\"Parfaitement adapt\u00e9 aux personnes de petite taille \u2022 Prot\u00e8ge accoudoirs et prot\u00e8ge appui-t\u00eate de s\u00e9rie \u2022 Velours \u00absoft touch\u00bb Rev\u00eatement Qualitex haute r\u00e9sistance aux frottements\",\"breadcrumb\":{\"@id\":\"https:\/\/medirelax.be\/?product=medi-plus-mini#breadcrumb\"},\"inLanguage\":\"fr-FR\",\"potentialAction\":[{\"@type\":\"ReadAction\",\"target\":[\"https:\/\/medirelax.be\/?product=medi-plus-mini\"]}]},{\"@type\":\"ImageObject\",\"inLanguage\":\"fr-FR\",\"@id\":\"https:\/\/medirelax.be\/?product=medi-plus-mini#primaryimage\",\"url\":\"https:\/\/medirelax.be\/wp-content\/uploads\/2024\/06\/Plus-daim-ambiance.jpg\",\"contentUrl\":\"https:\/\/medirelax.be\/wp-content\/uploads\/2024\/06\/Plus-daim-ambiance.jpg\",\"width\":500,\"height\":600,\"caption\":\"Mini Plus daim ambiance\"},{\"@type\":\"BreadcrumbList\",\"@id\":\"https:\/\/medirelax.be\/?product=medi-plus-mini#breadcrumb\",\"itemListElement\":[{\"@type\":\"ListItem\",\"position\":1,\"name\":\"Home\",\"item\":\"https:\/\/medirelax.be\/\"},{\"@type\":\"ListItem\",\"position\":2,\"name\":\"Shop\",\"item\":\"https:\/\/medirelax.be\/?page_id=10\"},{\"@type\":\"ListItem\",\"position\":3,\"name\":\"MEDI PLUS MINI UN MOTEUR\"}]},{\"@type\":\"WebSite\",\"@id\":\"https:\/\/medirelax.be\/#website\",\"url\":\"https:\/\/medirelax.be\/\",\"name\":\"Medirelax\",\"description\":\"Medirelax, un monde de d\u00e9tente et de bien-\u00eatre\",\"potentialAction\":[{\"@type\":\"SearchAction\",\"target\":{\"@type\":\"EntryPoint\",\"urlTemplate\":\"https:\/\/medirelax.be\/?s={search_term_string}\"},\"query-input\":{\"@type\":\"PropertyValueSpecification\",\"valueRequired\":true,\"valueName\":\"search_term_string\"}}],\"inLanguage\":\"fr-FR\"}]}<\/script>\n<!-- \/ Yoast SEO plugin. -->","yoast_head_json":{"title":"MEDI PLUS MINI UN MOTEUR - Medirelax","description":"Parfaitement adapt\u00e9 aux personnes de petite taille \u2022 Prot\u00e8ge accoudoirs et prot\u00e8ge appui-t\u00eate de s\u00e9rie \u2022 Velours \u00absoft touch\u00bb Rev\u00eatement Qualitex haute r\u00e9sistance aux frottements","robots":{"index":"index","follow":"follow","max-snippet":"max-snippet:-1","max-image-preview":"max-image-preview:large","max-video-preview":"max-video-preview:-1"},"canonical":"https:\/\/medirelax.be\/?product=medi-plus-mini","og_locale":"fr_FR","og_type":"article","og_title":"MEDI PLUS MINI UN MOTEUR - Medirelax","og_description":"Parfaitement adapt\u00e9 aux personnes de petite taille \u2022 Prot\u00e8ge accoudoirs et prot\u00e8ge appui-t\u00eate de s\u00e9rie \u2022 Velours \u00absoft touch\u00bb Rev\u00eatement Qualitex haute r\u00e9sistance aux frottements","og_url":"https:\/\/medirelax.be\/?product=medi-plus-mini","og_site_name":"Medirelax","article_modified_time":"2025-02-26T16:54:30+00:00","og_image":[{"width":500,"height":600,"url":"https:\/\/medirelax.be\/wp-content\/uploads\/2024\/06\/Plus-daim-ambiance.jpg","type":"image\/jpeg"}],"twitter_card":"summary_large_image","twitter_misc":{"Dur\u00e9e de lecture estim\u00e9e":"2 minutes"},"schema":{"@context":"https:\/\/schema.org","@graph":[{"@type":"WebPage","@id":"https:\/\/medirelax.be\/?product=medi-plus-mini","url":"https:\/\/medirelax.be\/?product=medi-plus-mini","name":"MEDI PLUS MINI UN MOTEUR - Medirelax","isPartOf":{"@id":"https:\/\/medirelax.be\/#website"},"primaryImageOfPage":{"@id":"https:\/\/medirelax.be\/?product=medi-plus-mini#primaryimage"},"image":{"@id":"https:\/\/medirelax.be\/?product=medi-plus-mini#primaryimage"},"thumbnailUrl":"https:\/\/medirelax.be\/wp-content\/uploads\/2024\/06\/Plus-daim-ambiance.jpg","datePublished":"2024-06-11T16:12:13+00:00","dateModified":"2025-02-26T16:54:30+00:00","description":"Parfaitement adapt\u00e9 aux personnes de petite taille \u2022 Prot\u00e8ge accoudoirs et prot\u00e8ge appui-t\u00eate de s\u00e9rie \u2022 Velours \u00absoft touch\u00bb Rev\u00eatement Qualitex haute r\u00e9sistance aux frottements","breadcrumb":{"@id":"https:\/\/medirelax.be\/?product=medi-plus-mini#breadcrumb"},"inLanguage":"fr-FR","potentialAction":[{"@type":"ReadAction","target":["https:\/\/medirelax.be\/?product=medi-plus-mini"]}]},{"@type":"ImageObject","inLanguage":"fr-FR","@id":"https:\/\/medirelax.be\/?product=medi-plus-mini#primaryimage","url":"https:\/\/medirelax.be\/wp-content\/uploads\/2024\/06\/Plus-daim-ambiance.jpg","contentUrl":"https:\/\/medirelax.be\/wp-content\/uploads\/2024\/06\/Plus-daim-ambiance.jpg","width":500,"height":600,"caption":"Mini Plus daim ambiance"},{"@type":"BreadcrumbList","@id":"https:\/\/medirelax.be\/?product=medi-plus-mini#breadcrumb","itemListElement":[{"@type":"ListItem","position":1,"name":"Home","item":"https:\/\/medirelax.be\/"},{"@type":"ListItem","position":2,"name":"Shop","item":"https:\/\/medirelax.be\/?page_id=10"},{"@type":"ListItem","position":3,"name":"MEDI PLUS MINI UN MOTEUR"}]},{"@type":"WebSite","@id":"https:\/\/medirelax.be\/#website","url":"https:\/\/medirelax.be\/","name":"Medirelax","description":"Medirelax, un monde de d\u00e9tente et de bien-\u00eatre","potentialAction":[{"@type":"SearchAction","target":{"@type":"EntryPoint","urlTemplate":"https:\/\/medirelax.be\/?s={search_term_string}"},"query-input":{"@type":"PropertyValueSpecification","valueRequired":true,"valueName":"search_term_string"}}],"inLanguage":"fr-FR"}]}},"_links":{"self":[{"href":"https:\/\/medirelax.be\/index.php?rest_route=\/wp\/v2\/product\/204","targetHints":{"allow":["GET"]}}],"collection":[{"href":"https:\/\/medirelax.be\/index.php?rest_route=\/wp\/v2\/product"}],"about":[{"href":"https:\/\/medirelax.be\/index.php?rest_route=\/wp\/v2\/types\/product"}],"version-history":[{"count":2,"href":"https:\/\/medirelax.be\/index.php?rest_route=\/wp\/v2\/product\/204\/revisions"}],"predecessor-version":[{"id":2987,"href":"https:\/\/medirelax.be\/index.php?rest_route=\/wp\/v2\/product\/204\/revisions\/2987"}],"wp:featuredmedia":[{"embeddable":true,"href":"https:\/\/medirelax.be\/index.php?rest_route=\/wp\/v2\/media\/205"}],"wp:attachment":[{"href":"https:\/\/medirelax.be\/index.php?rest_route=%2Fwp%2Fv2%2Fmedia&parent=204"}],"wp:term":[{"taxonomy":"product_brand","embeddable":true,"href":"https:\/\/medirelax.be\/index.php?rest_route=%2Fwp%2Fv2%2Fproduct_brand&post=204"},{"taxonomy":"product_cat","embeddable":true,"href":"https:\/\/medirelax.be\/index.php?rest_route=%2Fwp%2Fv2%2Fproduct_cat&post=204"},{"taxonomy":"product_tag","embeddable":true,"href":"https:\/\/medirelax.be\/index.php?rest_route=%2Fwp%2Fv2%2Fproduct_tag&post=204"}],"curies":[{"name":"wp","href":"https:\/\/api.w.org\/{rel}","templated":true}]}}