{"id":1570,"date":"2024-07-21T17:23:13","date_gmt":"2024-07-21T15:23:13","guid":{"rendered":"https:\/\/medirelax.be\/?post_type=product&#038;p=1570"},"modified":"2025-02-26T13:48:52","modified_gmt":"2025-02-26T12:48:52","slug":"washington","status":"publish","type":"product","link":"https:\/\/medirelax.be\/?product=washington","title":{"rendered":"WASHINGTON"},"content":{"rendered":"\t\t<div data-elementor-type=\"product-post\" data-elementor-id=\"1570\" class=\"elementor elementor-1570\" data-elementor-post-type=\"product\">\n\t\t\t\t<div class=\"elementor-element elementor-element-56f04083 e-flex e-con-boxed e-con e-parent\" data-id=\"56f04083\" data-element_type=\"container\" data-e-type=\"container\">\n\t\t\t\t\t<div class=\"e-con-inner\">\n\t\t\t\t<div class=\"elementor-element elementor-element-4f8170d1 elementor-widget elementor-widget-text-editor\" data-id=\"4f8170d1\" data-element_type=\"widget\" data-e-type=\"widget\" data-widget_type=\"text-editor.default\">\n\t\t\t\t<div class=\"elementor-widget-container\">\n\t\t\t\t\t\t\t\t\tReleveur 1+1 moteurs avec fonction Lift et batterie int\u00e9gr\u00e9e LE PARTENAIRE ID\u00c9AL DES \u00abAIDANTS\u00bb\r\n\r\nVOUS APPR\u00c9CIEREZ Confort \u2022 Assise et repose jambes munis d\u2019une mousse \u00e0 m\u00e9moire de forme. \u2022 Dossier muni d\u2019oreillettes amovibles pour le maintien de la t\u00eate. \u2022 Assise continue avec le repose pieds pour un soutien complet de la totalit\u00e9 du segment jambier.\r\n\r\nUn entretien facile \u2022 Assise d\u00e9houssable pour faciliter l\u2019entretien ou \u00e9changer des parties ab\u00eem\u00e9es. \u2022 Accoudoirs et oreillettes du dossier escamotables. \u2022 Rev\u00eatement, nouvelle g\u00e9n\u00e9ration tr\u00e8s r\u00e9sistant, et imperm\u00e9able. \u2022 NB : &#8211; Son rev\u00eatement b\u00e9n\u00e9ficie de la norme non-feu EN1021-1 &amp;2 (retardant au feu, test de la cigarette et test de la flamme).\r\n\r\n\u00ab SON PLUS \u00bb. La fonction lift fonctionne \u00e9galement en position allong\u00e9e rendant les mobilisations ou \u00ab interventions \u00bb \u00e0 effectuer sur la personne alit\u00e9e moins contraignantes pour le dos des accompagnants ou des personnels soignants.\t\t\t\t\t\t\t\t<\/div>\n\t\t\t\t<\/div>\n\t\t\t\t\t<\/div>\n\t\t\t\t<\/div>\n\t\t<div class=\"elementor-element elementor-element-3f0c94c e-flex e-con-boxed e-con e-parent\" data-id=\"3f0c94c\" data-element_type=\"container\" data-e-type=\"container\">\n\t\t\t\t\t<div class=\"e-con-inner\">\n\t\t<div class=\"elementor-element elementor-element-bb58f78 e-con-full e-flex e-con e-child\" data-id=\"bb58f78\" data-element_type=\"container\" data-e-type=\"container\">\n\t\t\t\t<div class=\"elementor-element elementor-element-58a7607 elementor-widget elementor-widget-image\" data-id=\"58a7607\" data-element_type=\"widget\" data-e-type=\"widget\" data-widget_type=\"image.default\">\n\t\t\t\t<div class=\"elementor-widget-container\">\n\t\t\t\t\t\t\t\t\t\t\t\t\t\t\t<img fetchpriority=\"high\" decoding=\"async\" width=\"700\" height=\"500\" src=\"https:\/\/medirelax.be\/wp-content\/uploads\/2024\/07\/Revetements.jpg\" class=\"attachment-large size-large wp-image-2013\" alt=\"Revetements\" srcset=\"https:\/\/medirelax.be\/wp-content\/uploads\/2024\/07\/Revetements.jpg 700w, https:\/\/medirelax.be\/wp-content\/uploads\/2024\/07\/Revetements-300x214.jpg 300w, https:\/\/medirelax.be\/wp-content\/uploads\/2024\/07\/Revetements-600x429.jpg 600w\" sizes=\"(max-width: 700px) 100vw, 700px\" \/>\t\t\t\t\t\t\t\t\t\t\t\t\t\t\t<\/div>\n\t\t\t\t<\/div>\n\t\t\t\t<\/div>\n\t\t<div class=\"elementor-element elementor-element-2933303 e-con-full e-flex e-con e-child\" data-id=\"2933303\" data-element_type=\"container\" data-e-type=\"container\">\n\t\t\t\t<div class=\"elementor-element elementor-element-68d08cf elementor-widget elementor-widget-image\" data-id=\"68d08cf\" data-element_type=\"widget\" data-e-type=\"widget\" data-widget_type=\"image.default\">\n\t\t\t\t<div class=\"elementor-widget-container\">\n\t\t\t\t\t\t\t\t\t\t\t\t\t\t\t<img decoding=\"async\" width=\"700\" height=\"500\" src=\"https:\/\/medirelax.be\/wp-content\/uploads\/2024\/07\/Dimensions-10.jpg\" class=\"attachment-large size-large wp-image-2014\" alt=\"Dimensions\" srcset=\"https:\/\/medirelax.be\/wp-content\/uploads\/2024\/07\/Dimensions-10.jpg 700w, https:\/\/medirelax.be\/wp-content\/uploads\/2024\/07\/Dimensions-10-300x214.jpg 300w, https:\/\/medirelax.be\/wp-content\/uploads\/2024\/07\/Dimensions-10-600x429.jpg 600w\" sizes=\"(max-width: 700px) 100vw, 700px\" \/>\t\t\t\t\t\t\t\t\t\t\t\t\t\t\t<\/div>\n\t\t\t\t<\/div>\n\t\t\t\t<\/div>\n\t\t\t\t\t<\/div>\n\t\t\t\t<\/div>\n\t\t<div class=\"elementor-element elementor-element-1326625 e-flex e-con-boxed e-con e-parent\" data-id=\"1326625\" data-element_type=\"container\" data-e-type=\"container\">\n\t\t\t\t\t<div class=\"e-con-inner\">\n\t\t<div class=\"elementor-element elementor-element-b0f182f e-con-full e-flex e-con e-child\" data-id=\"b0f182f\" data-element_type=\"container\" data-e-type=\"container\">\n\t\t\t\t<div class=\"elementor-element elementor-element-5a7ae62 elementor-widget elementor-widget-image\" data-id=\"5a7ae62\" data-element_type=\"widget\" data-e-type=\"widget\" data-widget_type=\"image.default\">\n\t\t\t\t<div class=\"elementor-widget-container\">\n\t\t\t\t\t\t\t\t\t\t\t\t\t\t\t<img decoding=\"async\" width=\"700\" height=\"500\" src=\"https:\/\/medirelax.be\/wp-content\/uploads\/2024\/07\/remote-5.jpg\" class=\"attachment-large size-large wp-image-2012\" alt=\"remote\" srcset=\"https:\/\/medirelax.be\/wp-content\/uploads\/2024\/07\/remote-5.jpg 700w, https:\/\/medirelax.be\/wp-content\/uploads\/2024\/07\/remote-5-300x214.jpg 300w, https:\/\/medirelax.be\/wp-content\/uploads\/2024\/07\/remote-5-600x429.jpg 600w\" sizes=\"(max-width: 700px) 100vw, 700px\" \/>\t\t\t\t\t\t\t\t\t\t\t\t\t\t\t<\/div>\n\t\t\t\t<\/div>\n\t\t\t\t<\/div>\n\t\t<div class=\"elementor-element elementor-element-9305aef e-con-full e-flex e-con e-child\" data-id=\"9305aef\" data-element_type=\"container\" data-e-type=\"container\">\n\t\t\t\t<\/div>\n\t\t\t\t\t<\/div>\n\t\t\t\t<\/div>\n\t\t\t\t<\/div>\n\t\t","protected":false},"excerpt":{"rendered":"<p>Releveur 1+1 moteurs avec fonction Lift et batterie int\u00e9gr\u00e9e LE PARTENAIRE ID\u00c9AL DES \u00abAIDANTS\u00bb<\/p>\n<p>VOUS APPR\u00c9CIEREZ Confort \u2022 Assise et repose jambes munis d\u2019une mousse \u00e0 m\u00e9moire de forme. \u2022 Dossier muni d\u2019oreillettes amovibles pour le maintien de la t\u00eate. \u2022 Assise continue avec le repose pieds pour un soutien complet de la totalit\u00e9 du segment jambier.<\/p>\n<p>Un entretien facile \u2022 Assise d\u00e9houssable pour faciliter l\u2019entretien ou \u00e9changer des parties ab\u00eem\u00e9es. \u2022 Accoudoirs et oreillettes du dossier escamotables. \u2022 Rev\u00eatement, nouvelle g\u00e9n\u00e9ration tr\u00e8s r\u00e9sistant, et imperm\u00e9able. \u2022 NB : &#8211; Son rev\u00eatement b\u00e9n\u00e9ficie de la norme non-feu EN1021-1 &amp;2 (retardant au feu, test de la cigarette et test de la flamme).<\/p>\n<p>\u00ab SON PLUS \u00bb. La fonction lift fonctionne \u00e9galement en position allong\u00e9e rendant les mobilisations ou \u00ab interventions \u00bb \u00e0 effectuer sur la personne alit\u00e9e moins contraignantes pour le dos des accompagnants ou des personnels soignants.<\/p>\n","protected":false},"featured_media":1576,"template":"","meta":[],"product_brand":[],"product_cat":[28,102],"product_tag":[],"class_list":{"0":"post-1570","1":"product","2":"type-product","3":"status-publish","4":"has-post-thumbnail","6":"product_cat-fauteuil-releveur","7":"product_cat-les-classiques","9":"first","10":"instock","11":"shipping-taxable","12":"purchasable","13":"product-type-simple"},"yoast_head":"<!-- This site is optimized with the Yoast SEO plugin v27.0 - https:\/\/yoast.com\/product\/yoast-seo-wordpress\/ -->\n<title>WASHINGTON - Medirelax<\/title>\n<meta name=\"description\" content=\"Releveur 1+1 moteurs avec fonction Lift et batterie int\u00e9gr\u00e9e LE PARTENAIRE ID\u00c9AL DES \u00abAIDANTS\u00bb\" \/>\n<meta name=\"robots\" content=\"index, follow, max-snippet:-1, max-image-preview:large, max-video-preview:-1\" \/>\n<link rel=\"canonical\" href=\"https:\/\/medirelax.be\/?product=washington\" \/>\n<meta property=\"og:locale\" content=\"fr_FR\" \/>\n<meta property=\"og:type\" content=\"article\" \/>\n<meta property=\"og:title\" content=\"WASHINGTON - Medirelax\" \/>\n<meta property=\"og:description\" content=\"Releveur 1+1 moteurs avec fonction Lift et batterie int\u00e9gr\u00e9e LE PARTENAIRE ID\u00c9AL DES \u00abAIDANTS\u00bb\" \/>\n<meta property=\"og:url\" content=\"https:\/\/medirelax.be\/?product=washington\" \/>\n<meta property=\"og:site_name\" content=\"Medirelax\" \/>\n<meta property=\"article:modified_time\" content=\"2025-02-26T12:48:52+00:00\" \/>\n<meta property=\"og:image\" content=\"https:\/\/medirelax.be\/wp-content\/uploads\/2024\/07\/Washington.jpg\" \/>\n\t<meta property=\"og:image:width\" content=\"500\" \/>\n\t<meta property=\"og:image:height\" content=\"600\" \/>\n\t<meta property=\"og:image:type\" content=\"image\/jpeg\" \/>\n<meta name=\"twitter:card\" content=\"summary_large_image\" \/>\n<script type=\"application\/ld+json\" class=\"yoast-schema-graph\">{\"@context\":\"https:\/\/schema.org\",\"@graph\":[{\"@type\":\"WebPage\",\"@id\":\"https:\/\/medirelax.be\/?product=washington\",\"url\":\"https:\/\/medirelax.be\/?product=washington\",\"name\":\"WASHINGTON - Medirelax\",\"isPartOf\":{\"@id\":\"https:\/\/medirelax.be\/#website\"},\"primaryImageOfPage\":{\"@id\":\"https:\/\/medirelax.be\/?product=washington#primaryimage\"},\"image\":{\"@id\":\"https:\/\/medirelax.be\/?product=washington#primaryimage\"},\"thumbnailUrl\":\"https:\/\/medirelax.be\/wp-content\/uploads\/2024\/07\/Washington.jpg\",\"datePublished\":\"2024-07-21T15:23:13+00:00\",\"dateModified\":\"2025-02-26T12:48:52+00:00\",\"description\":\"Releveur 1+1 moteurs avec fonction Lift et batterie int\u00e9gr\u00e9e LE PARTENAIRE ID\u00c9AL DES \u00abAIDANTS\u00bb\",\"breadcrumb\":{\"@id\":\"https:\/\/medirelax.be\/?product=washington#breadcrumb\"},\"inLanguage\":\"fr-FR\",\"potentialAction\":[{\"@type\":\"ReadAction\",\"target\":[\"https:\/\/medirelax.be\/?product=washington\"]}]},{\"@type\":\"ImageObject\",\"inLanguage\":\"fr-FR\",\"@id\":\"https:\/\/medirelax.be\/?product=washington#primaryimage\",\"url\":\"https:\/\/medirelax.be\/wp-content\/uploads\/2024\/07\/Washington.jpg\",\"contentUrl\":\"https:\/\/medirelax.be\/wp-content\/uploads\/2024\/07\/Washington.jpg\",\"width\":500,\"height\":600,\"caption\":\"Washington\"},{\"@type\":\"BreadcrumbList\",\"@id\":\"https:\/\/medirelax.be\/?product=washington#breadcrumb\",\"itemListElement\":[{\"@type\":\"ListItem\",\"position\":1,\"name\":\"Home\",\"item\":\"https:\/\/medirelax.be\/\"},{\"@type\":\"ListItem\",\"position\":2,\"name\":\"Shop\",\"item\":\"https:\/\/medirelax.be\/?page_id=10\"},{\"@type\":\"ListItem\",\"position\":3,\"name\":\"WASHINGTON\"}]},{\"@type\":\"WebSite\",\"@id\":\"https:\/\/medirelax.be\/#website\",\"url\":\"https:\/\/medirelax.be\/\",\"name\":\"Medirelax\",\"description\":\"Medirelax, un monde de d\u00e9tente et de bien-\u00eatre\",\"potentialAction\":[{\"@type\":\"SearchAction\",\"target\":{\"@type\":\"EntryPoint\",\"urlTemplate\":\"https:\/\/medirelax.be\/?s={search_term_string}\"},\"query-input\":{\"@type\":\"PropertyValueSpecification\",\"valueRequired\":true,\"valueName\":\"search_term_string\"}}],\"inLanguage\":\"fr-FR\"}]}<\/script>\n<!-- \/ Yoast SEO plugin. -->","yoast_head_json":{"title":"WASHINGTON - Medirelax","description":"Releveur 1+1 moteurs avec fonction Lift et batterie int\u00e9gr\u00e9e LE PARTENAIRE ID\u00c9AL DES \u00abAIDANTS\u00bb","robots":{"index":"index","follow":"follow","max-snippet":"max-snippet:-1","max-image-preview":"max-image-preview:large","max-video-preview":"max-video-preview:-1"},"canonical":"https:\/\/medirelax.be\/?product=washington","og_locale":"fr_FR","og_type":"article","og_title":"WASHINGTON - Medirelax","og_description":"Releveur 1+1 moteurs avec fonction Lift et batterie int\u00e9gr\u00e9e LE PARTENAIRE ID\u00c9AL DES \u00abAIDANTS\u00bb","og_url":"https:\/\/medirelax.be\/?product=washington","og_site_name":"Medirelax","article_modified_time":"2025-02-26T12:48:52+00:00","og_image":[{"width":500,"height":600,"url":"https:\/\/medirelax.be\/wp-content\/uploads\/2024\/07\/Washington.jpg","type":"image\/jpeg"}],"twitter_card":"summary_large_image","schema":{"@context":"https:\/\/schema.org","@graph":[{"@type":"WebPage","@id":"https:\/\/medirelax.be\/?product=washington","url":"https:\/\/medirelax.be\/?product=washington","name":"WASHINGTON - Medirelax","isPartOf":{"@id":"https:\/\/medirelax.be\/#website"},"primaryImageOfPage":{"@id":"https:\/\/medirelax.be\/?product=washington#primaryimage"},"image":{"@id":"https:\/\/medirelax.be\/?product=washington#primaryimage"},"thumbnailUrl":"https:\/\/medirelax.be\/wp-content\/uploads\/2024\/07\/Washington.jpg","datePublished":"2024-07-21T15:23:13+00:00","dateModified":"2025-02-26T12:48:52+00:00","description":"Releveur 1+1 moteurs avec fonction Lift et batterie int\u00e9gr\u00e9e LE PARTENAIRE ID\u00c9AL DES \u00abAIDANTS\u00bb","breadcrumb":{"@id":"https:\/\/medirelax.be\/?product=washington#breadcrumb"},"inLanguage":"fr-FR","potentialAction":[{"@type":"ReadAction","target":["https:\/\/medirelax.be\/?product=washington"]}]},{"@type":"ImageObject","inLanguage":"fr-FR","@id":"https:\/\/medirelax.be\/?product=washington#primaryimage","url":"https:\/\/medirelax.be\/wp-content\/uploads\/2024\/07\/Washington.jpg","contentUrl":"https:\/\/medirelax.be\/wp-content\/uploads\/2024\/07\/Washington.jpg","width":500,"height":600,"caption":"Washington"},{"@type":"BreadcrumbList","@id":"https:\/\/medirelax.be\/?product=washington#breadcrumb","itemListElement":[{"@type":"ListItem","position":1,"name":"Home","item":"https:\/\/medirelax.be\/"},{"@type":"ListItem","position":2,"name":"Shop","item":"https:\/\/medirelax.be\/?page_id=10"},{"@type":"ListItem","position":3,"name":"WASHINGTON"}]},{"@type":"WebSite","@id":"https:\/\/medirelax.be\/#website","url":"https:\/\/medirelax.be\/","name":"Medirelax","description":"Medirelax, un monde de d\u00e9tente et de bien-\u00eatre","potentialAction":[{"@type":"SearchAction","target":{"@type":"EntryPoint","urlTemplate":"https:\/\/medirelax.be\/?s={search_term_string}"},"query-input":{"@type":"PropertyValueSpecification","valueRequired":true,"valueName":"search_term_string"}}],"inLanguage":"fr-FR"}]}},"_links":{"self":[{"href":"https:\/\/medirelax.be\/index.php?rest_route=\/wp\/v2\/product\/1570","targetHints":{"allow":["GET"]}}],"collection":[{"href":"https:\/\/medirelax.be\/index.php?rest_route=\/wp\/v2\/product"}],"about":[{"href":"https:\/\/medirelax.be\/index.php?rest_route=\/wp\/v2\/types\/product"}],"version-history":[{"count":1,"href":"https:\/\/medirelax.be\/index.php?rest_route=\/wp\/v2\/product\/1570\/revisions"}],"predecessor-version":[{"id":2866,"href":"https:\/\/medirelax.be\/index.php?rest_route=\/wp\/v2\/product\/1570\/revisions\/2866"}],"wp:featuredmedia":[{"embeddable":true,"href":"https:\/\/medirelax.be\/index.php?rest_route=\/wp\/v2\/media\/1576"}],"wp:attachment":[{"href":"https:\/\/medirelax.be\/index.php?rest_route=%2Fwp%2Fv2%2Fmedia&parent=1570"}],"wp:term":[{"taxonomy":"product_brand","embeddable":true,"href":"https:\/\/medirelax.be\/index.php?rest_route=%2Fwp%2Fv2%2Fproduct_brand&post=1570"},{"taxonomy":"product_cat","embeddable":true,"href":"https:\/\/medirelax.be\/index.php?rest_route=%2Fwp%2Fv2%2Fproduct_cat&post=1570"},{"taxonomy":"product_tag","embeddable":true,"href":"https:\/\/medirelax.be\/index.php?rest_route=%2Fwp%2Fv2%2Fproduct_tag&post=1570"}],"curies":[{"name":"wp","href":"https:\/\/api.w.org\/{rel}","templated":true}]}}