{"id":1374,"date":"2024-07-18T14:04:59","date_gmt":"2024-07-18T12:04:59","guid":{"rendered":"https:\/\/medirelax.be\/?post_type=product&#038;p=1374"},"modified":"2024-10-24T15:02:27","modified_gmt":"2024-10-24T13:02:27","slug":"option-mecanisme-dextension","status":"publish","type":"product","link":"https:\/\/medirelax.be\/?product=option-mecanisme-dextension","title":{"rendered":"OPTION M\u00c9CANISME D&rsquo;EXTENSION"},"content":{"rendered":"<p>Accessoire disponible uniquement sur les fauteuils bi-moteurs am\u00e9ricains suivants : Medi Premium, Classic, Plus, Luxe et XL et sp\u00e9cifique grande taille, XXL. (non compatible avec les mod\u00e8les Medi Moderne, Plus Mini et XXXL)<\/p>\n","protected":false},"excerpt":{"rendered":"<p>Accessoire disponible uniquement sur les fauteuils bi-moteurs am\u00e9ricains suivants : Medi Premium, Classic, Plus, Luxe et XL et sp\u00e9cifique grande taille, XXL. (non compatible avec les mod\u00e8les Medi Moderne, Plus Mini et XXXL)<\/p>\n","protected":false},"featured_media":1376,"template":"","meta":[],"product_brand":[],"product_cat":[82],"product_tag":[],"class_list":{"0":"post-1374","1":"product","2":"type-product","3":"status-publish","4":"has-post-thumbnail","6":"product_cat-accessoires","8":"first","9":"instock","10":"shipping-taxable","11":"product-type-external"},"yoast_head":"<!-- This site is optimized with the Yoast SEO plugin v27.0 - https:\/\/yoast.com\/product\/yoast-seo-wordpress\/ -->\n<title>OPTION M\u00c9CANISME D&#039;EXTENSION - Medirelax<\/title>\n<meta name=\"description\" content=\"Accessoire disponible uniquement sur les fauteuilsbi-moteurs am\u00e9ricains suivants : Medi Premium, Classic,Plus, Luxe et XL et sp\u00e9cifique grande taille, XXL.\" \/>\n<meta name=\"robots\" content=\"index, follow, max-snippet:-1, max-image-preview:large, max-video-preview:-1\" \/>\n<link rel=\"canonical\" href=\"https:\/\/medirelax.be\/?product=option-mecanisme-dextension\" \/>\n<meta property=\"og:locale\" content=\"fr_FR\" \/>\n<meta property=\"og:type\" content=\"article\" \/>\n<meta property=\"og:title\" content=\"OPTION M\u00c9CANISME D&#039;EXTENSION - Medirelax\" \/>\n<meta property=\"og:description\" content=\"Accessoire disponible uniquement sur les fauteuilsbi-moteurs am\u00e9ricains suivants : Medi Premium, Classic,Plus, Luxe et XL et sp\u00e9cifique grande taille, XXL.\" \/>\n<meta property=\"og:url\" content=\"https:\/\/medirelax.be\/?product=option-mecanisme-dextension\" \/>\n<meta property=\"og:site_name\" content=\"Medirelax\" \/>\n<meta property=\"article:modified_time\" content=\"2024-10-24T13:02:27+00:00\" \/>\n<meta property=\"og:image\" content=\"https:\/\/medirelax.be\/wp-content\/uploads\/2024\/07\/Option-mecanisme-dextension.jpg\" \/>\n\t<meta property=\"og:image:width\" content=\"500\" \/>\n\t<meta property=\"og:image:height\" content=\"600\" \/>\n\t<meta property=\"og:image:type\" content=\"image\/jpeg\" \/>\n<meta name=\"twitter:card\" content=\"summary_large_image\" \/>\n<meta name=\"twitter:label1\" content=\"Dur\u00e9e de lecture estim\u00e9e\" \/>\n\t<meta name=\"twitter:data1\" content=\"1 minute\" \/>\n<script type=\"application\/ld+json\" class=\"yoast-schema-graph\">{\"@context\":\"https:\/\/schema.org\",\"@graph\":[{\"@type\":\"WebPage\",\"@id\":\"https:\/\/medirelax.be\/?product=option-mecanisme-dextension\",\"url\":\"https:\/\/medirelax.be\/?product=option-mecanisme-dextension\",\"name\":\"OPTION M\u00c9CANISME D'EXTENSION - Medirelax\",\"isPartOf\":{\"@id\":\"https:\/\/medirelax.be\/#website\"},\"primaryImageOfPage\":{\"@id\":\"https:\/\/medirelax.be\/?product=option-mecanisme-dextension#primaryimage\"},\"image\":{\"@id\":\"https:\/\/medirelax.be\/?product=option-mecanisme-dextension#primaryimage\"},\"thumbnailUrl\":\"https:\/\/medirelax.be\/wp-content\/uploads\/2024\/07\/Option-mecanisme-dextension.jpg\",\"datePublished\":\"2024-07-18T12:04:59+00:00\",\"dateModified\":\"2024-10-24T13:02:27+00:00\",\"description\":\"Accessoire disponible uniquement sur les fauteuilsbi-moteurs am\u00e9ricains suivants : Medi Premium, Classic,Plus, Luxe et XL et sp\u00e9cifique grande taille, XXL.\",\"breadcrumb\":{\"@id\":\"https:\/\/medirelax.be\/?product=option-mecanisme-dextension#breadcrumb\"},\"inLanguage\":\"fr-FR\",\"potentialAction\":[{\"@type\":\"ReadAction\",\"target\":[\"https:\/\/medirelax.be\/?product=option-mecanisme-dextension\"]}]},{\"@type\":\"ImageObject\",\"inLanguage\":\"fr-FR\",\"@id\":\"https:\/\/medirelax.be\/?product=option-mecanisme-dextension#primaryimage\",\"url\":\"https:\/\/medirelax.be\/wp-content\/uploads\/2024\/07\/Option-mecanisme-dextension.jpg\",\"contentUrl\":\"https:\/\/medirelax.be\/wp-content\/uploads\/2024\/07\/Option-mecanisme-dextension.jpg\",\"width\":500,\"height\":600,\"caption\":\"Option me\u0301canisme d\u2019extension\"},{\"@type\":\"BreadcrumbList\",\"@id\":\"https:\/\/medirelax.be\/?product=option-mecanisme-dextension#breadcrumb\",\"itemListElement\":[{\"@type\":\"ListItem\",\"position\":1,\"name\":\"Home\",\"item\":\"https:\/\/medirelax.be\/\"},{\"@type\":\"ListItem\",\"position\":2,\"name\":\"Shop\",\"item\":\"https:\/\/medirelax.be\/?page_id=10\"},{\"@type\":\"ListItem\",\"position\":3,\"name\":\"OPTION M\u00c9CANISME D&rsquo;EXTENSION\"}]},{\"@type\":\"WebSite\",\"@id\":\"https:\/\/medirelax.be\/#website\",\"url\":\"https:\/\/medirelax.be\/\",\"name\":\"Medirelax\",\"description\":\"Medirelax, un monde de d\u00e9tente et de bien-\u00eatre\",\"potentialAction\":[{\"@type\":\"SearchAction\",\"target\":{\"@type\":\"EntryPoint\",\"urlTemplate\":\"https:\/\/medirelax.be\/?s={search_term_string}\"},\"query-input\":{\"@type\":\"PropertyValueSpecification\",\"valueRequired\":true,\"valueName\":\"search_term_string\"}}],\"inLanguage\":\"fr-FR\"}]}<\/script>\n<!-- \/ Yoast SEO plugin. -->","yoast_head_json":{"title":"OPTION M\u00c9CANISME D'EXTENSION - Medirelax","description":"Accessoire disponible uniquement sur les fauteuilsbi-moteurs am\u00e9ricains suivants : Medi Premium, Classic,Plus, Luxe et XL et sp\u00e9cifique grande taille, XXL.","robots":{"index":"index","follow":"follow","max-snippet":"max-snippet:-1","max-image-preview":"max-image-preview:large","max-video-preview":"max-video-preview:-1"},"canonical":"https:\/\/medirelax.be\/?product=option-mecanisme-dextension","og_locale":"fr_FR","og_type":"article","og_title":"OPTION M\u00c9CANISME D'EXTENSION - Medirelax","og_description":"Accessoire disponible uniquement sur les fauteuilsbi-moteurs am\u00e9ricains suivants : Medi Premium, Classic,Plus, Luxe et XL et sp\u00e9cifique grande taille, XXL.","og_url":"https:\/\/medirelax.be\/?product=option-mecanisme-dextension","og_site_name":"Medirelax","article_modified_time":"2024-10-24T13:02:27+00:00","og_image":[{"width":500,"height":600,"url":"https:\/\/medirelax.be\/wp-content\/uploads\/2024\/07\/Option-mecanisme-dextension.jpg","type":"image\/jpeg"}],"twitter_card":"summary_large_image","twitter_misc":{"Dur\u00e9e de lecture estim\u00e9e":"1 minute"},"schema":{"@context":"https:\/\/schema.org","@graph":[{"@type":"WebPage","@id":"https:\/\/medirelax.be\/?product=option-mecanisme-dextension","url":"https:\/\/medirelax.be\/?product=option-mecanisme-dextension","name":"OPTION M\u00c9CANISME D'EXTENSION - Medirelax","isPartOf":{"@id":"https:\/\/medirelax.be\/#website"},"primaryImageOfPage":{"@id":"https:\/\/medirelax.be\/?product=option-mecanisme-dextension#primaryimage"},"image":{"@id":"https:\/\/medirelax.be\/?product=option-mecanisme-dextension#primaryimage"},"thumbnailUrl":"https:\/\/medirelax.be\/wp-content\/uploads\/2024\/07\/Option-mecanisme-dextension.jpg","datePublished":"2024-07-18T12:04:59+00:00","dateModified":"2024-10-24T13:02:27+00:00","description":"Accessoire disponible uniquement sur les fauteuilsbi-moteurs am\u00e9ricains suivants : Medi Premium, Classic,Plus, Luxe et XL et sp\u00e9cifique grande taille, XXL.","breadcrumb":{"@id":"https:\/\/medirelax.be\/?product=option-mecanisme-dextension#breadcrumb"},"inLanguage":"fr-FR","potentialAction":[{"@type":"ReadAction","target":["https:\/\/medirelax.be\/?product=option-mecanisme-dextension"]}]},{"@type":"ImageObject","inLanguage":"fr-FR","@id":"https:\/\/medirelax.be\/?product=option-mecanisme-dextension#primaryimage","url":"https:\/\/medirelax.be\/wp-content\/uploads\/2024\/07\/Option-mecanisme-dextension.jpg","contentUrl":"https:\/\/medirelax.be\/wp-content\/uploads\/2024\/07\/Option-mecanisme-dextension.jpg","width":500,"height":600,"caption":"Option me\u0301canisme d\u2019extension"},{"@type":"BreadcrumbList","@id":"https:\/\/medirelax.be\/?product=option-mecanisme-dextension#breadcrumb","itemListElement":[{"@type":"ListItem","position":1,"name":"Home","item":"https:\/\/medirelax.be\/"},{"@type":"ListItem","position":2,"name":"Shop","item":"https:\/\/medirelax.be\/?page_id=10"},{"@type":"ListItem","position":3,"name":"OPTION M\u00c9CANISME D&rsquo;EXTENSION"}]},{"@type":"WebSite","@id":"https:\/\/medirelax.be\/#website","url":"https:\/\/medirelax.be\/","name":"Medirelax","description":"Medirelax, un monde de d\u00e9tente et de bien-\u00eatre","potentialAction":[{"@type":"SearchAction","target":{"@type":"EntryPoint","urlTemplate":"https:\/\/medirelax.be\/?s={search_term_string}"},"query-input":{"@type":"PropertyValueSpecification","valueRequired":true,"valueName":"search_term_string"}}],"inLanguage":"fr-FR"}]}},"_links":{"self":[{"href":"https:\/\/medirelax.be\/index.php?rest_route=\/wp\/v2\/product\/1374","targetHints":{"allow":["GET"]}}],"collection":[{"href":"https:\/\/medirelax.be\/index.php?rest_route=\/wp\/v2\/product"}],"about":[{"href":"https:\/\/medirelax.be\/index.php?rest_route=\/wp\/v2\/types\/product"}],"version-history":[{"count":2,"href":"https:\/\/medirelax.be\/index.php?rest_route=\/wp\/v2\/product\/1374\/revisions"}],"predecessor-version":[{"id":2758,"href":"https:\/\/medirelax.be\/index.php?rest_route=\/wp\/v2\/product\/1374\/revisions\/2758"}],"wp:featuredmedia":[{"embeddable":true,"href":"https:\/\/medirelax.be\/index.php?rest_route=\/wp\/v2\/media\/1376"}],"wp:attachment":[{"href":"https:\/\/medirelax.be\/index.php?rest_route=%2Fwp%2Fv2%2Fmedia&parent=1374"}],"wp:term":[{"taxonomy":"product_brand","embeddable":true,"href":"https:\/\/medirelax.be\/index.php?rest_route=%2Fwp%2Fv2%2Fproduct_brand&post=1374"},{"taxonomy":"product_cat","embeddable":true,"href":"https:\/\/medirelax.be\/index.php?rest_route=%2Fwp%2Fv2%2Fproduct_cat&post=1374"},{"taxonomy":"product_tag","embeddable":true,"href":"https:\/\/medirelax.be\/index.php?rest_route=%2Fwp%2Fv2%2Fproduct_tag&post=1374"}],"curies":[{"name":"wp","href":"https:\/\/api.w.org\/{rel}","templated":true}]}}