{"id":1360,"date":"2024-07-18T13:24:38","date_gmt":"2024-07-18T11:24:38","guid":{"rendered":"https:\/\/medirelax.be\/?post_type=product&#038;p=1360"},"modified":"2024-10-24T15:01:22","modified_gmt":"2024-10-24T13:01:22","slug":"tetiere","status":"publish","type":"product","link":"https:\/\/medirelax.be\/?product=tetiere","title":{"rendered":"T\u00caTI\u00c8RE"},"content":{"rendered":"<p>L\u2019accessoire pour encore plus de confort ! Vous pouvez ajouter au dossier de votre fauteuil un coussin cale nuque disponible dans 21 coloris pour \u00eatre associ\u00e9 \u00e0 la couleur de votre fauteuil de fabrication am\u00e9ricaine.<\/p>\n","protected":false},"excerpt":{"rendered":"<p>L\u2019accessoire pour encore plus de confort ! Vous pouvez ajouter au dossier de votre fauteuil un coussin cale nuque disponible dans 21 coloris pour \u00eatre associ\u00e9 \u00e0 la couleur de votre fauteuil de fabrication am\u00e9ricaine.<\/p>\n","protected":false},"featured_media":1363,"template":"","meta":[],"product_brand":[],"product_cat":[82],"product_tag":[],"class_list":{"0":"post-1360","1":"product","2":"type-product","3":"status-publish","4":"has-post-thumbnail","6":"product_cat-accessoires","8":"first","9":"instock","10":"shipping-taxable","11":"product-type-external"},"yoast_head":"<!-- This site is optimized with the Yoast SEO plugin v27.0 - https:\/\/yoast.com\/product\/yoast-seo-wordpress\/ -->\n<title>T\u00caTI\u00c8RE - Medirelax<\/title>\n<meta name=\"description\" content=\"L\u2019accessoire pour encore plus de confort !Vous pouvez ajouter au dossier de votre fauteuilun coussin cale nuque disponible dans 21 colorispour \u00eatre associ\u00e9 \u00e0 la couleur de votre fauteuil defabrication am\u00e9ricaine.\" \/>\n<meta name=\"robots\" content=\"index, follow, max-snippet:-1, max-image-preview:large, max-video-preview:-1\" \/>\n<link rel=\"canonical\" href=\"https:\/\/medirelax.be\/?product=tetiere\" \/>\n<meta property=\"og:locale\" content=\"fr_FR\" \/>\n<meta property=\"og:type\" content=\"article\" \/>\n<meta property=\"og:title\" content=\"T\u00caTI\u00c8RE - Medirelax\" \/>\n<meta property=\"og:description\" content=\"L\u2019accessoire pour encore plus de confort !Vous pouvez ajouter au dossier de votre fauteuilun coussin cale nuque disponible dans 21 colorispour \u00eatre associ\u00e9 \u00e0 la couleur de votre fauteuil defabrication am\u00e9ricaine.\" \/>\n<meta property=\"og:url\" content=\"https:\/\/medirelax.be\/?product=tetiere\" \/>\n<meta property=\"og:site_name\" content=\"Medirelax\" \/>\n<meta property=\"article:modified_time\" content=\"2024-10-24T13:01:22+00:00\" \/>\n<meta property=\"og:image\" content=\"https:\/\/medirelax.be\/wp-content\/uploads\/2024\/07\/Tetiere-3.jpg\" \/>\n\t<meta property=\"og:image:width\" content=\"500\" \/>\n\t<meta property=\"og:image:height\" content=\"600\" \/>\n\t<meta property=\"og:image:type\" content=\"image\/jpeg\" \/>\n<meta name=\"twitter:card\" content=\"summary_large_image\" \/>\n<meta name=\"twitter:label1\" content=\"Dur\u00e9e de lecture estim\u00e9e\" \/>\n\t<meta name=\"twitter:data1\" content=\"1 minute\" \/>\n<script type=\"application\/ld+json\" class=\"yoast-schema-graph\">{\"@context\":\"https:\/\/schema.org\",\"@graph\":[{\"@type\":\"WebPage\",\"@id\":\"https:\/\/medirelax.be\/?product=tetiere\",\"url\":\"https:\/\/medirelax.be\/?product=tetiere\",\"name\":\"T\u00caTI\u00c8RE - Medirelax\",\"isPartOf\":{\"@id\":\"https:\/\/medirelax.be\/#website\"},\"primaryImageOfPage\":{\"@id\":\"https:\/\/medirelax.be\/?product=tetiere#primaryimage\"},\"image\":{\"@id\":\"https:\/\/medirelax.be\/?product=tetiere#primaryimage\"},\"thumbnailUrl\":\"https:\/\/medirelax.be\/wp-content\/uploads\/2024\/07\/Tetiere-3.jpg\",\"datePublished\":\"2024-07-18T11:24:38+00:00\",\"dateModified\":\"2024-10-24T13:01:22+00:00\",\"description\":\"L\u2019accessoire pour encore plus de confort !Vous pouvez ajouter au dossier de votre fauteuilun coussin cale nuque disponible dans 21 colorispour \u00eatre associ\u00e9 \u00e0 la couleur de votre fauteuil defabrication am\u00e9ricaine.\",\"breadcrumb\":{\"@id\":\"https:\/\/medirelax.be\/?product=tetiere#breadcrumb\"},\"inLanguage\":\"fr-FR\",\"potentialAction\":[{\"@type\":\"ReadAction\",\"target\":[\"https:\/\/medirelax.be\/?product=tetiere\"]}]},{\"@type\":\"ImageObject\",\"inLanguage\":\"fr-FR\",\"@id\":\"https:\/\/medirelax.be\/?product=tetiere#primaryimage\",\"url\":\"https:\/\/medirelax.be\/wp-content\/uploads\/2024\/07\/Tetiere-3.jpg\",\"contentUrl\":\"https:\/\/medirelax.be\/wp-content\/uploads\/2024\/07\/Tetiere-3.jpg\",\"width\":500,\"height\":600,\"caption\":\"Te\u0302tie\u0300re\"},{\"@type\":\"BreadcrumbList\",\"@id\":\"https:\/\/medirelax.be\/?product=tetiere#breadcrumb\",\"itemListElement\":[{\"@type\":\"ListItem\",\"position\":1,\"name\":\"Home\",\"item\":\"https:\/\/medirelax.be\/\"},{\"@type\":\"ListItem\",\"position\":2,\"name\":\"Shop\",\"item\":\"https:\/\/medirelax.be\/?page_id=10\"},{\"@type\":\"ListItem\",\"position\":3,\"name\":\"T\u00caTI\u00c8RE\"}]},{\"@type\":\"WebSite\",\"@id\":\"https:\/\/medirelax.be\/#website\",\"url\":\"https:\/\/medirelax.be\/\",\"name\":\"Medirelax\",\"description\":\"Medirelax, un monde de d\u00e9tente et de bien-\u00eatre\",\"potentialAction\":[{\"@type\":\"SearchAction\",\"target\":{\"@type\":\"EntryPoint\",\"urlTemplate\":\"https:\/\/medirelax.be\/?s={search_term_string}\"},\"query-input\":{\"@type\":\"PropertyValueSpecification\",\"valueRequired\":true,\"valueName\":\"search_term_string\"}}],\"inLanguage\":\"fr-FR\"}]}<\/script>\n<!-- \/ Yoast SEO plugin. -->","yoast_head_json":{"title":"T\u00caTI\u00c8RE - Medirelax","description":"L\u2019accessoire pour encore plus de confort !Vous pouvez ajouter au dossier de votre fauteuilun coussin cale nuque disponible dans 21 colorispour \u00eatre associ\u00e9 \u00e0 la couleur de votre fauteuil defabrication am\u00e9ricaine.","robots":{"index":"index","follow":"follow","max-snippet":"max-snippet:-1","max-image-preview":"max-image-preview:large","max-video-preview":"max-video-preview:-1"},"canonical":"https:\/\/medirelax.be\/?product=tetiere","og_locale":"fr_FR","og_type":"article","og_title":"T\u00caTI\u00c8RE - Medirelax","og_description":"L\u2019accessoire pour encore plus de confort !Vous pouvez ajouter au dossier de votre fauteuilun coussin cale nuque disponible dans 21 colorispour \u00eatre associ\u00e9 \u00e0 la couleur de votre fauteuil defabrication am\u00e9ricaine.","og_url":"https:\/\/medirelax.be\/?product=tetiere","og_site_name":"Medirelax","article_modified_time":"2024-10-24T13:01:22+00:00","og_image":[{"width":500,"height":600,"url":"https:\/\/medirelax.be\/wp-content\/uploads\/2024\/07\/Tetiere-3.jpg","type":"image\/jpeg"}],"twitter_card":"summary_large_image","twitter_misc":{"Dur\u00e9e de lecture estim\u00e9e":"1 minute"},"schema":{"@context":"https:\/\/schema.org","@graph":[{"@type":"WebPage","@id":"https:\/\/medirelax.be\/?product=tetiere","url":"https:\/\/medirelax.be\/?product=tetiere","name":"T\u00caTI\u00c8RE - Medirelax","isPartOf":{"@id":"https:\/\/medirelax.be\/#website"},"primaryImageOfPage":{"@id":"https:\/\/medirelax.be\/?product=tetiere#primaryimage"},"image":{"@id":"https:\/\/medirelax.be\/?product=tetiere#primaryimage"},"thumbnailUrl":"https:\/\/medirelax.be\/wp-content\/uploads\/2024\/07\/Tetiere-3.jpg","datePublished":"2024-07-18T11:24:38+00:00","dateModified":"2024-10-24T13:01:22+00:00","description":"L\u2019accessoire pour encore plus de confort !Vous pouvez ajouter au dossier de votre fauteuilun coussin cale nuque disponible dans 21 colorispour \u00eatre associ\u00e9 \u00e0 la couleur de votre fauteuil defabrication am\u00e9ricaine.","breadcrumb":{"@id":"https:\/\/medirelax.be\/?product=tetiere#breadcrumb"},"inLanguage":"fr-FR","potentialAction":[{"@type":"ReadAction","target":["https:\/\/medirelax.be\/?product=tetiere"]}]},{"@type":"ImageObject","inLanguage":"fr-FR","@id":"https:\/\/medirelax.be\/?product=tetiere#primaryimage","url":"https:\/\/medirelax.be\/wp-content\/uploads\/2024\/07\/Tetiere-3.jpg","contentUrl":"https:\/\/medirelax.be\/wp-content\/uploads\/2024\/07\/Tetiere-3.jpg","width":500,"height":600,"caption":"Te\u0302tie\u0300re"},{"@type":"BreadcrumbList","@id":"https:\/\/medirelax.be\/?product=tetiere#breadcrumb","itemListElement":[{"@type":"ListItem","position":1,"name":"Home","item":"https:\/\/medirelax.be\/"},{"@type":"ListItem","position":2,"name":"Shop","item":"https:\/\/medirelax.be\/?page_id=10"},{"@type":"ListItem","position":3,"name":"T\u00caTI\u00c8RE"}]},{"@type":"WebSite","@id":"https:\/\/medirelax.be\/#website","url":"https:\/\/medirelax.be\/","name":"Medirelax","description":"Medirelax, un monde de d\u00e9tente et de bien-\u00eatre","potentialAction":[{"@type":"SearchAction","target":{"@type":"EntryPoint","urlTemplate":"https:\/\/medirelax.be\/?s={search_term_string}"},"query-input":{"@type":"PropertyValueSpecification","valueRequired":true,"valueName":"search_term_string"}}],"inLanguage":"fr-FR"}]}},"_links":{"self":[{"href":"https:\/\/medirelax.be\/index.php?rest_route=\/wp\/v2\/product\/1360","targetHints":{"allow":["GET"]}}],"collection":[{"href":"https:\/\/medirelax.be\/index.php?rest_route=\/wp\/v2\/product"}],"about":[{"href":"https:\/\/medirelax.be\/index.php?rest_route=\/wp\/v2\/types\/product"}],"version-history":[{"count":2,"href":"https:\/\/medirelax.be\/index.php?rest_route=\/wp\/v2\/product\/1360\/revisions"}],"predecessor-version":[{"id":2755,"href":"https:\/\/medirelax.be\/index.php?rest_route=\/wp\/v2\/product\/1360\/revisions\/2755"}],"wp:featuredmedia":[{"embeddable":true,"href":"https:\/\/medirelax.be\/index.php?rest_route=\/wp\/v2\/media\/1363"}],"wp:attachment":[{"href":"https:\/\/medirelax.be\/index.php?rest_route=%2Fwp%2Fv2%2Fmedia&parent=1360"}],"wp:term":[{"taxonomy":"product_brand","embeddable":true,"href":"https:\/\/medirelax.be\/index.php?rest_route=%2Fwp%2Fv2%2Fproduct_brand&post=1360"},{"taxonomy":"product_cat","embeddable":true,"href":"https:\/\/medirelax.be\/index.php?rest_route=%2Fwp%2Fv2%2Fproduct_cat&post=1360"},{"taxonomy":"product_tag","embeddable":true,"href":"https:\/\/medirelax.be\/index.php?rest_route=%2Fwp%2Fv2%2Fproduct_tag&post=1360"}],"curies":[{"name":"wp","href":"https:\/\/api.w.org\/{rel}","templated":true}]}}