{"id":1356,"date":"2024-07-18T12:36:53","date_gmt":"2024-07-18T10:36:53","guid":{"rendered":"https:\/\/medirelax.be\/?post_type=product&#038;p=1356"},"modified":"2024-10-24T15:01:42","modified_gmt":"2024-10-24T13:01:42","slug":"table-dappoint-confort-xl-speciale-fauteuil","status":"publish","type":"product","link":"https:\/\/medirelax.be\/?product=table-dappoint-confort-xl-speciale-fauteuil","title":{"rendered":"TABLE D\u2019APPOINT CONFORT XL SPECIALE FAUTEUIL"},"content":{"rendered":"<p>Pi\u00e9tement en U grande largeur (40x81cm) (dimensions int\u00e9rieures utiles 40x76cm) adapt\u00e9 aux fauteuils releveurs. Son m\u00e2t inclinable de 15\u00b0 permet \u00e9galement de rapprocher son grand plateau de (80x40cm) \u00e0 proximit\u00e9 du corps, lorsque vous \u00eates confortablement install\u00e9(e) dans votre fauteuil. Plateau r\u00e9glable en inclinaison et en hauteur (61 \u00e0 94cm \/sol) Supporte jusqu\u2019\u00e0 10kg. Poids 7 kg R\u00e9f. 3440 : Marron fonc\u00e9 R\u00e9f. 3441 : Gris clair \u00ab\u00a0effet c\u00e9rus\u00e9\u00a0\u00bb R\u00e9f. 3442 : Marron clair<\/p>\n","protected":false},"excerpt":{"rendered":"<p>Pi\u00e9tement en U grande largeur (40x81cm) (dimensions int\u00e9rieures utiles 40x76cm) adapt\u00e9 aux fauteuils releveurs. Son m\u00e2t inclinable de 15\u00b0 permet \u00e9galement de rapprocher son grand plateau de (80x40cm) \u00e0 proximit\u00e9 du corps, lorsque vous \u00eates confortablement install\u00e9(e) dans votre fauteuil. Plateau r\u00e9glable en inclinaison et en hauteur (61 \u00e0 94cm \/sol) Supporte jusqu\u2019\u00e0 10kg. Poids 7 kg R\u00e9f. 3440 : Marron fonc\u00e9 R\u00e9f. 3441 : Gris clair \u00ab\u00a0effet c\u00e9rus\u00e9\u00a0\u00bb R\u00e9f. 3442 : Marron clair<\/p>\n","protected":false},"featured_media":1358,"template":"","meta":[],"product_brand":[],"product_cat":[82],"product_tag":[],"class_list":{"0":"post-1356","1":"product","2":"type-product","3":"status-publish","4":"has-post-thumbnail","6":"product_cat-accessoires","8":"first","9":"instock","10":"shipping-taxable","11":"product-type-external"},"yoast_head":"<!-- This site is optimized with the Yoast SEO plugin v27.0 - https:\/\/yoast.com\/product\/yoast-seo-wordpress\/ -->\n<title>TABLE D\u2019APPOINT CONFORT XL SPECIALE FAUTEUIL - Medirelax<\/title>\n<meta name=\"description\" content=\"Pi\u00e9tement en U grande largeur (40x81cm)(dimensions int\u00e9rieures utiles 40x76cm) adapt\u00e9aux fauteuils releveurs. Son m\u00e2t inclinable de15\u00b0 permet \u00e9galement de rapprocher son grandplateau de (80x40cm) \u00e0 proximit\u00e9 du corps,lorsque vous \u00eates confortablement install\u00e9(e)dans votre fauteuil. Plateau r\u00e9glable eninclinaison et en hauteur (61 \u00e0 94cm \/sol)Supporte jusqu\u2019\u00e0 10kg. Poids 7 kgR\u00e9f. 3440 : Marron fonc\u00e9R\u00e9f. 3441 : Gris clair &quot;effet c\u00e9rus\u00e9&quot;R\u00e9f. 3442 : Marron clair\" \/>\n<meta name=\"robots\" content=\"index, follow, max-snippet:-1, max-image-preview:large, max-video-preview:-1\" \/>\n<link rel=\"canonical\" href=\"https:\/\/medirelax.be\/?product=table-dappoint-confort-xl-speciale-fauteuil\" \/>\n<meta property=\"og:locale\" content=\"fr_FR\" \/>\n<meta property=\"og:type\" content=\"article\" \/>\n<meta property=\"og:title\" content=\"TABLE D\u2019APPOINT CONFORT XL SPECIALE FAUTEUIL - Medirelax\" \/>\n<meta property=\"og:description\" content=\"Pi\u00e9tement en U grande largeur (40x81cm)(dimensions int\u00e9rieures utiles 40x76cm) adapt\u00e9aux fauteuils releveurs. Son m\u00e2t inclinable de15\u00b0 permet \u00e9galement de rapprocher son grandplateau de (80x40cm) \u00e0 proximit\u00e9 du corps,lorsque vous \u00eates confortablement install\u00e9(e)dans votre fauteuil. Plateau r\u00e9glable eninclinaison et en hauteur (61 \u00e0 94cm \/sol)Supporte jusqu\u2019\u00e0 10kg. Poids 7 kgR\u00e9f. 3440 : Marron fonc\u00e9R\u00e9f. 3441 : Gris clair &quot;effet c\u00e9rus\u00e9&quot;R\u00e9f. 3442 : Marron clair\" \/>\n<meta property=\"og:url\" content=\"https:\/\/medirelax.be\/?product=table-dappoint-confort-xl-speciale-fauteuil\" \/>\n<meta property=\"og:site_name\" content=\"Medirelax\" \/>\n<meta property=\"article:modified_time\" content=\"2024-10-24T13:01:42+00:00\" \/>\n<meta property=\"og:image\" content=\"https:\/\/medirelax.be\/wp-content\/uploads\/2024\/07\/Table.jpg\" \/>\n\t<meta property=\"og:image:width\" content=\"500\" \/>\n\t<meta property=\"og:image:height\" content=\"600\" \/>\n\t<meta property=\"og:image:type\" content=\"image\/jpeg\" \/>\n<meta name=\"twitter:card\" content=\"summary_large_image\" \/>\n<meta name=\"twitter:label1\" content=\"Dur\u00e9e de lecture estim\u00e9e\" \/>\n\t<meta name=\"twitter:data1\" content=\"1 minute\" \/>\n<script type=\"application\/ld+json\" class=\"yoast-schema-graph\">{\"@context\":\"https:\/\/schema.org\",\"@graph\":[{\"@type\":\"WebPage\",\"@id\":\"https:\/\/medirelax.be\/?product=table-dappoint-confort-xl-speciale-fauteuil\",\"url\":\"https:\/\/medirelax.be\/?product=table-dappoint-confort-xl-speciale-fauteuil\",\"name\":\"TABLE D\u2019APPOINT CONFORT XL SPECIALE FAUTEUIL - Medirelax\",\"isPartOf\":{\"@id\":\"https:\/\/medirelax.be\/#website\"},\"primaryImageOfPage\":{\"@id\":\"https:\/\/medirelax.be\/?product=table-dappoint-confort-xl-speciale-fauteuil#primaryimage\"},\"image\":{\"@id\":\"https:\/\/medirelax.be\/?product=table-dappoint-confort-xl-speciale-fauteuil#primaryimage\"},\"thumbnailUrl\":\"https:\/\/medirelax.be\/wp-content\/uploads\/2024\/07\/Table.jpg\",\"datePublished\":\"2024-07-18T10:36:53+00:00\",\"dateModified\":\"2024-10-24T13:01:42+00:00\",\"description\":\"Pi\u00e9tement en U grande largeur (40x81cm)(dimensions int\u00e9rieures utiles 40x76cm) adapt\u00e9aux fauteuils releveurs. Son m\u00e2t inclinable de15\u00b0 permet \u00e9galement de rapprocher son grandplateau de (80x40cm) \u00e0 proximit\u00e9 du corps,lorsque vous \u00eates confortablement install\u00e9(e)dans votre fauteuil. Plateau r\u00e9glable eninclinaison et en hauteur (61 \u00e0 94cm \/sol)Supporte jusqu\u2019\u00e0 10kg. Poids 7 kgR\u00e9f. 3440 : Marron fonc\u00e9R\u00e9f. 3441 : Gris clair \\\"effet c\u00e9rus\u00e9\\\"R\u00e9f. 3442 : Marron clair\",\"breadcrumb\":{\"@id\":\"https:\/\/medirelax.be\/?product=table-dappoint-confort-xl-speciale-fauteuil#breadcrumb\"},\"inLanguage\":\"fr-FR\",\"potentialAction\":[{\"@type\":\"ReadAction\",\"target\":[\"https:\/\/medirelax.be\/?product=table-dappoint-confort-xl-speciale-fauteuil\"]}]},{\"@type\":\"ImageObject\",\"inLanguage\":\"fr-FR\",\"@id\":\"https:\/\/medirelax.be\/?product=table-dappoint-confort-xl-speciale-fauteuil#primaryimage\",\"url\":\"https:\/\/medirelax.be\/wp-content\/uploads\/2024\/07\/Table.jpg\",\"contentUrl\":\"https:\/\/medirelax.be\/wp-content\/uploads\/2024\/07\/Table.jpg\",\"width\":500,\"height\":600,\"caption\":\"Table\"},{\"@type\":\"BreadcrumbList\",\"@id\":\"https:\/\/medirelax.be\/?product=table-dappoint-confort-xl-speciale-fauteuil#breadcrumb\",\"itemListElement\":[{\"@type\":\"ListItem\",\"position\":1,\"name\":\"Home\",\"item\":\"https:\/\/medirelax.be\/\"},{\"@type\":\"ListItem\",\"position\":2,\"name\":\"Shop\",\"item\":\"https:\/\/medirelax.be\/?page_id=10\"},{\"@type\":\"ListItem\",\"position\":3,\"name\":\"TABLE D\u2019APPOINT CONFORT XL SPECIALE FAUTEUIL\"}]},{\"@type\":\"WebSite\",\"@id\":\"https:\/\/medirelax.be\/#website\",\"url\":\"https:\/\/medirelax.be\/\",\"name\":\"Medirelax\",\"description\":\"Medirelax, un monde de d\u00e9tente et de bien-\u00eatre\",\"potentialAction\":[{\"@type\":\"SearchAction\",\"target\":{\"@type\":\"EntryPoint\",\"urlTemplate\":\"https:\/\/medirelax.be\/?s={search_term_string}\"},\"query-input\":{\"@type\":\"PropertyValueSpecification\",\"valueRequired\":true,\"valueName\":\"search_term_string\"}}],\"inLanguage\":\"fr-FR\"}]}<\/script>\n<!-- \/ Yoast SEO plugin. -->","yoast_head_json":{"title":"TABLE D\u2019APPOINT CONFORT XL SPECIALE FAUTEUIL - Medirelax","description":"Pi\u00e9tement en U grande largeur (40x81cm)(dimensions int\u00e9rieures utiles 40x76cm) adapt\u00e9aux fauteuils releveurs. Son m\u00e2t inclinable de15\u00b0 permet \u00e9galement de rapprocher son grandplateau de (80x40cm) \u00e0 proximit\u00e9 du corps,lorsque vous \u00eates confortablement install\u00e9(e)dans votre fauteuil. Plateau r\u00e9glable eninclinaison et en hauteur (61 \u00e0 94cm \/sol)Supporte jusqu\u2019\u00e0 10kg. Poids 7 kgR\u00e9f. 3440 : Marron fonc\u00e9R\u00e9f. 3441 : Gris clair \"effet c\u00e9rus\u00e9\"R\u00e9f. 3442 : Marron clair","robots":{"index":"index","follow":"follow","max-snippet":"max-snippet:-1","max-image-preview":"max-image-preview:large","max-video-preview":"max-video-preview:-1"},"canonical":"https:\/\/medirelax.be\/?product=table-dappoint-confort-xl-speciale-fauteuil","og_locale":"fr_FR","og_type":"article","og_title":"TABLE D\u2019APPOINT CONFORT XL SPECIALE FAUTEUIL - Medirelax","og_description":"Pi\u00e9tement en U grande largeur (40x81cm)(dimensions int\u00e9rieures utiles 40x76cm) adapt\u00e9aux fauteuils releveurs. Son m\u00e2t inclinable de15\u00b0 permet \u00e9galement de rapprocher son grandplateau de (80x40cm) \u00e0 proximit\u00e9 du corps,lorsque vous \u00eates confortablement install\u00e9(e)dans votre fauteuil. Plateau r\u00e9glable eninclinaison et en hauteur (61 \u00e0 94cm \/sol)Supporte jusqu\u2019\u00e0 10kg. Poids 7 kgR\u00e9f. 3440 : Marron fonc\u00e9R\u00e9f. 3441 : Gris clair \"effet c\u00e9rus\u00e9\"R\u00e9f. 3442 : Marron clair","og_url":"https:\/\/medirelax.be\/?product=table-dappoint-confort-xl-speciale-fauteuil","og_site_name":"Medirelax","article_modified_time":"2024-10-24T13:01:42+00:00","og_image":[{"width":500,"height":600,"url":"https:\/\/medirelax.be\/wp-content\/uploads\/2024\/07\/Table.jpg","type":"image\/jpeg"}],"twitter_card":"summary_large_image","twitter_misc":{"Dur\u00e9e de lecture estim\u00e9e":"1 minute"},"schema":{"@context":"https:\/\/schema.org","@graph":[{"@type":"WebPage","@id":"https:\/\/medirelax.be\/?product=table-dappoint-confort-xl-speciale-fauteuil","url":"https:\/\/medirelax.be\/?product=table-dappoint-confort-xl-speciale-fauteuil","name":"TABLE D\u2019APPOINT CONFORT XL SPECIALE FAUTEUIL - Medirelax","isPartOf":{"@id":"https:\/\/medirelax.be\/#website"},"primaryImageOfPage":{"@id":"https:\/\/medirelax.be\/?product=table-dappoint-confort-xl-speciale-fauteuil#primaryimage"},"image":{"@id":"https:\/\/medirelax.be\/?product=table-dappoint-confort-xl-speciale-fauteuil#primaryimage"},"thumbnailUrl":"https:\/\/medirelax.be\/wp-content\/uploads\/2024\/07\/Table.jpg","datePublished":"2024-07-18T10:36:53+00:00","dateModified":"2024-10-24T13:01:42+00:00","description":"Pi\u00e9tement en U grande largeur (40x81cm)(dimensions int\u00e9rieures utiles 40x76cm) adapt\u00e9aux fauteuils releveurs. Son m\u00e2t inclinable de15\u00b0 permet \u00e9galement de rapprocher son grandplateau de (80x40cm) \u00e0 proximit\u00e9 du corps,lorsque vous \u00eates confortablement install\u00e9(e)dans votre fauteuil. Plateau r\u00e9glable eninclinaison et en hauteur (61 \u00e0 94cm \/sol)Supporte jusqu\u2019\u00e0 10kg. Poids 7 kgR\u00e9f. 3440 : Marron fonc\u00e9R\u00e9f. 3441 : Gris clair \"effet c\u00e9rus\u00e9\"R\u00e9f. 3442 : Marron clair","breadcrumb":{"@id":"https:\/\/medirelax.be\/?product=table-dappoint-confort-xl-speciale-fauteuil#breadcrumb"},"inLanguage":"fr-FR","potentialAction":[{"@type":"ReadAction","target":["https:\/\/medirelax.be\/?product=table-dappoint-confort-xl-speciale-fauteuil"]}]},{"@type":"ImageObject","inLanguage":"fr-FR","@id":"https:\/\/medirelax.be\/?product=table-dappoint-confort-xl-speciale-fauteuil#primaryimage","url":"https:\/\/medirelax.be\/wp-content\/uploads\/2024\/07\/Table.jpg","contentUrl":"https:\/\/medirelax.be\/wp-content\/uploads\/2024\/07\/Table.jpg","width":500,"height":600,"caption":"Table"},{"@type":"BreadcrumbList","@id":"https:\/\/medirelax.be\/?product=table-dappoint-confort-xl-speciale-fauteuil#breadcrumb","itemListElement":[{"@type":"ListItem","position":1,"name":"Home","item":"https:\/\/medirelax.be\/"},{"@type":"ListItem","position":2,"name":"Shop","item":"https:\/\/medirelax.be\/?page_id=10"},{"@type":"ListItem","position":3,"name":"TABLE D\u2019APPOINT CONFORT XL SPECIALE FAUTEUIL"}]},{"@type":"WebSite","@id":"https:\/\/medirelax.be\/#website","url":"https:\/\/medirelax.be\/","name":"Medirelax","description":"Medirelax, un monde de d\u00e9tente et de bien-\u00eatre","potentialAction":[{"@type":"SearchAction","target":{"@type":"EntryPoint","urlTemplate":"https:\/\/medirelax.be\/?s={search_term_string}"},"query-input":{"@type":"PropertyValueSpecification","valueRequired":true,"valueName":"search_term_string"}}],"inLanguage":"fr-FR"}]}},"_links":{"self":[{"href":"https:\/\/medirelax.be\/index.php?rest_route=\/wp\/v2\/product\/1356","targetHints":{"allow":["GET"]}}],"collection":[{"href":"https:\/\/medirelax.be\/index.php?rest_route=\/wp\/v2\/product"}],"about":[{"href":"https:\/\/medirelax.be\/index.php?rest_route=\/wp\/v2\/types\/product"}],"version-history":[{"count":2,"href":"https:\/\/medirelax.be\/index.php?rest_route=\/wp\/v2\/product\/1356\/revisions"}],"predecessor-version":[{"id":2756,"href":"https:\/\/medirelax.be\/index.php?rest_route=\/wp\/v2\/product\/1356\/revisions\/2756"}],"wp:featuredmedia":[{"embeddable":true,"href":"https:\/\/medirelax.be\/index.php?rest_route=\/wp\/v2\/media\/1358"}],"wp:attachment":[{"href":"https:\/\/medirelax.be\/index.php?rest_route=%2Fwp%2Fv2%2Fmedia&parent=1356"}],"wp:term":[{"taxonomy":"product_brand","embeddable":true,"href":"https:\/\/medirelax.be\/index.php?rest_route=%2Fwp%2Fv2%2Fproduct_brand&post=1356"},{"taxonomy":"product_cat","embeddable":true,"href":"https:\/\/medirelax.be\/index.php?rest_route=%2Fwp%2Fv2%2Fproduct_cat&post=1356"},{"taxonomy":"product_tag","embeddable":true,"href":"https:\/\/medirelax.be\/index.php?rest_route=%2Fwp%2Fv2%2Fproduct_tag&post=1356"}],"curies":[{"name":"wp","href":"https:\/\/api.w.org\/{rel}","templated":true}]}}