{"id":1169,"date":"2024-07-17T14:59:08","date_gmt":"2024-07-17T12:59:08","guid":{"rendered":"https:\/\/medirelax.be\/?post_type=product&#038;p=1169"},"modified":"2025-02-26T13:55:09","modified_gmt":"2025-02-26T12:55:09","slug":"astana-astana-mini","status":"publish","type":"product","link":"https:\/\/medirelax.be\/?product=astana-astana-mini","title":{"rendered":"ASTANA &#038; ASTANA MINI"},"content":{"rendered":"\t\t<div data-elementor-type=\"product-post\" data-elementor-id=\"1169\" class=\"elementor elementor-1169\" data-elementor-post-type=\"product\">\n\t\t\t\t<div class=\"elementor-element elementor-element-1728d712 e-flex e-con-boxed e-con e-parent\" data-id=\"1728d712\" data-element_type=\"container\" data-e-type=\"container\">\n\t\t\t\t\t<div class=\"e-con-inner\">\n\t\t\t\t<div class=\"elementor-element elementor-element-74f435b5 elementor-widget elementor-widget-text-editor\" data-id=\"74f435b5\" data-element_type=\"widget\" data-e-type=\"widget\" data-widget_type=\"text-editor.default\">\n\t\t\t\t<div class=\"elementor-widget-container\">\n\t\t\t\t\t\t\t\t\tASTANA &amp; ASTANA MINI comprenant un ou deux moteurs\r\n\r\nREV\u00caTEMENT NOUVELLE G\u00c9N\u00c9RATION \u2022 \u00ab Rev\u00eatement EasyClean \u00bb, d\u00e9perlant (\u00ab traitement T\u00e9flon \u00bb) pour \u00e9viter la p\u00e9n\u00e9tration imm\u00e9diate des liquides (facile \u00e0 nettoyer \u00e0 l\u2019aide d\u2019un chiffon\/\u00e9ponge absorbant),La microfibre su\u00e8de EASYCLEAN r\u00e9pond \u00e0 la norme retardant au feu EN1021-1 (test de la cigarette). Le vinyle non feu r\u00e9pond \u00e0 la norme EN1021-1 &amp; 2 (retardant au feu, test de la cigarette et test de la flamme) &#8211; Super r\u00e9sistant (norme \u00ab collectivit\u00e9s \u00bb usage intensif) Test martindale r\u00e9sistance \u00e0 l\u2019abrasion &gt;100 000 tours\t\t\t\t\t\t\t\t<\/div>\n\t\t\t\t<\/div>\n\t\t\t\t\t<\/div>\n\t\t\t\t<\/div>\n\t\t<div class=\"elementor-element elementor-element-f3802ee e-flex e-con-boxed e-con e-parent\" data-id=\"f3802ee\" data-element_type=\"container\" data-e-type=\"container\">\n\t\t\t\t\t<div class=\"e-con-inner\">\n\t\t<div class=\"elementor-element elementor-element-7666e16 e-con-full e-flex e-con e-child\" data-id=\"7666e16\" data-element_type=\"container\" data-e-type=\"container\">\n\t\t\t\t<div class=\"elementor-element elementor-element-2de9f60 elementor-widget elementor-widget-image\" data-id=\"2de9f60\" data-element_type=\"widget\" data-e-type=\"widget\" data-widget_type=\"image.default\">\n\t\t\t\t<div class=\"elementor-widget-container\">\n\t\t\t\t\t\t\t\t\t\t\t\t\t\t\t<img fetchpriority=\"high\" decoding=\"async\" width=\"700\" height=\"500\" src=\"https:\/\/medirelax.be\/wp-content\/uploads\/2024\/07\/revetement-5.jpg\" class=\"attachment-large size-large wp-image-2000\" alt=\"reve\u0302tement\" srcset=\"https:\/\/medirelax.be\/wp-content\/uploads\/2024\/07\/revetement-5.jpg 700w, https:\/\/medirelax.be\/wp-content\/uploads\/2024\/07\/revetement-5-300x214.jpg 300w, https:\/\/medirelax.be\/wp-content\/uploads\/2024\/07\/revetement-5-600x429.jpg 600w\" sizes=\"(max-width: 700px) 100vw, 700px\" \/>\t\t\t\t\t\t\t\t\t\t\t\t\t\t\t<\/div>\n\t\t\t\t<\/div>\n\t\t\t\t<\/div>\n\t\t<div class=\"elementor-element elementor-element-fd37d68 e-con-full e-flex e-con e-child\" data-id=\"fd37d68\" data-element_type=\"container\" data-e-type=\"container\">\n\t\t\t\t<div class=\"elementor-element elementor-element-78a234d elementor-widget elementor-widget-image\" data-id=\"78a234d\" data-element_type=\"widget\" data-e-type=\"widget\" data-widget_type=\"image.default\">\n\t\t\t\t<div class=\"elementor-widget-container\">\n\t\t\t\t\t\t\t\t\t\t\t\t\t\t\t<img decoding=\"async\" width=\"700\" height=\"500\" src=\"https:\/\/medirelax.be\/wp-content\/uploads\/2024\/07\/taille.jpg\" class=\"attachment-large size-large wp-image-1998\" alt=\"taille\" srcset=\"https:\/\/medirelax.be\/wp-content\/uploads\/2024\/07\/taille.jpg 700w, https:\/\/medirelax.be\/wp-content\/uploads\/2024\/07\/taille-300x214.jpg 300w, https:\/\/medirelax.be\/wp-content\/uploads\/2024\/07\/taille-600x429.jpg 600w\" sizes=\"(max-width: 700px) 100vw, 700px\" \/>\t\t\t\t\t\t\t\t\t\t\t\t\t\t\t<\/div>\n\t\t\t\t<\/div>\n\t\t\t\t<\/div>\n\t\t\t\t\t<\/div>\n\t\t\t\t<\/div>\n\t\t<div class=\"elementor-element elementor-element-aa41aef e-flex e-con-boxed e-con e-parent\" data-id=\"aa41aef\" data-element_type=\"container\" data-e-type=\"container\">\n\t\t\t\t\t<div class=\"e-con-inner\">\n\t\t<div class=\"elementor-element elementor-element-6987f6d e-con-full e-flex e-con e-child\" data-id=\"6987f6d\" data-element_type=\"container\" data-e-type=\"container\">\n\t\t\t\t<div class=\"elementor-element elementor-element-9c35dab elementor-widget elementor-widget-image\" data-id=\"9c35dab\" data-element_type=\"widget\" data-e-type=\"widget\" data-widget_type=\"image.default\">\n\t\t\t\t<div class=\"elementor-widget-container\">\n\t\t\t\t\t\t\t\t\t\t\t\t\t\t\t<img decoding=\"async\" width=\"700\" height=\"500\" src=\"https:\/\/medirelax.be\/wp-content\/uploads\/2024\/07\/Dimensions-normal.jpg\" class=\"attachment-large size-large wp-image-1999\" alt=\"Dimensions normal\" srcset=\"https:\/\/medirelax.be\/wp-content\/uploads\/2024\/07\/Dimensions-normal.jpg 700w, https:\/\/medirelax.be\/wp-content\/uploads\/2024\/07\/Dimensions-normal-300x214.jpg 300w, https:\/\/medirelax.be\/wp-content\/uploads\/2024\/07\/Dimensions-normal-600x429.jpg 600w\" sizes=\"(max-width: 700px) 100vw, 700px\" \/>\t\t\t\t\t\t\t\t\t\t\t\t\t\t\t<\/div>\n\t\t\t\t<\/div>\n\t\t\t\t<\/div>\n\t\t<div class=\"elementor-element elementor-element-703b7f0 e-con-full e-flex e-con e-child\" data-id=\"703b7f0\" data-element_type=\"container\" data-e-type=\"container\">\n\t\t\t\t<div class=\"elementor-element elementor-element-4374dd5 elementor-widget elementor-widget-image\" data-id=\"4374dd5\" data-element_type=\"widget\" data-e-type=\"widget\" data-widget_type=\"image.default\">\n\t\t\t\t<div class=\"elementor-widget-container\">\n\t\t\t\t\t\t\t\t\t\t\t\t\t\t\t<img loading=\"lazy\" decoding=\"async\" width=\"700\" height=\"500\" src=\"https:\/\/medirelax.be\/wp-content\/uploads\/2024\/07\/Dimensions-mini.jpg\" class=\"attachment-large size-large wp-image-2001\" alt=\"Dimensions mini\" srcset=\"https:\/\/medirelax.be\/wp-content\/uploads\/2024\/07\/Dimensions-mini.jpg 700w, https:\/\/medirelax.be\/wp-content\/uploads\/2024\/07\/Dimensions-mini-300x214.jpg 300w, https:\/\/medirelax.be\/wp-content\/uploads\/2024\/07\/Dimensions-mini-600x429.jpg 600w\" sizes=\"(max-width: 700px) 100vw, 700px\" \/>\t\t\t\t\t\t\t\t\t\t\t\t\t\t\t<\/div>\n\t\t\t\t<\/div>\n\t\t\t\t<\/div>\n\t\t\t\t\t<\/div>\n\t\t\t\t<\/div>\n\t\t\t\t<\/div>\n\t\t","protected":false},"excerpt":{"rendered":"<p>ASTANA &amp; ASTANA MINI comprenant un ou deux moteurs<\/p>\n<p>REV\u00caTEMENT NOUVELLE G\u00c9N\u00c9RATION \u2022 \u00ab Rev\u00eatement EasyClean \u00bb, d\u00e9perlant (\u00ab traitement T\u00e9flon \u00bb) pour \u00e9viter la p\u00e9n\u00e9tration imm\u00e9diate des liquides (facile \u00e0 nettoyer \u00e0 l\u2019aide d\u2019un chiffon\/\u00e9ponge absorbant),La microfibre su\u00e8de EASYCLEAN r\u00e9pond \u00e0 la norme retardant au feu EN1021-1 (test de la cigarette). Le vinyle non feu r\u00e9pond \u00e0 la norme EN1021-1 &amp; 2 (retardant au feu, test de la cigarette et test de la flamme) &#8211; Super r\u00e9sistant (norme \u00ab collectivit\u00e9s \u00bb usage intensif) Test martindale r\u00e9sistance \u00e0 l\u2019abrasion &gt;100 000 tours<\/p>\n","protected":false},"featured_media":1323,"template":"","meta":[],"product_brand":[],"product_cat":[28,102],"product_tag":[],"class_list":{"0":"post-1169","1":"product","2":"type-product","3":"status-publish","4":"has-post-thumbnail","6":"product_cat-fauteuil-releveur","7":"product_cat-les-classiques","9":"first","10":"instock","11":"shipping-taxable","12":"purchasable","13":"product-type-simple"},"yoast_head":"<!-- This site is optimized with the Yoast SEO plugin v27.0 - https:\/\/yoast.com\/product\/yoast-seo-wordpress\/ -->\n<title>ASTANA &amp; ASTANA MINI - Medirelax<\/title>\n<meta name=\"description\" content=\"Rev\u00eatement Nouvelle g\u00e9n\u00e9ration EasyClean, d\u00e9perlant (\u00ab traitement T\u00e9flon \u00bb) pour \u00e9viter la p\u00e9n\u00e9tration imm\u00e9diate des liquides\" \/>\n<meta name=\"robots\" content=\"index, follow, max-snippet:-1, max-image-preview:large, max-video-preview:-1\" \/>\n<link rel=\"canonical\" href=\"https:\/\/medirelax.be\/?product=astana-astana-mini\" \/>\n<meta property=\"og:locale\" content=\"fr_FR\" \/>\n<meta property=\"og:type\" content=\"article\" \/>\n<meta property=\"og:title\" content=\"ASTANA &amp; ASTANA MINI - Medirelax\" \/>\n<meta property=\"og:description\" content=\"Rev\u00eatement Nouvelle g\u00e9n\u00e9ration EasyClean, d\u00e9perlant (\u00ab traitement T\u00e9flon \u00bb) pour \u00e9viter la p\u00e9n\u00e9tration imm\u00e9diate des liquides\" \/>\n<meta property=\"og:url\" content=\"https:\/\/medirelax.be\/?product=astana-astana-mini\" \/>\n<meta property=\"og:site_name\" content=\"Medirelax\" \/>\n<meta property=\"article:modified_time\" content=\"2025-02-26T12:55:09+00:00\" \/>\n<meta property=\"og:image\" content=\"https:\/\/medirelax.be\/wp-content\/uploads\/2024\/07\/Astana-Elephant.jpg\" \/>\n\t<meta property=\"og:image:width\" content=\"500\" \/>\n\t<meta property=\"og:image:height\" content=\"600\" \/>\n\t<meta property=\"og:image:type\" content=\"image\/jpeg\" \/>\n<meta name=\"twitter:card\" content=\"summary_large_image\" \/>\n<script type=\"application\/ld+json\" class=\"yoast-schema-graph\">{\"@context\":\"https:\/\/schema.org\",\"@graph\":[{\"@type\":\"WebPage\",\"@id\":\"https:\/\/medirelax.be\/?product=astana-astana-mini\",\"url\":\"https:\/\/medirelax.be\/?product=astana-astana-mini\",\"name\":\"ASTANA & ASTANA MINI - Medirelax\",\"isPartOf\":{\"@id\":\"https:\/\/medirelax.be\/#website\"},\"primaryImageOfPage\":{\"@id\":\"https:\/\/medirelax.be\/?product=astana-astana-mini#primaryimage\"},\"image\":{\"@id\":\"https:\/\/medirelax.be\/?product=astana-astana-mini#primaryimage\"},\"thumbnailUrl\":\"https:\/\/medirelax.be\/wp-content\/uploads\/2024\/07\/Astana-Elephant.jpg\",\"datePublished\":\"2024-07-17T12:59:08+00:00\",\"dateModified\":\"2025-02-26T12:55:09+00:00\",\"description\":\"Rev\u00eatement Nouvelle g\u00e9n\u00e9ration EasyClean, d\u00e9perlant (\u00ab traitement T\u00e9flon \u00bb) pour \u00e9viter la p\u00e9n\u00e9tration imm\u00e9diate des liquides\",\"breadcrumb\":{\"@id\":\"https:\/\/medirelax.be\/?product=astana-astana-mini#breadcrumb\"},\"inLanguage\":\"fr-FR\",\"potentialAction\":[{\"@type\":\"ReadAction\",\"target\":[\"https:\/\/medirelax.be\/?product=astana-astana-mini\"]}]},{\"@type\":\"ImageObject\",\"inLanguage\":\"fr-FR\",\"@id\":\"https:\/\/medirelax.be\/?product=astana-astana-mini#primaryimage\",\"url\":\"https:\/\/medirelax.be\/wp-content\/uploads\/2024\/07\/Astana-Elephant.jpg\",\"contentUrl\":\"https:\/\/medirelax.be\/wp-content\/uploads\/2024\/07\/Astana-Elephant.jpg\",\"width\":500,\"height\":600,\"caption\":\"Astana Elephant\"},{\"@type\":\"BreadcrumbList\",\"@id\":\"https:\/\/medirelax.be\/?product=astana-astana-mini#breadcrumb\",\"itemListElement\":[{\"@type\":\"ListItem\",\"position\":1,\"name\":\"Home\",\"item\":\"https:\/\/medirelax.be\/\"},{\"@type\":\"ListItem\",\"position\":2,\"name\":\"Shop\",\"item\":\"https:\/\/medirelax.be\/?page_id=10\"},{\"@type\":\"ListItem\",\"position\":3,\"name\":\"ASTANA &#038; ASTANA MINI\"}]},{\"@type\":\"WebSite\",\"@id\":\"https:\/\/medirelax.be\/#website\",\"url\":\"https:\/\/medirelax.be\/\",\"name\":\"Medirelax\",\"description\":\"Medirelax, un monde de d\u00e9tente et de bien-\u00eatre\",\"potentialAction\":[{\"@type\":\"SearchAction\",\"target\":{\"@type\":\"EntryPoint\",\"urlTemplate\":\"https:\/\/medirelax.be\/?s={search_term_string}\"},\"query-input\":{\"@type\":\"PropertyValueSpecification\",\"valueRequired\":true,\"valueName\":\"search_term_string\"}}],\"inLanguage\":\"fr-FR\"}]}<\/script>\n<!-- \/ Yoast SEO plugin. -->","yoast_head_json":{"title":"ASTANA & ASTANA MINI - Medirelax","description":"Rev\u00eatement Nouvelle g\u00e9n\u00e9ration EasyClean, d\u00e9perlant (\u00ab traitement T\u00e9flon \u00bb) pour \u00e9viter la p\u00e9n\u00e9tration imm\u00e9diate des liquides","robots":{"index":"index","follow":"follow","max-snippet":"max-snippet:-1","max-image-preview":"max-image-preview:large","max-video-preview":"max-video-preview:-1"},"canonical":"https:\/\/medirelax.be\/?product=astana-astana-mini","og_locale":"fr_FR","og_type":"article","og_title":"ASTANA & ASTANA MINI - Medirelax","og_description":"Rev\u00eatement Nouvelle g\u00e9n\u00e9ration EasyClean, d\u00e9perlant (\u00ab traitement T\u00e9flon \u00bb) pour \u00e9viter la p\u00e9n\u00e9tration imm\u00e9diate des liquides","og_url":"https:\/\/medirelax.be\/?product=astana-astana-mini","og_site_name":"Medirelax","article_modified_time":"2025-02-26T12:55:09+00:00","og_image":[{"width":500,"height":600,"url":"https:\/\/medirelax.be\/wp-content\/uploads\/2024\/07\/Astana-Elephant.jpg","type":"image\/jpeg"}],"twitter_card":"summary_large_image","schema":{"@context":"https:\/\/schema.org","@graph":[{"@type":"WebPage","@id":"https:\/\/medirelax.be\/?product=astana-astana-mini","url":"https:\/\/medirelax.be\/?product=astana-astana-mini","name":"ASTANA & ASTANA MINI - Medirelax","isPartOf":{"@id":"https:\/\/medirelax.be\/#website"},"primaryImageOfPage":{"@id":"https:\/\/medirelax.be\/?product=astana-astana-mini#primaryimage"},"image":{"@id":"https:\/\/medirelax.be\/?product=astana-astana-mini#primaryimage"},"thumbnailUrl":"https:\/\/medirelax.be\/wp-content\/uploads\/2024\/07\/Astana-Elephant.jpg","datePublished":"2024-07-17T12:59:08+00:00","dateModified":"2025-02-26T12:55:09+00:00","description":"Rev\u00eatement Nouvelle g\u00e9n\u00e9ration EasyClean, d\u00e9perlant (\u00ab traitement T\u00e9flon \u00bb) pour \u00e9viter la p\u00e9n\u00e9tration imm\u00e9diate des liquides","breadcrumb":{"@id":"https:\/\/medirelax.be\/?product=astana-astana-mini#breadcrumb"},"inLanguage":"fr-FR","potentialAction":[{"@type":"ReadAction","target":["https:\/\/medirelax.be\/?product=astana-astana-mini"]}]},{"@type":"ImageObject","inLanguage":"fr-FR","@id":"https:\/\/medirelax.be\/?product=astana-astana-mini#primaryimage","url":"https:\/\/medirelax.be\/wp-content\/uploads\/2024\/07\/Astana-Elephant.jpg","contentUrl":"https:\/\/medirelax.be\/wp-content\/uploads\/2024\/07\/Astana-Elephant.jpg","width":500,"height":600,"caption":"Astana Elephant"},{"@type":"BreadcrumbList","@id":"https:\/\/medirelax.be\/?product=astana-astana-mini#breadcrumb","itemListElement":[{"@type":"ListItem","position":1,"name":"Home","item":"https:\/\/medirelax.be\/"},{"@type":"ListItem","position":2,"name":"Shop","item":"https:\/\/medirelax.be\/?page_id=10"},{"@type":"ListItem","position":3,"name":"ASTANA &#038; ASTANA MINI"}]},{"@type":"WebSite","@id":"https:\/\/medirelax.be\/#website","url":"https:\/\/medirelax.be\/","name":"Medirelax","description":"Medirelax, un monde de d\u00e9tente et de bien-\u00eatre","potentialAction":[{"@type":"SearchAction","target":{"@type":"EntryPoint","urlTemplate":"https:\/\/medirelax.be\/?s={search_term_string}"},"query-input":{"@type":"PropertyValueSpecification","valueRequired":true,"valueName":"search_term_string"}}],"inLanguage":"fr-FR"}]}},"_links":{"self":[{"href":"https:\/\/medirelax.be\/index.php?rest_route=\/wp\/v2\/product\/1169","targetHints":{"allow":["GET"]}}],"collection":[{"href":"https:\/\/medirelax.be\/index.php?rest_route=\/wp\/v2\/product"}],"about":[{"href":"https:\/\/medirelax.be\/index.php?rest_route=\/wp\/v2\/types\/product"}],"version-history":[{"count":1,"href":"https:\/\/medirelax.be\/index.php?rest_route=\/wp\/v2\/product\/1169\/revisions"}],"predecessor-version":[{"id":2875,"href":"https:\/\/medirelax.be\/index.php?rest_route=\/wp\/v2\/product\/1169\/revisions\/2875"}],"wp:featuredmedia":[{"embeddable":true,"href":"https:\/\/medirelax.be\/index.php?rest_route=\/wp\/v2\/media\/1323"}],"wp:attachment":[{"href":"https:\/\/medirelax.be\/index.php?rest_route=%2Fwp%2Fv2%2Fmedia&parent=1169"}],"wp:term":[{"taxonomy":"product_brand","embeddable":true,"href":"https:\/\/medirelax.be\/index.php?rest_route=%2Fwp%2Fv2%2Fproduct_brand&post=1169"},{"taxonomy":"product_cat","embeddable":true,"href":"https:\/\/medirelax.be\/index.php?rest_route=%2Fwp%2Fv2%2Fproduct_cat&post=1169"},{"taxonomy":"product_tag","embeddable":true,"href":"https:\/\/medirelax.be\/index.php?rest_route=%2Fwp%2Fv2%2Fproduct_tag&post=1169"}],"curies":[{"name":"wp","href":"https:\/\/api.w.org\/{rel}","templated":true}]}}