{"id":1113,"date":"2024-07-17T10:20:34","date_gmt":"2024-07-17T08:20:34","guid":{"rendered":"https:\/\/medirelax.be\/?post_type=product&#038;p=1113"},"modified":"2025-02-28T16:18:40","modified_gmt":"2025-02-28T15:18:40","slug":"insbruck","status":"publish","type":"product","link":"https:\/\/medirelax.be\/?product=insbruck","title":{"rendered":"INSBRUCK BI MOTEUR"},"content":{"rendered":"\t\t<div data-elementor-type=\"product-post\" data-elementor-id=\"1113\" class=\"elementor elementor-1113\" data-elementor-post-type=\"product\">\n\t\t\t\t<div class=\"elementor-element elementor-element-14922cfa e-flex e-con-boxed e-con e-parent\" data-id=\"14922cfa\" data-element_type=\"container\" data-e-type=\"container\">\n\t\t\t\t\t<div class=\"e-con-inner\">\n\t\t\t\t<div class=\"elementor-element elementor-element-31879a6d elementor-widget elementor-widget-text-editor\" data-id=\"31879a6d\" data-element_type=\"widget\" data-e-type=\"widget\" data-widget_type=\"text-editor.default\">\n\t\t\t\t<div class=\"elementor-widget-container\">\n\t\t\t\t\t\t\t\t\tDes composants pr\u00e9vu pour supporter jusqu\u2019\u00e0 150kg\r\n\r\nPOINTS FORTS \u2022 Rev\u00eatement Nouvelle g\u00e9n\u00e9ration EasyClean, d\u00e9perlant (\u00ab traitement T\u00e9flon \u00bb) pour \u00e9viter la p\u00e9n\u00e9tration imm\u00e9diate des liquides (facile \u00e0 nettoyer \u00e0 l\u2019aide d\u2019un chiffon\/ \u00e9ponge absorbant), Il est \u00ab respirant \u00bb, r\u00e9pond \u00e0 la norme anti-feu EN1021-1 (test de la cigarette) \u2022 Super r\u00e9sistant (norme usage intensif) \u2022 Suspension d\u2019assise Ressorts typ NOSAG + ressorts ensach\u00e9s h\u00e9lico\u00efdaux et mousse de polyur\u00e9thane de densit\u00e9 50kg\/m3\t\t\t\t\t\t\t\t<\/div>\n\t\t\t\t<\/div>\n\t\t\t\t\t<\/div>\n\t\t\t\t<\/div>\n\t\t<div class=\"elementor-element elementor-element-844d939 e-flex e-con-boxed e-con e-parent\" data-id=\"844d939\" data-element_type=\"container\" data-e-type=\"container\">\n\t\t\t\t\t<div class=\"e-con-inner\">\n\t\t<div class=\"elementor-element elementor-element-c748988 e-con-full e-flex e-con e-child\" data-id=\"c748988\" data-element_type=\"container\" data-e-type=\"container\">\n\t\t\t\t<div class=\"elementor-element elementor-element-ef2e98d elementor-widget elementor-widget-image\" data-id=\"ef2e98d\" data-element_type=\"widget\" data-e-type=\"widget\" data-widget_type=\"image.default\">\n\t\t\t\t<div class=\"elementor-widget-container\">\n\t\t\t\t\t\t\t\t\t\t\t\t\t\t\t<img fetchpriority=\"high\" decoding=\"async\" width=\"700\" height=\"500\" src=\"https:\/\/medirelax.be\/wp-content\/uploads\/2024\/07\/dilmensions.jpg\" class=\"attachment-large size-large wp-image-1961\" alt=\"\" srcset=\"https:\/\/medirelax.be\/wp-content\/uploads\/2024\/07\/dilmensions.jpg 700w, https:\/\/medirelax.be\/wp-content\/uploads\/2024\/07\/dilmensions-300x214.jpg 300w, https:\/\/medirelax.be\/wp-content\/uploads\/2024\/07\/dilmensions-600x429.jpg 600w\" sizes=\"(max-width: 700px) 100vw, 700px\" \/>\t\t\t\t\t\t\t\t\t\t\t\t\t\t\t<\/div>\n\t\t\t\t<\/div>\n\t\t\t\t<\/div>\n\t\t<div class=\"elementor-element elementor-element-8db930f e-con-full e-flex e-con e-child\" data-id=\"8db930f\" data-element_type=\"container\" data-e-type=\"container\">\n\t\t\t\t<div class=\"elementor-element elementor-element-9b17350 elementor-widget elementor-widget-image\" data-id=\"9b17350\" data-element_type=\"widget\" data-e-type=\"widget\" data-widget_type=\"image.default\">\n\t\t\t\t<div class=\"elementor-widget-container\">\n\t\t\t\t\t\t\t\t\t\t\t\t\t\t\t<img decoding=\"async\" width=\"700\" height=\"500\" src=\"https:\/\/medirelax.be\/wp-content\/uploads\/2024\/07\/dimensiosn-insbruck.jpg\" class=\"attachment-large size-large wp-image-1960\" alt=\"dimensiosn insbruck\" srcset=\"https:\/\/medirelax.be\/wp-content\/uploads\/2024\/07\/dimensiosn-insbruck.jpg 700w, https:\/\/medirelax.be\/wp-content\/uploads\/2024\/07\/dimensiosn-insbruck-300x214.jpg 300w, https:\/\/medirelax.be\/wp-content\/uploads\/2024\/07\/dimensiosn-insbruck-600x429.jpg 600w\" sizes=\"(max-width: 700px) 100vw, 700px\" \/>\t\t\t\t\t\t\t\t\t\t\t\t\t\t\t<\/div>\n\t\t\t\t<\/div>\n\t\t\t\t<\/div>\n\t\t\t\t\t<\/div>\n\t\t\t\t<\/div>\n\t\t\t\t<\/div>\n\t\t","protected":false},"excerpt":{"rendered":"<p>Des composants pr\u00e9vu pour supporter jusqu\u2019\u00e0 150kg<\/p>\n<p>POINTS FORTS \u2022 Rev\u00eatement Nouvelle g\u00e9n\u00e9ration EasyClean, d\u00e9perlant (\u00ab traitement T\u00e9flon \u00bb) pour \u00e9viter la p\u00e9n\u00e9tration imm\u00e9diate des liquides (facile \u00e0 nettoyer \u00e0 l\u2019aide d\u2019un chiffon\/ \u00e9ponge absorbant), Il est \u00ab respirant \u00bb, r\u00e9pond \u00e0 la norme anti-feu EN1021-1 (test de la cigarette) \u2022 Super r\u00e9sistant (norme usage intensif) \u2022 Suspension d\u2019assise Ressorts typ NOSAG + ressorts ensach\u00e9s h\u00e9lico\u00efdaux et mousse de polyur\u00e9thane de densit\u00e9 50kg\/m3<\/p>\n","protected":false},"featured_media":1117,"template":"","meta":[],"product_brand":[],"product_cat":[28,102],"product_tag":[],"class_list":{"0":"post-1113","1":"product","2":"type-product","3":"status-publish","4":"has-post-thumbnail","6":"product_cat-fauteuil-releveur","7":"product_cat-les-classiques","9":"first","10":"instock","11":"shipping-taxable","12":"purchasable","13":"product-type-simple"},"yoast_head":"<!-- This site is optimized with the Yoast SEO plugin v27.0 - https:\/\/yoast.com\/product\/yoast-seo-wordpress\/ -->\n<title>INSBRUCK BI MOTEUR - Medirelax<\/title>\n<meta name=\"description\" content=\"Rev\u00eatement Nouvelle g\u00e9n\u00e9ration EasyClean, d\u00e9perlant (\u00ab traitement T\u00e9flon \u00bb) pour \u00e9viter la p\u00e9n\u00e9tration imm\u00e9diate des liquides\" \/>\n<meta name=\"robots\" content=\"index, follow, max-snippet:-1, max-image-preview:large, max-video-preview:-1\" \/>\n<link rel=\"canonical\" href=\"https:\/\/medirelax.be\/?product=insbruck\" \/>\n<meta property=\"og:locale\" content=\"fr_FR\" \/>\n<meta property=\"og:type\" content=\"article\" \/>\n<meta property=\"og:title\" content=\"INSBRUCK BI MOTEUR - Medirelax\" \/>\n<meta property=\"og:description\" content=\"Rev\u00eatement Nouvelle g\u00e9n\u00e9ration EasyClean, d\u00e9perlant (\u00ab traitement T\u00e9flon \u00bb) pour \u00e9viter la p\u00e9n\u00e9tration imm\u00e9diate des liquides\" \/>\n<meta property=\"og:url\" content=\"https:\/\/medirelax.be\/?product=insbruck\" \/>\n<meta property=\"og:site_name\" content=\"Medirelax\" \/>\n<meta property=\"article:modified_time\" content=\"2025-02-28T15:18:40+00:00\" \/>\n<meta property=\"og:image\" content=\"https:\/\/medirelax.be\/wp-content\/uploads\/2024\/07\/Insbruck.jpg\" \/>\n\t<meta property=\"og:image:width\" content=\"500\" \/>\n\t<meta property=\"og:image:height\" content=\"600\" \/>\n\t<meta property=\"og:image:type\" content=\"image\/jpeg\" \/>\n<meta name=\"twitter:card\" content=\"summary_large_image\" \/>\n<meta name=\"twitter:label1\" content=\"Dur\u00e9e de lecture estim\u00e9e\" \/>\n\t<meta name=\"twitter:data1\" content=\"1 minute\" \/>\n<script type=\"application\/ld+json\" class=\"yoast-schema-graph\">{\"@context\":\"https:\/\/schema.org\",\"@graph\":[{\"@type\":\"WebPage\",\"@id\":\"https:\/\/medirelax.be\/?product=insbruck\",\"url\":\"https:\/\/medirelax.be\/?product=insbruck\",\"name\":\"INSBRUCK BI MOTEUR - Medirelax\",\"isPartOf\":{\"@id\":\"https:\/\/medirelax.be\/#website\"},\"primaryImageOfPage\":{\"@id\":\"https:\/\/medirelax.be\/?product=insbruck#primaryimage\"},\"image\":{\"@id\":\"https:\/\/medirelax.be\/?product=insbruck#primaryimage\"},\"thumbnailUrl\":\"https:\/\/medirelax.be\/wp-content\/uploads\/2024\/07\/Insbruck.jpg\",\"datePublished\":\"2024-07-17T08:20:34+00:00\",\"dateModified\":\"2025-02-28T15:18:40+00:00\",\"description\":\"Rev\u00eatement Nouvelle g\u00e9n\u00e9ration EasyClean, d\u00e9perlant (\u00ab traitement T\u00e9flon \u00bb) pour \u00e9viter la p\u00e9n\u00e9tration imm\u00e9diate des liquides\",\"breadcrumb\":{\"@id\":\"https:\/\/medirelax.be\/?product=insbruck#breadcrumb\"},\"inLanguage\":\"fr-FR\",\"potentialAction\":[{\"@type\":\"ReadAction\",\"target\":[\"https:\/\/medirelax.be\/?product=insbruck\"]}]},{\"@type\":\"ImageObject\",\"inLanguage\":\"fr-FR\",\"@id\":\"https:\/\/medirelax.be\/?product=insbruck#primaryimage\",\"url\":\"https:\/\/medirelax.be\/wp-content\/uploads\/2024\/07\/Insbruck.jpg\",\"contentUrl\":\"https:\/\/medirelax.be\/wp-content\/uploads\/2024\/07\/Insbruck.jpg\",\"width\":500,\"height\":600,\"caption\":\"Insbruck\"},{\"@type\":\"BreadcrumbList\",\"@id\":\"https:\/\/medirelax.be\/?product=insbruck#breadcrumb\",\"itemListElement\":[{\"@type\":\"ListItem\",\"position\":1,\"name\":\"Home\",\"item\":\"https:\/\/medirelax.be\/\"},{\"@type\":\"ListItem\",\"position\":2,\"name\":\"Shop\",\"item\":\"https:\/\/medirelax.be\/?page_id=10\"},{\"@type\":\"ListItem\",\"position\":3,\"name\":\"INSBRUCK BI MOTEUR\"}]},{\"@type\":\"WebSite\",\"@id\":\"https:\/\/medirelax.be\/#website\",\"url\":\"https:\/\/medirelax.be\/\",\"name\":\"Medirelax\",\"description\":\"Medirelax, un monde de d\u00e9tente et de bien-\u00eatre\",\"potentialAction\":[{\"@type\":\"SearchAction\",\"target\":{\"@type\":\"EntryPoint\",\"urlTemplate\":\"https:\/\/medirelax.be\/?s={search_term_string}\"},\"query-input\":{\"@type\":\"PropertyValueSpecification\",\"valueRequired\":true,\"valueName\":\"search_term_string\"}}],\"inLanguage\":\"fr-FR\"}]}<\/script>\n<!-- \/ Yoast SEO plugin. -->","yoast_head_json":{"title":"INSBRUCK BI MOTEUR - Medirelax","description":"Rev\u00eatement Nouvelle g\u00e9n\u00e9ration EasyClean, d\u00e9perlant (\u00ab traitement T\u00e9flon \u00bb) pour \u00e9viter la p\u00e9n\u00e9tration imm\u00e9diate des liquides","robots":{"index":"index","follow":"follow","max-snippet":"max-snippet:-1","max-image-preview":"max-image-preview:large","max-video-preview":"max-video-preview:-1"},"canonical":"https:\/\/medirelax.be\/?product=insbruck","og_locale":"fr_FR","og_type":"article","og_title":"INSBRUCK BI MOTEUR - Medirelax","og_description":"Rev\u00eatement Nouvelle g\u00e9n\u00e9ration EasyClean, d\u00e9perlant (\u00ab traitement T\u00e9flon \u00bb) pour \u00e9viter la p\u00e9n\u00e9tration imm\u00e9diate des liquides","og_url":"https:\/\/medirelax.be\/?product=insbruck","og_site_name":"Medirelax","article_modified_time":"2025-02-28T15:18:40+00:00","og_image":[{"width":500,"height":600,"url":"https:\/\/medirelax.be\/wp-content\/uploads\/2024\/07\/Insbruck.jpg","type":"image\/jpeg"}],"twitter_card":"summary_large_image","twitter_misc":{"Dur\u00e9e de lecture estim\u00e9e":"1 minute"},"schema":{"@context":"https:\/\/schema.org","@graph":[{"@type":"WebPage","@id":"https:\/\/medirelax.be\/?product=insbruck","url":"https:\/\/medirelax.be\/?product=insbruck","name":"INSBRUCK BI MOTEUR - Medirelax","isPartOf":{"@id":"https:\/\/medirelax.be\/#website"},"primaryImageOfPage":{"@id":"https:\/\/medirelax.be\/?product=insbruck#primaryimage"},"image":{"@id":"https:\/\/medirelax.be\/?product=insbruck#primaryimage"},"thumbnailUrl":"https:\/\/medirelax.be\/wp-content\/uploads\/2024\/07\/Insbruck.jpg","datePublished":"2024-07-17T08:20:34+00:00","dateModified":"2025-02-28T15:18:40+00:00","description":"Rev\u00eatement Nouvelle g\u00e9n\u00e9ration EasyClean, d\u00e9perlant (\u00ab traitement T\u00e9flon \u00bb) pour \u00e9viter la p\u00e9n\u00e9tration imm\u00e9diate des liquides","breadcrumb":{"@id":"https:\/\/medirelax.be\/?product=insbruck#breadcrumb"},"inLanguage":"fr-FR","potentialAction":[{"@type":"ReadAction","target":["https:\/\/medirelax.be\/?product=insbruck"]}]},{"@type":"ImageObject","inLanguage":"fr-FR","@id":"https:\/\/medirelax.be\/?product=insbruck#primaryimage","url":"https:\/\/medirelax.be\/wp-content\/uploads\/2024\/07\/Insbruck.jpg","contentUrl":"https:\/\/medirelax.be\/wp-content\/uploads\/2024\/07\/Insbruck.jpg","width":500,"height":600,"caption":"Insbruck"},{"@type":"BreadcrumbList","@id":"https:\/\/medirelax.be\/?product=insbruck#breadcrumb","itemListElement":[{"@type":"ListItem","position":1,"name":"Home","item":"https:\/\/medirelax.be\/"},{"@type":"ListItem","position":2,"name":"Shop","item":"https:\/\/medirelax.be\/?page_id=10"},{"@type":"ListItem","position":3,"name":"INSBRUCK BI MOTEUR"}]},{"@type":"WebSite","@id":"https:\/\/medirelax.be\/#website","url":"https:\/\/medirelax.be\/","name":"Medirelax","description":"Medirelax, un monde de d\u00e9tente et de bien-\u00eatre","potentialAction":[{"@type":"SearchAction","target":{"@type":"EntryPoint","urlTemplate":"https:\/\/medirelax.be\/?s={search_term_string}"},"query-input":{"@type":"PropertyValueSpecification","valueRequired":true,"valueName":"search_term_string"}}],"inLanguage":"fr-FR"}]}},"_links":{"self":[{"href":"https:\/\/medirelax.be\/index.php?rest_route=\/wp\/v2\/product\/1113","targetHints":{"allow":["GET"]}}],"collection":[{"href":"https:\/\/medirelax.be\/index.php?rest_route=\/wp\/v2\/product"}],"about":[{"href":"https:\/\/medirelax.be\/index.php?rest_route=\/wp\/v2\/types\/product"}],"version-history":[{"count":2,"href":"https:\/\/medirelax.be\/index.php?rest_route=\/wp\/v2\/product\/1113\/revisions"}],"predecessor-version":[{"id":3131,"href":"https:\/\/medirelax.be\/index.php?rest_route=\/wp\/v2\/product\/1113\/revisions\/3131"}],"wp:featuredmedia":[{"embeddable":true,"href":"https:\/\/medirelax.be\/index.php?rest_route=\/wp\/v2\/media\/1117"}],"wp:attachment":[{"href":"https:\/\/medirelax.be\/index.php?rest_route=%2Fwp%2Fv2%2Fmedia&parent=1113"}],"wp:term":[{"taxonomy":"product_brand","embeddable":true,"href":"https:\/\/medirelax.be\/index.php?rest_route=%2Fwp%2Fv2%2Fproduct_brand&post=1113"},{"taxonomy":"product_cat","embeddable":true,"href":"https:\/\/medirelax.be\/index.php?rest_route=%2Fwp%2Fv2%2Fproduct_cat&post=1113"},{"taxonomy":"product_tag","embeddable":true,"href":"https:\/\/medirelax.be\/index.php?rest_route=%2Fwp%2Fv2%2Fproduct_tag&post=1113"}],"curies":[{"name":"wp","href":"https:\/\/api.w.org\/{rel}","templated":true}]}}