{"id":1104,"date":"2024-07-17T10:08:53","date_gmt":"2024-07-17T08:08:53","guid":{"rendered":"https:\/\/medirelax.be\/?post_type=product&#038;p=1104"},"modified":"2025-02-26T13:02:58","modified_gmt":"2025-02-26T12:02:58","slug":"forte-taille-extra-large-trois-moteurs-xxxl","status":"publish","type":"product","link":"https:\/\/medirelax.be\/?product=forte-taille-extra-large-trois-moteurs-xxxl","title":{"rendered":"FORTE TAILLE EXTRA LARGE TROIS MOTEURS XXXL"},"content":{"rendered":"\t\t<div data-elementor-type=\"product-post\" data-elementor-id=\"1104\" class=\"elementor elementor-1104\" data-elementor-post-type=\"product\">\n\t\t\t\t<div class=\"elementor-element elementor-element-7f153408 e-flex e-con-boxed e-con e-parent\" data-id=\"7f153408\" data-element_type=\"container\" data-e-type=\"container\">\n\t\t\t\t\t<div class=\"e-con-inner\">\n\t\t\t\t<div class=\"elementor-element elementor-element-4061a1be elementor-widget elementor-widget-text-editor\" data-id=\"4061a1be\" data-element_type=\"widget\" data-e-type=\"widget\" data-widget_type=\"text-editor.default\">\n\t\t\t\t<div class=\"elementor-widget-container\">\n\t\t\t\t\t\t\t\t\tFORTE TAILLE EXTRA LARGE TROIS MOTEURS XXXL\r\n\r\nPOINTS FORTS\r\n\r\n\u2022 Prot\u00e8ge accoudoirs et prot\u00e8ge appui-t\u00eate de s\u00e9rie \u2022 Haut du dossier ergonomique pour un meilleur maintien des cervicales \u2022 Deux boudins lat\u00e9raux sur la partie basse du dossier pour un meilleur maintien lombaire. \u2022 Des rev\u00eatements Qualitex, haute r\u00e9sistance aux frottements\u00a0 \u2022 Pour mod\u00e8le XXXL \u00e9quip\u00e9 d&rsquo;un v\u00e9rin d\u00e9di\u00e9 au dossier : possibilit\u00e9 d&rsquo;extension de repose pieds\r\n\r\nEquip\u00e9 de trois moteurs (deux moteurs accoupl\u00e9s au niveau de l\u2019assise pour supporter un poids plus important et un moteur pour le dossier), il fonctionne comme un deux moteurs, sans aller jusqu\u2019\u00e0 la position lit.\r\n\r\nT\u00e9l\u00e9commande XXL et XXXL avec v\u00e9rin suppl\u00e9mentaire sp\u00e9cifique au dossier pour un fonctionnement dissoci\u00e9 du dossier et du repose pieds\t\t\t\t\t\t\t\t<\/div>\n\t\t\t\t<\/div>\n\t\t\t\t\t<\/div>\n\t\t\t\t<\/div>\n\t\t<div class=\"elementor-element elementor-element-f54672b e-flex e-con-boxed e-con e-parent\" data-id=\"f54672b\" data-element_type=\"container\" data-e-type=\"container\">\n\t\t\t\t\t<div class=\"e-con-inner\">\n\t\t<div class=\"elementor-element elementor-element-becb2f3 e-con-full e-flex e-con e-child\" data-id=\"becb2f3\" data-element_type=\"container\" data-e-type=\"container\">\n\t\t\t\t<div class=\"elementor-element elementor-element-0115928 elementor-widget elementor-widget-image\" data-id=\"0115928\" data-element_type=\"widget\" data-e-type=\"widget\" data-widget_type=\"image.default\">\n\t\t\t\t<div class=\"elementor-widget-container\">\n\t\t\t\t\t\t\t\t\t\t\t\t\t\t\t<img fetchpriority=\"high\" decoding=\"async\" width=\"700\" height=\"500\" src=\"https:\/\/medirelax.be\/wp-content\/uploads\/2024\/07\/Revetement-XXL.jpg\" class=\"attachment-large size-large wp-image-1948\" alt=\"Revetement XXL\" srcset=\"https:\/\/medirelax.be\/wp-content\/uploads\/2024\/07\/Revetement-XXL.jpg 700w, https:\/\/medirelax.be\/wp-content\/uploads\/2024\/07\/Revetement-XXL-300x214.jpg 300w, https:\/\/medirelax.be\/wp-content\/uploads\/2024\/07\/Revetement-XXL-600x429.jpg 600w\" sizes=\"(max-width: 700px) 100vw, 700px\" \/>\t\t\t\t\t\t\t\t\t\t\t\t\t\t\t<\/div>\n\t\t\t\t<\/div>\n\t\t\t\t<\/div>\n\t\t<div class=\"elementor-element elementor-element-78e633f e-con-full e-flex e-con e-child\" data-id=\"78e633f\" data-element_type=\"container\" data-e-type=\"container\">\n\t\t\t\t<div class=\"elementor-element elementor-element-cb393de elementor-widget elementor-widget-image\" data-id=\"cb393de\" data-element_type=\"widget\" data-e-type=\"widget\" data-widget_type=\"image.default\">\n\t\t\t\t<div class=\"elementor-widget-container\">\n\t\t\t\t\t\t\t\t\t\t\t\t\t\t\t<img decoding=\"async\" width=\"700\" height=\"500\" src=\"https:\/\/medirelax.be\/wp-content\/uploads\/2024\/07\/remote-4.jpg\" class=\"attachment-large size-large wp-image-1955\" alt=\"remote\" srcset=\"https:\/\/medirelax.be\/wp-content\/uploads\/2024\/07\/remote-4.jpg 700w, https:\/\/medirelax.be\/wp-content\/uploads\/2024\/07\/remote-4-300x214.jpg 300w, https:\/\/medirelax.be\/wp-content\/uploads\/2024\/07\/remote-4-600x429.jpg 600w\" sizes=\"(max-width: 700px) 100vw, 700px\" \/>\t\t\t\t\t\t\t\t\t\t\t\t\t\t\t<\/div>\n\t\t\t\t<\/div>\n\t\t\t\t<\/div>\n\t\t\t\t\t<\/div>\n\t\t\t\t<\/div>\n\t\t<div class=\"elementor-element elementor-element-9d32220 e-flex e-con-boxed e-con e-parent\" data-id=\"9d32220\" data-element_type=\"container\" data-e-type=\"container\">\n\t\t\t\t\t<div class=\"e-con-inner\">\n\t\t<div class=\"elementor-element elementor-element-4543ba5 e-con-full e-flex e-con e-child\" data-id=\"4543ba5\" data-element_type=\"container\" data-e-type=\"container\">\n\t\t\t\t<div class=\"elementor-element elementor-element-9aa5261 elementor-widget elementor-widget-image\" data-id=\"9aa5261\" data-element_type=\"widget\" data-e-type=\"widget\" data-widget_type=\"image.default\">\n\t\t\t\t<div class=\"elementor-widget-container\">\n\t\t\t\t\t\t\t\t\t\t\t\t\t\t\t<img decoding=\"async\" width=\"700\" height=\"500\" src=\"https:\/\/medirelax.be\/wp-content\/uploads\/2024\/07\/dimensions-8.jpg\" class=\"attachment-large size-large wp-image-1953\" alt=\"\" srcset=\"https:\/\/medirelax.be\/wp-content\/uploads\/2024\/07\/dimensions-8.jpg 700w, https:\/\/medirelax.be\/wp-content\/uploads\/2024\/07\/dimensions-8-300x214.jpg 300w, https:\/\/medirelax.be\/wp-content\/uploads\/2024\/07\/dimensions-8-600x429.jpg 600w\" sizes=\"(max-width: 700px) 100vw, 700px\" \/>\t\t\t\t\t\t\t\t\t\t\t\t\t\t\t<\/div>\n\t\t\t\t<\/div>\n\t\t\t\t<\/div>\n\t\t<div class=\"elementor-element elementor-element-8488a5b e-con-full e-flex e-con e-child\" data-id=\"8488a5b\" data-element_type=\"container\" data-e-type=\"container\">\n\t\t\t\t<div class=\"elementor-element elementor-element-9525ae6 elementor-widget elementor-widget-image\" data-id=\"9525ae6\" data-element_type=\"widget\" data-e-type=\"widget\" data-widget_type=\"image.default\">\n\t\t\t\t<div class=\"elementor-widget-container\">\n\t\t\t\t\t\t\t\t\t\t\t\t\t\t\t<img loading=\"lazy\" decoding=\"async\" width=\"700\" height=\"500\" src=\"https:\/\/medirelax.be\/wp-content\/uploads\/2024\/07\/Positions-1-4.jpg\" class=\"attachment-large size-large wp-image-1946\" alt=\"Positions\" srcset=\"https:\/\/medirelax.be\/wp-content\/uploads\/2024\/07\/Positions-1-4.jpg 700w, https:\/\/medirelax.be\/wp-content\/uploads\/2024\/07\/Positions-1-4-300x214.jpg 300w, https:\/\/medirelax.be\/wp-content\/uploads\/2024\/07\/Positions-1-4-600x429.jpg 600w\" sizes=\"(max-width: 700px) 100vw, 700px\" \/>\t\t\t\t\t\t\t\t\t\t\t\t\t\t\t<\/div>\n\t\t\t\t<\/div>\n\t\t\t\t<\/div>\n\t\t\t\t\t<\/div>\n\t\t\t\t<\/div>\n\t\t\t\t<\/div>\n\t\t","protected":false},"excerpt":{"rendered":"<p>FORTE TAILLE EXTRA LARGE TROIS MOTEURS XXXL<\/p>\n<ul>\n<li>POINTS FORTS\u2022 Prot\u00e8ge accoudoirs et prot\u00e8ge appui-t\u00eate de s\u00e9rie \u2022 Haut du dossier ergonomique pour un meilleur maintien des cervicales \u2022 Deux boudins lat\u00e9raux sur la partie basse du dossier pour un meilleur maintien lombaire. \u2022 Des rev\u00eatements Qualitex, haute r\u00e9sistance aux frottements\u00a0 \u2022 Pour mod\u00e8le XXXL \u00e9quip\u00e9 d&rsquo;un v\u00e9rin d\u00e9di\u00e9 au dossier : possibilit\u00e9 d&rsquo;extension de repose piedsEquip\u00e9 de trois moteurs (deux moteurs accoupl\u00e9s au niveau de l\u2019assise pour supporter un poids plus important et un moteur pour le dossier), il fonctionne comme un deux moteurs, sans aller jusqu\u2019\u00e0 la position lit.T\u00e9l\u00e9commande XXL et XXXL avec v\u00e9rin suppl\u00e9mentaire sp\u00e9cifique au dossier pour un fonctionnement dissoci\u00e9 du dossier et du repose pieds<\/li>\n<\/ul>\n","protected":false},"featured_media":1109,"template":"","meta":[],"product_brand":[],"product_cat":[28,99],"product_tag":[],"class_list":{"0":"post-1104","1":"product","2":"type-product","3":"status-publish","4":"has-post-thumbnail","6":"product_cat-fauteuil-releveur","7":"product_cat-tailles-speciales","9":"first","10":"instock","11":"shipping-taxable","12":"purchasable","13":"product-type-simple"},"yoast_head":"<!-- This site is optimized with the Yoast SEO plugin v27.0 - https:\/\/yoast.com\/product\/yoast-seo-wordpress\/ -->\n<title>FORTE TAILLE EXTRA LARGE TROIS MOTEURS XXXL - Medirelax<\/title>\n<meta name=\"description\" content=\"Prot\u00e8ge accoudoirs et prot\u00e8ge appui-t\u00eate de s\u00e9rie. Haut du dossier ergonomique pour un meilleur maintien des cervicales\" \/>\n<meta name=\"robots\" content=\"index, follow, max-snippet:-1, max-image-preview:large, max-video-preview:-1\" \/>\n<link rel=\"canonical\" href=\"https:\/\/medirelax.be\/?product=forte-taille-extra-large-trois-moteurs-xxxl\" \/>\n<meta property=\"og:locale\" content=\"fr_FR\" \/>\n<meta property=\"og:type\" content=\"article\" \/>\n<meta property=\"og:title\" content=\"FORTE TAILLE EXTRA LARGE TROIS MOTEURS XXXL - Medirelax\" \/>\n<meta property=\"og:description\" content=\"Prot\u00e8ge accoudoirs et prot\u00e8ge appui-t\u00eate de s\u00e9rie. Haut du dossier ergonomique pour un meilleur maintien des cervicales\" \/>\n<meta property=\"og:url\" content=\"https:\/\/medirelax.be\/?product=forte-taille-extra-large-trois-moteurs-xxxl\" \/>\n<meta property=\"og:site_name\" content=\"Medirelax\" \/>\n<meta property=\"article:modified_time\" content=\"2025-02-26T12:02:58+00:00\" \/>\n<meta property=\"og:image\" content=\"https:\/\/medirelax.be\/wp-content\/uploads\/2024\/07\/Medi-Specifique-forte-taille-trois-moteurs-XXXL-.jpg\" \/>\n\t<meta property=\"og:image:width\" content=\"500\" \/>\n\t<meta property=\"og:image:height\" content=\"600\" \/>\n\t<meta property=\"og:image:type\" content=\"image\/jpeg\" \/>\n<meta name=\"twitter:card\" content=\"summary_large_image\" \/>\n<meta name=\"twitter:label1\" content=\"Dur\u00e9e de lecture estim\u00e9e\" \/>\n\t<meta name=\"twitter:data1\" content=\"2 minutes\" \/>\n<script type=\"application\/ld+json\" class=\"yoast-schema-graph\">{\"@context\":\"https:\/\/schema.org\",\"@graph\":[{\"@type\":\"WebPage\",\"@id\":\"https:\/\/medirelax.be\/?product=forte-taille-extra-large-trois-moteurs-xxxl\",\"url\":\"https:\/\/medirelax.be\/?product=forte-taille-extra-large-trois-moteurs-xxxl\",\"name\":\"FORTE TAILLE EXTRA LARGE TROIS MOTEURS XXXL - Medirelax\",\"isPartOf\":{\"@id\":\"https:\/\/medirelax.be\/#website\"},\"primaryImageOfPage\":{\"@id\":\"https:\/\/medirelax.be\/?product=forte-taille-extra-large-trois-moteurs-xxxl#primaryimage\"},\"image\":{\"@id\":\"https:\/\/medirelax.be\/?product=forte-taille-extra-large-trois-moteurs-xxxl#primaryimage\"},\"thumbnailUrl\":\"https:\/\/medirelax.be\/wp-content\/uploads\/2024\/07\/Medi-Specifique-forte-taille-trois-moteurs-XXXL-.jpg\",\"datePublished\":\"2024-07-17T08:08:53+00:00\",\"dateModified\":\"2025-02-26T12:02:58+00:00\",\"description\":\"Prot\u00e8ge accoudoirs et prot\u00e8ge appui-t\u00eate de s\u00e9rie. Haut du dossier ergonomique pour un meilleur maintien des cervicales\",\"breadcrumb\":{\"@id\":\"https:\/\/medirelax.be\/?product=forte-taille-extra-large-trois-moteurs-xxxl#breadcrumb\"},\"inLanguage\":\"fr-FR\",\"potentialAction\":[{\"@type\":\"ReadAction\",\"target\":[\"https:\/\/medirelax.be\/?product=forte-taille-extra-large-trois-moteurs-xxxl\"]}]},{\"@type\":\"ImageObject\",\"inLanguage\":\"fr-FR\",\"@id\":\"https:\/\/medirelax.be\/?product=forte-taille-extra-large-trois-moteurs-xxxl#primaryimage\",\"url\":\"https:\/\/medirelax.be\/wp-content\/uploads\/2024\/07\/Medi-Specifique-forte-taille-trois-moteurs-XXXL-.jpg\",\"contentUrl\":\"https:\/\/medirelax.be\/wp-content\/uploads\/2024\/07\/Medi-Specifique-forte-taille-trois-moteurs-XXXL-.jpg\",\"width\":500,\"height\":600,\"caption\":\"Medi Spe\u0301cifique forte taille trois moteurs XXXL\"},{\"@type\":\"BreadcrumbList\",\"@id\":\"https:\/\/medirelax.be\/?product=forte-taille-extra-large-trois-moteurs-xxxl#breadcrumb\",\"itemListElement\":[{\"@type\":\"ListItem\",\"position\":1,\"name\":\"Home\",\"item\":\"https:\/\/medirelax.be\/\"},{\"@type\":\"ListItem\",\"position\":2,\"name\":\"Shop\",\"item\":\"https:\/\/medirelax.be\/?page_id=10\"},{\"@type\":\"ListItem\",\"position\":3,\"name\":\"FORTE TAILLE EXTRA LARGE TROIS MOTEURS XXXL\"}]},{\"@type\":\"WebSite\",\"@id\":\"https:\/\/medirelax.be\/#website\",\"url\":\"https:\/\/medirelax.be\/\",\"name\":\"Medirelax\",\"description\":\"Medirelax, un monde de d\u00e9tente et de bien-\u00eatre\",\"potentialAction\":[{\"@type\":\"SearchAction\",\"target\":{\"@type\":\"EntryPoint\",\"urlTemplate\":\"https:\/\/medirelax.be\/?s={search_term_string}\"},\"query-input\":{\"@type\":\"PropertyValueSpecification\",\"valueRequired\":true,\"valueName\":\"search_term_string\"}}],\"inLanguage\":\"fr-FR\"}]}<\/script>\n<!-- \/ Yoast SEO plugin. -->","yoast_head_json":{"title":"FORTE TAILLE EXTRA LARGE TROIS MOTEURS XXXL - Medirelax","description":"Prot\u00e8ge accoudoirs et prot\u00e8ge appui-t\u00eate de s\u00e9rie. Haut du dossier ergonomique pour un meilleur maintien des cervicales","robots":{"index":"index","follow":"follow","max-snippet":"max-snippet:-1","max-image-preview":"max-image-preview:large","max-video-preview":"max-video-preview:-1"},"canonical":"https:\/\/medirelax.be\/?product=forte-taille-extra-large-trois-moteurs-xxxl","og_locale":"fr_FR","og_type":"article","og_title":"FORTE TAILLE EXTRA LARGE TROIS MOTEURS XXXL - Medirelax","og_description":"Prot\u00e8ge accoudoirs et prot\u00e8ge appui-t\u00eate de s\u00e9rie. Haut du dossier ergonomique pour un meilleur maintien des cervicales","og_url":"https:\/\/medirelax.be\/?product=forte-taille-extra-large-trois-moteurs-xxxl","og_site_name":"Medirelax","article_modified_time":"2025-02-26T12:02:58+00:00","og_image":[{"width":500,"height":600,"url":"https:\/\/medirelax.be\/wp-content\/uploads\/2024\/07\/Medi-Specifique-forte-taille-trois-moteurs-XXXL-.jpg","type":"image\/jpeg"}],"twitter_card":"summary_large_image","twitter_misc":{"Dur\u00e9e de lecture estim\u00e9e":"2 minutes"},"schema":{"@context":"https:\/\/schema.org","@graph":[{"@type":"WebPage","@id":"https:\/\/medirelax.be\/?product=forte-taille-extra-large-trois-moteurs-xxxl","url":"https:\/\/medirelax.be\/?product=forte-taille-extra-large-trois-moteurs-xxxl","name":"FORTE TAILLE EXTRA LARGE TROIS MOTEURS XXXL - Medirelax","isPartOf":{"@id":"https:\/\/medirelax.be\/#website"},"primaryImageOfPage":{"@id":"https:\/\/medirelax.be\/?product=forte-taille-extra-large-trois-moteurs-xxxl#primaryimage"},"image":{"@id":"https:\/\/medirelax.be\/?product=forte-taille-extra-large-trois-moteurs-xxxl#primaryimage"},"thumbnailUrl":"https:\/\/medirelax.be\/wp-content\/uploads\/2024\/07\/Medi-Specifique-forte-taille-trois-moteurs-XXXL-.jpg","datePublished":"2024-07-17T08:08:53+00:00","dateModified":"2025-02-26T12:02:58+00:00","description":"Prot\u00e8ge accoudoirs et prot\u00e8ge appui-t\u00eate de s\u00e9rie. Haut du dossier ergonomique pour un meilleur maintien des cervicales","breadcrumb":{"@id":"https:\/\/medirelax.be\/?product=forte-taille-extra-large-trois-moteurs-xxxl#breadcrumb"},"inLanguage":"fr-FR","potentialAction":[{"@type":"ReadAction","target":["https:\/\/medirelax.be\/?product=forte-taille-extra-large-trois-moteurs-xxxl"]}]},{"@type":"ImageObject","inLanguage":"fr-FR","@id":"https:\/\/medirelax.be\/?product=forte-taille-extra-large-trois-moteurs-xxxl#primaryimage","url":"https:\/\/medirelax.be\/wp-content\/uploads\/2024\/07\/Medi-Specifique-forte-taille-trois-moteurs-XXXL-.jpg","contentUrl":"https:\/\/medirelax.be\/wp-content\/uploads\/2024\/07\/Medi-Specifique-forte-taille-trois-moteurs-XXXL-.jpg","width":500,"height":600,"caption":"Medi Spe\u0301cifique forte taille trois moteurs XXXL"},{"@type":"BreadcrumbList","@id":"https:\/\/medirelax.be\/?product=forte-taille-extra-large-trois-moteurs-xxxl#breadcrumb","itemListElement":[{"@type":"ListItem","position":1,"name":"Home","item":"https:\/\/medirelax.be\/"},{"@type":"ListItem","position":2,"name":"Shop","item":"https:\/\/medirelax.be\/?page_id=10"},{"@type":"ListItem","position":3,"name":"FORTE TAILLE EXTRA LARGE TROIS MOTEURS XXXL"}]},{"@type":"WebSite","@id":"https:\/\/medirelax.be\/#website","url":"https:\/\/medirelax.be\/","name":"Medirelax","description":"Medirelax, un monde de d\u00e9tente et de bien-\u00eatre","potentialAction":[{"@type":"SearchAction","target":{"@type":"EntryPoint","urlTemplate":"https:\/\/medirelax.be\/?s={search_term_string}"},"query-input":{"@type":"PropertyValueSpecification","valueRequired":true,"valueName":"search_term_string"}}],"inLanguage":"fr-FR"}]}},"_links":{"self":[{"href":"https:\/\/medirelax.be\/index.php?rest_route=\/wp\/v2\/product\/1104","targetHints":{"allow":["GET"]}}],"collection":[{"href":"https:\/\/medirelax.be\/index.php?rest_route=\/wp\/v2\/product"}],"about":[{"href":"https:\/\/medirelax.be\/index.php?rest_route=\/wp\/v2\/types\/product"}],"version-history":[{"count":1,"href":"https:\/\/medirelax.be\/index.php?rest_route=\/wp\/v2\/product\/1104\/revisions"}],"predecessor-version":[{"id":2852,"href":"https:\/\/medirelax.be\/index.php?rest_route=\/wp\/v2\/product\/1104\/revisions\/2852"}],"wp:featuredmedia":[{"embeddable":true,"href":"https:\/\/medirelax.be\/index.php?rest_route=\/wp\/v2\/media\/1109"}],"wp:attachment":[{"href":"https:\/\/medirelax.be\/index.php?rest_route=%2Fwp%2Fv2%2Fmedia&parent=1104"}],"wp:term":[{"taxonomy":"product_brand","embeddable":true,"href":"https:\/\/medirelax.be\/index.php?rest_route=%2Fwp%2Fv2%2Fproduct_brand&post=1104"},{"taxonomy":"product_cat","embeddable":true,"href":"https:\/\/medirelax.be\/index.php?rest_route=%2Fwp%2Fv2%2Fproduct_cat&post=1104"},{"taxonomy":"product_tag","embeddable":true,"href":"https:\/\/medirelax.be\/index.php?rest_route=%2Fwp%2Fv2%2Fproduct_tag&post=1104"}],"curies":[{"name":"wp","href":"https:\/\/api.w.org\/{rel}","templated":true}]}}