{"id":1083,"date":"2024-07-16T15:17:22","date_gmt":"2024-07-16T13:17:22","guid":{"rendered":"https:\/\/medirelax.be\/?post_type=product&#038;p=1083"},"modified":"2025-02-26T17:55:09","modified_gmt":"2025-02-26T16:55:09","slug":"medi-specifique-forte-taille-xl","status":"publish","type":"product","link":"https:\/\/medirelax.be\/?product=medi-specifique-forte-taille-xl","title":{"rendered":"MEDI SP\u00c9CIFIQUE FORTE TAILLE XL UN MOTEUR"},"content":{"rendered":"\t\t<div data-elementor-type=\"product-post\" data-elementor-id=\"1083\" class=\"elementor elementor-1083\" data-elementor-post-type=\"product\">\n\t\t\t\t<div class=\"elementor-element elementor-element-17dd6c8a e-flex e-con-boxed e-con e-parent\" data-id=\"17dd6c8a\" data-element_type=\"container\" data-e-type=\"container\">\n\t\t\t\t\t<div class=\"e-con-inner\">\n\t\t\t\t<div class=\"elementor-element elementor-element-4e195ee8 elementor-widget elementor-widget-text-editor\" data-id=\"4e195ee8\" data-element_type=\"widget\" data-e-type=\"widget\" data-widget_type=\"text-editor.default\">\n\t\t\t\t<div class=\"elementor-widget-container\">\n\t\t\t\t\t\t\t\t\t<div class=\"page\" title=\"Page 23\">\r\n<div class=\"section\">\r\n<div class=\"layoutArea\">\r\n<div class=\"column\">\r\n\r\nFORTE TAILLE XL comprenant un moteur.\r\n\r\n<\/div>\r\n<\/div>\r\n<\/div>\r\n<\/div>\r\nPOINTS FORTS \u2022 Prot\u00e8ge accoudoirs et prot\u00e8ge appui-t\u00eate de s\u00e9rie \u2022 Deux boudins lat\u00e9raux sur la partie basse du dossier pour un meilleur maintien lombaire \u2022 Haut du dossier ergonomique pour un meilleur maintien des cervicales \u2022 Un rev\u00eatement Qualitex, haute r\u00e9sistance aux frottements\t\t\t\t\t\t\t\t<\/div>\n\t\t\t\t<\/div>\n\t\t\t\t\t<\/div>\n\t\t\t\t<\/div>\n\t\t<div class=\"elementor-element elementor-element-2574143 e-flex e-con-boxed e-con e-parent\" data-id=\"2574143\" data-element_type=\"container\" data-e-type=\"container\">\n\t\t\t\t\t<div class=\"e-con-inner\">\n\t\t<div class=\"elementor-element elementor-element-62295af e-con-full e-flex e-con e-child\" data-id=\"62295af\" data-element_type=\"container\" data-e-type=\"container\">\n\t\t\t\t<div class=\"elementor-element elementor-element-74f1fff elementor-widget elementor-widget-image\" data-id=\"74f1fff\" data-element_type=\"widget\" data-e-type=\"widget\" data-widget_type=\"image.default\">\n\t\t\t\t<div class=\"elementor-widget-container\">\n\t\t\t\t\t\t\t\t\t\t\t\t\t\t\t<img fetchpriority=\"high\" decoding=\"async\" width=\"700\" height=\"500\" src=\"https:\/\/medirelax.be\/wp-content\/uploads\/2024\/07\/revetement-1-9.jpg\" class=\"attachment-large size-large wp-image-1931\" alt=\"revetement\" srcset=\"https:\/\/medirelax.be\/wp-content\/uploads\/2024\/07\/revetement-1-9.jpg 700w, https:\/\/medirelax.be\/wp-content\/uploads\/2024\/07\/revetement-1-9-300x214.jpg 300w, https:\/\/medirelax.be\/wp-content\/uploads\/2024\/07\/revetement-1-9-600x429.jpg 600w\" sizes=\"(max-width: 700px) 100vw, 700px\" \/>\t\t\t\t\t\t\t\t\t\t\t\t\t\t\t<\/div>\n\t\t\t\t<\/div>\n\t\t\t\t<\/div>\n\t\t<div class=\"elementor-element elementor-element-bfc8cf5 e-con-full e-flex e-con e-child\" data-id=\"bfc8cf5\" data-element_type=\"container\" data-e-type=\"container\">\n\t\t\t\t<div class=\"elementor-element elementor-element-c10ac96 elementor-widget elementor-widget-image\" data-id=\"c10ac96\" data-element_type=\"widget\" data-e-type=\"widget\" data-widget_type=\"image.default\">\n\t\t\t\t<div class=\"elementor-widget-container\">\n\t\t\t\t\t\t\t\t\t\t\t\t\t\t\t<img decoding=\"async\" width=\"700\" height=\"500\" src=\"https:\/\/medirelax.be\/wp-content\/uploads\/2024\/07\/details-1-2.jpg\" class=\"attachment-large size-large wp-image-1930\" alt=\"de\u0301tails\" srcset=\"https:\/\/medirelax.be\/wp-content\/uploads\/2024\/07\/details-1-2.jpg 700w, https:\/\/medirelax.be\/wp-content\/uploads\/2024\/07\/details-1-2-300x214.jpg 300w, https:\/\/medirelax.be\/wp-content\/uploads\/2024\/07\/details-1-2-600x429.jpg 600w\" sizes=\"(max-width: 700px) 100vw, 700px\" \/>\t\t\t\t\t\t\t\t\t\t\t\t\t\t\t<\/div>\n\t\t\t\t<\/div>\n\t\t\t\t<\/div>\n\t\t\t\t\t<\/div>\n\t\t\t\t<\/div>\n\t\t<div class=\"elementor-element elementor-element-a8c4e18 e-flex e-con-boxed e-con e-parent\" data-id=\"a8c4e18\" data-element_type=\"container\" data-e-type=\"container\">\n\t\t\t\t\t<div class=\"e-con-inner\">\n\t\t<div class=\"elementor-element elementor-element-968a632 e-con-full e-flex e-con e-child\" data-id=\"968a632\" data-element_type=\"container\" data-e-type=\"container\">\n\t\t\t\t<div class=\"elementor-element elementor-element-30d3241 elementor-widget elementor-widget-image\" data-id=\"30d3241\" data-element_type=\"widget\" data-e-type=\"widget\" data-widget_type=\"image.default\">\n\t\t\t\t<div class=\"elementor-widget-container\">\n\t\t\t\t\t\t\t\t\t\t\t\t\t\t\t<img decoding=\"async\" width=\"700\" height=\"500\" src=\"https:\/\/medirelax.be\/wp-content\/uploads\/2024\/07\/dimensions-2-1.jpg\" class=\"attachment-large size-large wp-image-1932\" alt=\"dimensions 2\" srcset=\"https:\/\/medirelax.be\/wp-content\/uploads\/2024\/07\/dimensions-2-1.jpg 700w, https:\/\/medirelax.be\/wp-content\/uploads\/2024\/07\/dimensions-2-1-300x214.jpg 300w, https:\/\/medirelax.be\/wp-content\/uploads\/2024\/07\/dimensions-2-1-600x429.jpg 600w\" sizes=\"(max-width: 700px) 100vw, 700px\" \/>\t\t\t\t\t\t\t\t\t\t\t\t\t\t\t<\/div>\n\t\t\t\t<\/div>\n\t\t\t\t<\/div>\n\t\t<div class=\"elementor-element elementor-element-60ef378 e-con-full e-flex e-con e-child\" data-id=\"60ef378\" data-element_type=\"container\" data-e-type=\"container\">\n\t\t\t\t<div class=\"elementor-element elementor-element-3e2d22d elementor-widget elementor-widget-image\" data-id=\"3e2d22d\" data-element_type=\"widget\" data-e-type=\"widget\" data-widget_type=\"image.default\">\n\t\t\t\t<div class=\"elementor-widget-container\">\n\t\t\t\t\t\t\t\t\t\t\t\t\t\t\t<img loading=\"lazy\" decoding=\"async\" width=\"700\" height=\"500\" src=\"https:\/\/medirelax.be\/wp-content\/uploads\/2024\/07\/Dimensions-6.jpg\" class=\"attachment-large size-large wp-image-1933\" alt=\"Dimensions\" srcset=\"https:\/\/medirelax.be\/wp-content\/uploads\/2024\/07\/Dimensions-6.jpg 700w, https:\/\/medirelax.be\/wp-content\/uploads\/2024\/07\/Dimensions-6-300x214.jpg 300w, https:\/\/medirelax.be\/wp-content\/uploads\/2024\/07\/Dimensions-6-600x429.jpg 600w\" sizes=\"(max-width: 700px) 100vw, 700px\" \/>\t\t\t\t\t\t\t\t\t\t\t\t\t\t\t<\/div>\n\t\t\t\t<\/div>\n\t\t\t\t<\/div>\n\t\t\t\t\t<\/div>\n\t\t\t\t<\/div>\n\t\t\t\t<\/div>\n\t\t","protected":false},"excerpt":{"rendered":"<p>FORTE TAILLE XL comprenant un moteur.<\/p>\n<p>POINTS FORTS \u2022 Prot\u00e8ge accoudoirs et prot\u00e8ge appui-t\u00eate de s\u00e9rie \u2022 Deux boudins lat\u00e9raux sur la partie basse du dossier pour un meilleur maintien lombaire \u2022 Haut du dossier ergonomique pour un meilleur maintien des cervicales \u2022 Un rev\u00eatement Qualitex, haute r\u00e9sistance aux frottements<\/p>\n","protected":false},"featured_media":1088,"template":"","meta":[],"product_brand":[],"product_cat":[28,99],"product_tag":[],"class_list":{"0":"post-1083","1":"product","2":"type-product","3":"status-publish","4":"has-post-thumbnail","6":"product_cat-fauteuil-releveur","7":"product_cat-tailles-speciales","9":"first","10":"instock","11":"shipping-taxable","12":"purchasable","13":"product-type-simple"},"yoast_head":"<!-- This site is optimized with the Yoast SEO plugin v27.0 - https:\/\/yoast.com\/product\/yoast-seo-wordpress\/ -->\n<title>MEDI SP\u00c9CIFIQUE FORTE TAILLE XL UN MOTEUR - Medirelax<\/title>\n<meta name=\"description\" content=\"Prot\u00e8ge accoudoirs et prot\u00e8ge appui-t\u00eatede s\u00e9rie. Deux boudins lat\u00e9raux sur la partie basse du dossier pour un meilleur maintien lombaire\" \/>\n<meta name=\"robots\" content=\"index, follow, max-snippet:-1, max-image-preview:large, max-video-preview:-1\" \/>\n<link rel=\"canonical\" href=\"https:\/\/medirelax.be\/?product=medi-specifique-forte-taille-xl\" \/>\n<meta property=\"og:locale\" content=\"fr_FR\" \/>\n<meta property=\"og:type\" content=\"article\" \/>\n<meta property=\"og:title\" content=\"MEDI SP\u00c9CIFIQUE FORTE TAILLE XL UN MOTEUR - Medirelax\" \/>\n<meta property=\"og:description\" content=\"Prot\u00e8ge accoudoirs et prot\u00e8ge appui-t\u00eatede s\u00e9rie. Deux boudins lat\u00e9raux sur la partie basse du dossier pour un meilleur maintien lombaire\" \/>\n<meta property=\"og:url\" content=\"https:\/\/medirelax.be\/?product=medi-specifique-forte-taille-xl\" \/>\n<meta property=\"og:site_name\" content=\"Medirelax\" \/>\n<meta property=\"article:modified_time\" content=\"2025-02-26T16:55:09+00:00\" \/>\n<meta property=\"og:image\" content=\"https:\/\/medirelax.be\/wp-content\/uploads\/2024\/07\/Medi-Specifique-forte-taille-XL-2.jpg\" \/>\n\t<meta property=\"og:image:width\" content=\"500\" \/>\n\t<meta property=\"og:image:height\" content=\"600\" \/>\n\t<meta property=\"og:image:type\" content=\"image\/jpeg\" \/>\n<meta name=\"twitter:card\" content=\"summary_large_image\" \/>\n<script type=\"application\/ld+json\" class=\"yoast-schema-graph\">{\"@context\":\"https:\/\/schema.org\",\"@graph\":[{\"@type\":\"WebPage\",\"@id\":\"https:\/\/medirelax.be\/?product=medi-specifique-forte-taille-xl\",\"url\":\"https:\/\/medirelax.be\/?product=medi-specifique-forte-taille-xl\",\"name\":\"MEDI SP\u00c9CIFIQUE FORTE TAILLE XL UN MOTEUR - Medirelax\",\"isPartOf\":{\"@id\":\"https:\/\/medirelax.be\/#website\"},\"primaryImageOfPage\":{\"@id\":\"https:\/\/medirelax.be\/?product=medi-specifique-forte-taille-xl#primaryimage\"},\"image\":{\"@id\":\"https:\/\/medirelax.be\/?product=medi-specifique-forte-taille-xl#primaryimage\"},\"thumbnailUrl\":\"https:\/\/medirelax.be\/wp-content\/uploads\/2024\/07\/Medi-Specifique-forte-taille-XL-2.jpg\",\"datePublished\":\"2024-07-16T13:17:22+00:00\",\"dateModified\":\"2025-02-26T16:55:09+00:00\",\"description\":\"Prot\u00e8ge accoudoirs et prot\u00e8ge appui-t\u00eatede s\u00e9rie. Deux boudins lat\u00e9raux sur la partie basse du dossier pour un meilleur maintien lombaire\",\"breadcrumb\":{\"@id\":\"https:\/\/medirelax.be\/?product=medi-specifique-forte-taille-xl#breadcrumb\"},\"inLanguage\":\"fr-FR\",\"potentialAction\":[{\"@type\":\"ReadAction\",\"target\":[\"https:\/\/medirelax.be\/?product=medi-specifique-forte-taille-xl\"]}]},{\"@type\":\"ImageObject\",\"inLanguage\":\"fr-FR\",\"@id\":\"https:\/\/medirelax.be\/?product=medi-specifique-forte-taille-xl#primaryimage\",\"url\":\"https:\/\/medirelax.be\/wp-content\/uploads\/2024\/07\/Medi-Specifique-forte-taille-XL-2.jpg\",\"contentUrl\":\"https:\/\/medirelax.be\/wp-content\/uploads\/2024\/07\/Medi-Specifique-forte-taille-XL-2.jpg\",\"width\":500,\"height\":600,\"caption\":\"Medi Spe\u0301cifique forte taille XL\"},{\"@type\":\"BreadcrumbList\",\"@id\":\"https:\/\/medirelax.be\/?product=medi-specifique-forte-taille-xl#breadcrumb\",\"itemListElement\":[{\"@type\":\"ListItem\",\"position\":1,\"name\":\"Home\",\"item\":\"https:\/\/medirelax.be\/\"},{\"@type\":\"ListItem\",\"position\":2,\"name\":\"Shop\",\"item\":\"https:\/\/medirelax.be\/?page_id=10\"},{\"@type\":\"ListItem\",\"position\":3,\"name\":\"MEDI SP\u00c9CIFIQUE FORTE TAILLE XL UN MOTEUR\"}]},{\"@type\":\"WebSite\",\"@id\":\"https:\/\/medirelax.be\/#website\",\"url\":\"https:\/\/medirelax.be\/\",\"name\":\"Medirelax\",\"description\":\"Medirelax, un monde de d\u00e9tente et de bien-\u00eatre\",\"potentialAction\":[{\"@type\":\"SearchAction\",\"target\":{\"@type\":\"EntryPoint\",\"urlTemplate\":\"https:\/\/medirelax.be\/?s={search_term_string}\"},\"query-input\":{\"@type\":\"PropertyValueSpecification\",\"valueRequired\":true,\"valueName\":\"search_term_string\"}}],\"inLanguage\":\"fr-FR\"}]}<\/script>\n<!-- \/ Yoast SEO plugin. -->","yoast_head_json":{"title":"MEDI SP\u00c9CIFIQUE FORTE TAILLE XL UN MOTEUR - Medirelax","description":"Prot\u00e8ge accoudoirs et prot\u00e8ge appui-t\u00eatede s\u00e9rie. Deux boudins lat\u00e9raux sur la partie basse du dossier pour un meilleur maintien lombaire","robots":{"index":"index","follow":"follow","max-snippet":"max-snippet:-1","max-image-preview":"max-image-preview:large","max-video-preview":"max-video-preview:-1"},"canonical":"https:\/\/medirelax.be\/?product=medi-specifique-forte-taille-xl","og_locale":"fr_FR","og_type":"article","og_title":"MEDI SP\u00c9CIFIQUE FORTE TAILLE XL UN MOTEUR - Medirelax","og_description":"Prot\u00e8ge accoudoirs et prot\u00e8ge appui-t\u00eatede s\u00e9rie. Deux boudins lat\u00e9raux sur la partie basse du dossier pour un meilleur maintien lombaire","og_url":"https:\/\/medirelax.be\/?product=medi-specifique-forte-taille-xl","og_site_name":"Medirelax","article_modified_time":"2025-02-26T16:55:09+00:00","og_image":[{"width":500,"height":600,"url":"https:\/\/medirelax.be\/wp-content\/uploads\/2024\/07\/Medi-Specifique-forte-taille-XL-2.jpg","type":"image\/jpeg"}],"twitter_card":"summary_large_image","schema":{"@context":"https:\/\/schema.org","@graph":[{"@type":"WebPage","@id":"https:\/\/medirelax.be\/?product=medi-specifique-forte-taille-xl","url":"https:\/\/medirelax.be\/?product=medi-specifique-forte-taille-xl","name":"MEDI SP\u00c9CIFIQUE FORTE TAILLE XL UN MOTEUR - Medirelax","isPartOf":{"@id":"https:\/\/medirelax.be\/#website"},"primaryImageOfPage":{"@id":"https:\/\/medirelax.be\/?product=medi-specifique-forte-taille-xl#primaryimage"},"image":{"@id":"https:\/\/medirelax.be\/?product=medi-specifique-forte-taille-xl#primaryimage"},"thumbnailUrl":"https:\/\/medirelax.be\/wp-content\/uploads\/2024\/07\/Medi-Specifique-forte-taille-XL-2.jpg","datePublished":"2024-07-16T13:17:22+00:00","dateModified":"2025-02-26T16:55:09+00:00","description":"Prot\u00e8ge accoudoirs et prot\u00e8ge appui-t\u00eatede s\u00e9rie. Deux boudins lat\u00e9raux sur la partie basse du dossier pour un meilleur maintien lombaire","breadcrumb":{"@id":"https:\/\/medirelax.be\/?product=medi-specifique-forte-taille-xl#breadcrumb"},"inLanguage":"fr-FR","potentialAction":[{"@type":"ReadAction","target":["https:\/\/medirelax.be\/?product=medi-specifique-forte-taille-xl"]}]},{"@type":"ImageObject","inLanguage":"fr-FR","@id":"https:\/\/medirelax.be\/?product=medi-specifique-forte-taille-xl#primaryimage","url":"https:\/\/medirelax.be\/wp-content\/uploads\/2024\/07\/Medi-Specifique-forte-taille-XL-2.jpg","contentUrl":"https:\/\/medirelax.be\/wp-content\/uploads\/2024\/07\/Medi-Specifique-forte-taille-XL-2.jpg","width":500,"height":600,"caption":"Medi Spe\u0301cifique forte taille XL"},{"@type":"BreadcrumbList","@id":"https:\/\/medirelax.be\/?product=medi-specifique-forte-taille-xl#breadcrumb","itemListElement":[{"@type":"ListItem","position":1,"name":"Home","item":"https:\/\/medirelax.be\/"},{"@type":"ListItem","position":2,"name":"Shop","item":"https:\/\/medirelax.be\/?page_id=10"},{"@type":"ListItem","position":3,"name":"MEDI SP\u00c9CIFIQUE FORTE TAILLE XL UN MOTEUR"}]},{"@type":"WebSite","@id":"https:\/\/medirelax.be\/#website","url":"https:\/\/medirelax.be\/","name":"Medirelax","description":"Medirelax, un monde de d\u00e9tente et de bien-\u00eatre","potentialAction":[{"@type":"SearchAction","target":{"@type":"EntryPoint","urlTemplate":"https:\/\/medirelax.be\/?s={search_term_string}"},"query-input":{"@type":"PropertyValueSpecification","valueRequired":true,"valueName":"search_term_string"}}],"inLanguage":"fr-FR"}]}},"_links":{"self":[{"href":"https:\/\/medirelax.be\/index.php?rest_route=\/wp\/v2\/product\/1083","targetHints":{"allow":["GET"]}}],"collection":[{"href":"https:\/\/medirelax.be\/index.php?rest_route=\/wp\/v2\/product"}],"about":[{"href":"https:\/\/medirelax.be\/index.php?rest_route=\/wp\/v2\/types\/product"}],"version-history":[{"count":2,"href":"https:\/\/medirelax.be\/index.php?rest_route=\/wp\/v2\/product\/1083\/revisions"}],"predecessor-version":[{"id":2989,"href":"https:\/\/medirelax.be\/index.php?rest_route=\/wp\/v2\/product\/1083\/revisions\/2989"}],"wp:featuredmedia":[{"embeddable":true,"href":"https:\/\/medirelax.be\/index.php?rest_route=\/wp\/v2\/media\/1088"}],"wp:attachment":[{"href":"https:\/\/medirelax.be\/index.php?rest_route=%2Fwp%2Fv2%2Fmedia&parent=1083"}],"wp:term":[{"taxonomy":"product_brand","embeddable":true,"href":"https:\/\/medirelax.be\/index.php?rest_route=%2Fwp%2Fv2%2Fproduct_brand&post=1083"},{"taxonomy":"product_cat","embeddable":true,"href":"https:\/\/medirelax.be\/index.php?rest_route=%2Fwp%2Fv2%2Fproduct_cat&post=1083"},{"taxonomy":"product_tag","embeddable":true,"href":"https:\/\/medirelax.be\/index.php?rest_route=%2Fwp%2Fv2%2Fproduct_tag&post=1083"}],"curies":[{"name":"wp","href":"https:\/\/api.w.org\/{rel}","templated":true}]}}