{"id":1067,"date":"2024-07-16T12:12:49","date_gmt":"2024-07-16T10:12:49","guid":{"rendered":"https:\/\/medirelax.be\/?post_type=product&#038;p=1067"},"modified":"2025-02-28T16:00:39","modified_gmt":"2025-02-28T15:00:39","slug":"medi-specifique-grande-taille","status":"publish","type":"product","link":"https:\/\/medirelax.be\/?product=medi-specifique-grande-taille","title":{"rendered":"MEDI SP\u00c9CIFIQUE GRANDE TAILLE"},"content":{"rendered":"\t\t<div data-elementor-type=\"product-post\" data-elementor-id=\"1067\" class=\"elementor elementor-1067\" data-elementor-post-type=\"product\">\n\t\t\t\t<div class=\"elementor-element elementor-element-4f46da70 e-flex e-con-boxed e-con e-parent\" data-id=\"4f46da70\" data-element_type=\"container\" data-e-type=\"container\">\n\t\t\t\t\t<div class=\"e-con-inner\">\n\t\t\t\t<div class=\"elementor-element elementor-element-4b913c55 elementor-widget elementor-widget-text-editor\" data-id=\"4b913c55\" data-element_type=\"widget\" data-e-type=\"widget\" data-widget_type=\"text-editor.default\">\n\t\t\t\t<div class=\"elementor-widget-container\">\n\t\t\t\t\t\t\t\t\tDeux moteurs aussi pour les grandes et les grands !\r\n\r\nPOINTS FORTS \u2022 Prot\u00e8ge accoudoirs et prot\u00e8ge appui-t\u00eate de s\u00e9rie \u2022 2 Boudins lat\u00e9raux sur la partie basse du dossier pour un meilleur maintien lombaire. \u2022 Haut du dossier ergonomique pour un meilleur maintien des cervicales \u2022 Des rev\u00eatements Qualitex, haute r\u00e9sistance aux frottements\t\t\t\t\t\t\t\t<\/div>\n\t\t\t\t<\/div>\n\t\t\t\t\t<\/div>\n\t\t\t\t<\/div>\n\t\t<div class=\"elementor-element elementor-element-37fd9f3 e-flex e-con-boxed e-con e-parent\" data-id=\"37fd9f3\" data-element_type=\"container\" data-e-type=\"container\">\n\t\t\t\t\t<div class=\"e-con-inner\">\n\t\t<div class=\"elementor-element elementor-element-e1ed681 e-con-full e-flex e-con e-child\" data-id=\"e1ed681\" data-element_type=\"container\" data-e-type=\"container\">\n\t\t\t\t<div class=\"elementor-element elementor-element-129069d elementor-widget elementor-widget-image\" data-id=\"129069d\" data-element_type=\"widget\" data-e-type=\"widget\" data-widget_type=\"image.default\">\n\t\t\t\t<div class=\"elementor-widget-container\">\n\t\t\t\t\t\t\t\t\t\t\t\t\t\t\t<img fetchpriority=\"high\" decoding=\"async\" width=\"700\" height=\"500\" src=\"https:\/\/medirelax.be\/wp-content\/uploads\/2024\/07\/Revetement-MEDI-SPECIFIQUE-GRANDE-TAILLE.jpg\" class=\"attachment-large size-large wp-image-1913\" alt=\"Revetement MEDI SPE\u0301CIFIQUE GRANDE TAILLE\" srcset=\"https:\/\/medirelax.be\/wp-content\/uploads\/2024\/07\/Revetement-MEDI-SPECIFIQUE-GRANDE-TAILLE.jpg 700w, https:\/\/medirelax.be\/wp-content\/uploads\/2024\/07\/Revetement-MEDI-SPECIFIQUE-GRANDE-TAILLE-300x214.jpg 300w, https:\/\/medirelax.be\/wp-content\/uploads\/2024\/07\/Revetement-MEDI-SPECIFIQUE-GRANDE-TAILLE-600x429.jpg 600w\" sizes=\"(max-width: 700px) 100vw, 700px\" \/>\t\t\t\t\t\t\t\t\t\t\t\t\t\t\t<\/div>\n\t\t\t\t<\/div>\n\t\t\t\t<\/div>\n\t\t<div class=\"elementor-element elementor-element-64dfd74 e-con-full e-flex e-con e-child\" data-id=\"64dfd74\" data-element_type=\"container\" data-e-type=\"container\">\n\t\t\t\t<div class=\"elementor-element elementor-element-c986a66 elementor-widget elementor-widget-image\" data-id=\"c986a66\" data-element_type=\"widget\" data-e-type=\"widget\" data-widget_type=\"image.default\">\n\t\t\t\t<div class=\"elementor-widget-container\">\n\t\t\t\t\t\t\t\t\t\t\t\t\t\t\t<img decoding=\"async\" width=\"700\" height=\"500\" src=\"https:\/\/medirelax.be\/wp-content\/uploads\/2024\/07\/Details-1-1.jpg\" class=\"attachment-large size-large wp-image-1912\" alt=\"De\u0301tails\" srcset=\"https:\/\/medirelax.be\/wp-content\/uploads\/2024\/07\/Details-1-1.jpg 700w, https:\/\/medirelax.be\/wp-content\/uploads\/2024\/07\/Details-1-1-300x214.jpg 300w, https:\/\/medirelax.be\/wp-content\/uploads\/2024\/07\/Details-1-1-600x429.jpg 600w\" sizes=\"(max-width: 700px) 100vw, 700px\" \/>\t\t\t\t\t\t\t\t\t\t\t\t\t\t\t<\/div>\n\t\t\t\t<\/div>\n\t\t\t\t<\/div>\n\t\t\t\t\t<\/div>\n\t\t\t\t<\/div>\n\t\t<div class=\"elementor-element elementor-element-7721726 e-flex e-con-boxed e-con e-parent\" data-id=\"7721726\" data-element_type=\"container\" data-e-type=\"container\">\n\t\t\t\t\t<div class=\"e-con-inner\">\n\t\t<div class=\"elementor-element elementor-element-13802a6 e-con-full e-flex e-con e-child\" data-id=\"13802a6\" data-element_type=\"container\" data-e-type=\"container\">\n\t\t\t\t<div class=\"elementor-element elementor-element-6caca52 elementor-widget elementor-widget-image\" data-id=\"6caca52\" data-element_type=\"widget\" data-e-type=\"widget\" data-widget_type=\"image.default\">\n\t\t\t\t<div class=\"elementor-widget-container\">\n\t\t\t\t\t\t\t\t\t\t\t\t\t\t\t<img decoding=\"async\" width=\"700\" height=\"500\" src=\"https:\/\/medirelax.be\/wp-content\/uploads\/2024\/07\/dimensions-1-5.jpg\" class=\"attachment-large size-large wp-image-1910\" alt=\"dimensions\" srcset=\"https:\/\/medirelax.be\/wp-content\/uploads\/2024\/07\/dimensions-1-5.jpg 700w, https:\/\/medirelax.be\/wp-content\/uploads\/2024\/07\/dimensions-1-5-300x214.jpg 300w, https:\/\/medirelax.be\/wp-content\/uploads\/2024\/07\/dimensions-1-5-600x429.jpg 600w\" sizes=\"(max-width: 700px) 100vw, 700px\" \/>\t\t\t\t\t\t\t\t\t\t\t\t\t\t\t<\/div>\n\t\t\t\t<\/div>\n\t\t\t\t<\/div>\n\t\t<div class=\"elementor-element elementor-element-7da1b40 e-con-full e-flex e-con e-child\" data-id=\"7da1b40\" data-element_type=\"container\" data-e-type=\"container\">\n\t\t\t\t<div class=\"elementor-element elementor-element-adc2257 elementor-widget elementor-widget-image\" data-id=\"adc2257\" data-element_type=\"widget\" data-e-type=\"widget\" data-widget_type=\"image.default\">\n\t\t\t\t<div class=\"elementor-widget-container\">\n\t\t\t\t\t\t\t\t\t\t\t\t\t\t\t<img loading=\"lazy\" decoding=\"async\" width=\"700\" height=\"500\" src=\"https:\/\/medirelax.be\/wp-content\/uploads\/2024\/07\/inclinaisons-1-1.jpg\" class=\"attachment-large size-large wp-image-1911\" alt=\"inclinaisons\" srcset=\"https:\/\/medirelax.be\/wp-content\/uploads\/2024\/07\/inclinaisons-1-1.jpg 700w, https:\/\/medirelax.be\/wp-content\/uploads\/2024\/07\/inclinaisons-1-1-300x214.jpg 300w, https:\/\/medirelax.be\/wp-content\/uploads\/2024\/07\/inclinaisons-1-1-600x429.jpg 600w\" sizes=\"(max-width: 700px) 100vw, 700px\" \/>\t\t\t\t\t\t\t\t\t\t\t\t\t\t\t<\/div>\n\t\t\t\t<\/div>\n\t\t\t\t<\/div>\n\t\t\t\t\t<\/div>\n\t\t\t\t<\/div>\n\t\t\t\t<\/div>\n\t\t","protected":false},"excerpt":{"rendered":"<ul>\n<li>Deux moteurs aussi pour les grandes et les grands !POINTS FORTS \u2022 Prot\u00e8ge accoudoirs et prot\u00e8ge appui-t\u00eate de s\u00e9rie \u2022 Deux Boudins lat\u00e9raux sur la partie basse du dossier pour un meilleur maintien lombaire. \u2022 Haut du dossier ergonomique pour un meilleur maintien des cervicales \u2022 Des rev\u00eatements Qualitex, haute r\u00e9sistance aux frottements<\/li>\n<\/ul>\n","protected":false},"featured_media":1073,"template":"","meta":[],"product_brand":[],"product_cat":[28,99],"product_tag":[],"class_list":{"0":"post-1067","1":"product","2":"type-product","3":"status-publish","4":"has-post-thumbnail","6":"product_cat-fauteuil-releveur","7":"product_cat-tailles-speciales","9":"first","10":"instock","11":"shipping-taxable","12":"purchasable","13":"product-type-variable"},"yoast_head":"<!-- This site is optimized with the Yoast SEO plugin v27.5 - https:\/\/yoast.com\/product\/yoast-seo-wordpress\/ -->\n<title>MEDI SP\u00c9CIFIQUE GRANDE TAILLE - Medirelax<\/title>\n<meta name=\"description\" content=\"Prot\u00e8ge accoudoirs et prot\u00e8ge appui-t\u00eate de s\u00e9rie \u2022 Deux boudins lat\u00e9raux sur la partie basse du dossier pour un meilleur maintien lombaire.\" \/>\n<meta name=\"robots\" content=\"index, follow, max-snippet:-1, max-image-preview:large, max-video-preview:-1\" \/>\n<link rel=\"canonical\" href=\"https:\/\/medirelax.be\/?product=medi-specifique-grande-taille\" \/>\n<meta property=\"og:locale\" content=\"fr_FR\" \/>\n<meta property=\"og:type\" content=\"article\" \/>\n<meta property=\"og:title\" content=\"MEDI SP\u00c9CIFIQUE GRANDE TAILLE - Medirelax\" \/>\n<meta property=\"og:description\" content=\"Prot\u00e8ge accoudoirs et prot\u00e8ge appui-t\u00eate de s\u00e9rie \u2022 Deux boudins lat\u00e9raux sur la partie basse du dossier pour un meilleur maintien lombaire.\" \/>\n<meta property=\"og:url\" content=\"https:\/\/medirelax.be\/?product=medi-specifique-grande-taille\" \/>\n<meta property=\"og:site_name\" content=\"Medirelax\" \/>\n<meta property=\"article:modified_time\" content=\"2025-02-28T15:00:39+00:00\" \/>\n<meta property=\"og:image\" content=\"https:\/\/medirelax.be\/wp-content\/uploads\/2024\/07\/Medi-Specifique-Grande-Taille.jpg\" \/>\n\t<meta property=\"og:image:width\" content=\"500\" \/>\n\t<meta property=\"og:image:height\" content=\"600\" \/>\n\t<meta property=\"og:image:type\" content=\"image\/jpeg\" \/>\n<meta name=\"twitter:card\" content=\"summary_large_image\" \/>\n<meta name=\"twitter:label1\" content=\"Dur\u00e9e de lecture estim\u00e9e\" \/>\n\t<meta name=\"twitter:data1\" content=\"2 minutes\" \/>\n<script type=\"application\/ld+json\" class=\"yoast-schema-graph\">{\"@context\":\"https:\\\/\\\/schema.org\",\"@graph\":[{\"@type\":\"WebPage\",\"@id\":\"https:\\\/\\\/medirelax.be\\\/?product=medi-specifique-grande-taille\",\"url\":\"https:\\\/\\\/medirelax.be\\\/?product=medi-specifique-grande-taille\",\"name\":\"MEDI SP\u00c9CIFIQUE GRANDE TAILLE - Medirelax\",\"isPartOf\":{\"@id\":\"https:\\\/\\\/medirelax.be\\\/#website\"},\"primaryImageOfPage\":{\"@id\":\"https:\\\/\\\/medirelax.be\\\/?product=medi-specifique-grande-taille#primaryimage\"},\"image\":{\"@id\":\"https:\\\/\\\/medirelax.be\\\/?product=medi-specifique-grande-taille#primaryimage\"},\"thumbnailUrl\":\"https:\\\/\\\/medirelax.be\\\/wp-content\\\/uploads\\\/2024\\\/07\\\/Medi-Specifique-Grande-Taille.jpg\",\"datePublished\":\"2024-07-16T10:12:49+00:00\",\"dateModified\":\"2025-02-28T15:00:39+00:00\",\"description\":\"Prot\u00e8ge accoudoirs et prot\u00e8ge appui-t\u00eate de s\u00e9rie \u2022 Deux boudins lat\u00e9raux sur la partie basse du dossier pour un meilleur maintien lombaire.\",\"breadcrumb\":{\"@id\":\"https:\\\/\\\/medirelax.be\\\/?product=medi-specifique-grande-taille#breadcrumb\"},\"inLanguage\":\"fr-FR\",\"potentialAction\":[{\"@type\":\"ReadAction\",\"target\":[\"https:\\\/\\\/medirelax.be\\\/?product=medi-specifique-grande-taille\"]}]},{\"@type\":\"ImageObject\",\"inLanguage\":\"fr-FR\",\"@id\":\"https:\\\/\\\/medirelax.be\\\/?product=medi-specifique-grande-taille#primaryimage\",\"url\":\"https:\\\/\\\/medirelax.be\\\/wp-content\\\/uploads\\\/2024\\\/07\\\/Medi-Specifique-Grande-Taille.jpg\",\"contentUrl\":\"https:\\\/\\\/medirelax.be\\\/wp-content\\\/uploads\\\/2024\\\/07\\\/Medi-Specifique-Grande-Taille.jpg\",\"width\":500,\"height\":600,\"caption\":\"Medi Spe\u0301cifique Grande Taille\"},{\"@type\":\"BreadcrumbList\",\"@id\":\"https:\\\/\\\/medirelax.be\\\/?product=medi-specifique-grande-taille#breadcrumb\",\"itemListElement\":[{\"@type\":\"ListItem\",\"position\":1,\"name\":\"Home\",\"item\":\"https:\\\/\\\/medirelax.be\\\/\"},{\"@type\":\"ListItem\",\"position\":2,\"name\":\"Shop\",\"item\":\"https:\\\/\\\/medirelax.be\\\/?page_id=10\"},{\"@type\":\"ListItem\",\"position\":3,\"name\":\"MEDI SP\u00c9CIFIQUE GRANDE TAILLE\"}]},{\"@type\":\"WebSite\",\"@id\":\"https:\\\/\\\/medirelax.be\\\/#website\",\"url\":\"https:\\\/\\\/medirelax.be\\\/\",\"name\":\"Medirelax\",\"description\":\"Medirelax, un monde de d\u00e9tente et de bien-\u00eatre\",\"potentialAction\":[{\"@type\":\"SearchAction\",\"target\":{\"@type\":\"EntryPoint\",\"urlTemplate\":\"https:\\\/\\\/medirelax.be\\\/?s={search_term_string}\"},\"query-input\":{\"@type\":\"PropertyValueSpecification\",\"valueRequired\":true,\"valueName\":\"search_term_string\"}}],\"inLanguage\":\"fr-FR\"}]}<\/script>\n<!-- \/ Yoast SEO plugin. -->","yoast_head_json":{"title":"MEDI SP\u00c9CIFIQUE GRANDE TAILLE - Medirelax","description":"Prot\u00e8ge accoudoirs et prot\u00e8ge appui-t\u00eate de s\u00e9rie \u2022 Deux boudins lat\u00e9raux sur la partie basse du dossier pour un meilleur maintien lombaire.","robots":{"index":"index","follow":"follow","max-snippet":"max-snippet:-1","max-image-preview":"max-image-preview:large","max-video-preview":"max-video-preview:-1"},"canonical":"https:\/\/medirelax.be\/?product=medi-specifique-grande-taille","og_locale":"fr_FR","og_type":"article","og_title":"MEDI SP\u00c9CIFIQUE GRANDE TAILLE - Medirelax","og_description":"Prot\u00e8ge accoudoirs et prot\u00e8ge appui-t\u00eate de s\u00e9rie \u2022 Deux boudins lat\u00e9raux sur la partie basse du dossier pour un meilleur maintien lombaire.","og_url":"https:\/\/medirelax.be\/?product=medi-specifique-grande-taille","og_site_name":"Medirelax","article_modified_time":"2025-02-28T15:00:39+00:00","og_image":[{"width":500,"height":600,"url":"https:\/\/medirelax.be\/wp-content\/uploads\/2024\/07\/Medi-Specifique-Grande-Taille.jpg","type":"image\/jpeg"}],"twitter_card":"summary_large_image","twitter_misc":{"Dur\u00e9e de lecture estim\u00e9e":"2 minutes"},"schema":{"@context":"https:\/\/schema.org","@graph":[{"@type":"WebPage","@id":"https:\/\/medirelax.be\/?product=medi-specifique-grande-taille","url":"https:\/\/medirelax.be\/?product=medi-specifique-grande-taille","name":"MEDI SP\u00c9CIFIQUE GRANDE TAILLE - Medirelax","isPartOf":{"@id":"https:\/\/medirelax.be\/#website"},"primaryImageOfPage":{"@id":"https:\/\/medirelax.be\/?product=medi-specifique-grande-taille#primaryimage"},"image":{"@id":"https:\/\/medirelax.be\/?product=medi-specifique-grande-taille#primaryimage"},"thumbnailUrl":"https:\/\/medirelax.be\/wp-content\/uploads\/2024\/07\/Medi-Specifique-Grande-Taille.jpg","datePublished":"2024-07-16T10:12:49+00:00","dateModified":"2025-02-28T15:00:39+00:00","description":"Prot\u00e8ge accoudoirs et prot\u00e8ge appui-t\u00eate de s\u00e9rie \u2022 Deux boudins lat\u00e9raux sur la partie basse du dossier pour un meilleur maintien lombaire.","breadcrumb":{"@id":"https:\/\/medirelax.be\/?product=medi-specifique-grande-taille#breadcrumb"},"inLanguage":"fr-FR","potentialAction":[{"@type":"ReadAction","target":["https:\/\/medirelax.be\/?product=medi-specifique-grande-taille"]}]},{"@type":"ImageObject","inLanguage":"fr-FR","@id":"https:\/\/medirelax.be\/?product=medi-specifique-grande-taille#primaryimage","url":"https:\/\/medirelax.be\/wp-content\/uploads\/2024\/07\/Medi-Specifique-Grande-Taille.jpg","contentUrl":"https:\/\/medirelax.be\/wp-content\/uploads\/2024\/07\/Medi-Specifique-Grande-Taille.jpg","width":500,"height":600,"caption":"Medi Spe\u0301cifique Grande Taille"},{"@type":"BreadcrumbList","@id":"https:\/\/medirelax.be\/?product=medi-specifique-grande-taille#breadcrumb","itemListElement":[{"@type":"ListItem","position":1,"name":"Home","item":"https:\/\/medirelax.be\/"},{"@type":"ListItem","position":2,"name":"Shop","item":"https:\/\/medirelax.be\/?page_id=10"},{"@type":"ListItem","position":3,"name":"MEDI SP\u00c9CIFIQUE GRANDE TAILLE"}]},{"@type":"WebSite","@id":"https:\/\/medirelax.be\/#website","url":"https:\/\/medirelax.be\/","name":"Medirelax","description":"Medirelax, un monde de d\u00e9tente et de bien-\u00eatre","potentialAction":[{"@type":"SearchAction","target":{"@type":"EntryPoint","urlTemplate":"https:\/\/medirelax.be\/?s={search_term_string}"},"query-input":{"@type":"PropertyValueSpecification","valueRequired":true,"valueName":"search_term_string"}}],"inLanguage":"fr-FR"}]}},"_links":{"self":[{"href":"https:\/\/medirelax.be\/index.php?rest_route=\/wp\/v2\/product\/1067","targetHints":{"allow":["GET"]}}],"collection":[{"href":"https:\/\/medirelax.be\/index.php?rest_route=\/wp\/v2\/product"}],"about":[{"href":"https:\/\/medirelax.be\/index.php?rest_route=\/wp\/v2\/types\/product"}],"version-history":[{"count":2,"href":"https:\/\/medirelax.be\/index.php?rest_route=\/wp\/v2\/product\/1067\/revisions"}],"predecessor-version":[{"id":3126,"href":"https:\/\/medirelax.be\/index.php?rest_route=\/wp\/v2\/product\/1067\/revisions\/3126"}],"wp:featuredmedia":[{"embeddable":true,"href":"https:\/\/medirelax.be\/index.php?rest_route=\/wp\/v2\/media\/1073"}],"wp:attachment":[{"href":"https:\/\/medirelax.be\/index.php?rest_route=%2Fwp%2Fv2%2Fmedia&parent=1067"}],"wp:term":[{"taxonomy":"product_brand","embeddable":true,"href":"https:\/\/medirelax.be\/index.php?rest_route=%2Fwp%2Fv2%2Fproduct_brand&post=1067"},{"taxonomy":"product_cat","embeddable":true,"href":"https:\/\/medirelax.be\/index.php?rest_route=%2Fwp%2Fv2%2Fproduct_cat&post=1067"},{"taxonomy":"product_tag","embeddable":true,"href":"https:\/\/medirelax.be\/index.php?rest_route=%2Fwp%2Fv2%2Fproduct_tag&post=1067"}],"curies":[{"name":"wp","href":"https:\/\/api.w.org\/{rel}","templated":true}]}}