{"id":1053,"date":"2024-07-16T11:33:52","date_gmt":"2024-07-16T09:33:52","guid":{"rendered":"https:\/\/medirelax.be\/?post_type=product&#038;p=1053"},"modified":"2025-03-12T15:08:15","modified_gmt":"2025-03-12T14:08:15","slug":"medi-twilight","status":"publish","type":"product","link":"https:\/\/medirelax.be\/?product=medi-twilight","title":{"rendered":"MEDI TWILIGHT"},"content":{"rendered":"\t\t<div data-elementor-type=\"product-post\" data-elementor-id=\"1053\" class=\"elementor elementor-1053\" data-elementor-post-type=\"product\">\n\t\t\t\t<div class=\"elementor-element elementor-element-5403a0e9 e-flex e-con-boxed e-con e-parent\" data-id=\"5403a0e9\" data-element_type=\"container\" data-e-type=\"container\">\n\t\t\t\t\t<div class=\"e-con-inner\">\n\t\t\t\t<div class=\"elementor-element elementor-element-3df95192 elementor-widget elementor-widget-text-editor\" data-id=\"3df95192\" data-element_type=\"widget\" data-e-type=\"widget\" data-widget_type=\"text-editor.default\">\n\t\t\t\t<div class=\"elementor-widget-container\">\n\t\t\t\t\t\t\t\t\t<div class=\"page\" title=\"Page 15\">\r\n<div class=\"section\">\r\n<div class=\"layoutArea\">\r\n<div class=\"column\">\r\n\r\nMEDI TWILIGHT comprenant deux + un moteurs\r\n<ul>\r\n \t<li>POINTS FORTS \u2022 Prot\u00e8ge accoudoirs et prot\u00e8ge appui-t\u00eate de s\u00e9rie \u2022 Haut du dossier ergonomique pour un meilleur maintien des cervicales. \u2022 2 Boudins lat\u00e9raux sur la partie basse du dossier pour un meilleur maintien lombaire. \u2022 Rev\u00eatement Qualitex, haute r\u00e9sistance aux frottements. \u2022 Un v\u00e9rin sp\u00e9cifique permet \u00e0 l\u2019ensemble du fauteuil de basculer pour vous faire vivre une nouvelle exp\u00e9rience du confort. Des positions qu\u2019aucun autre fauteuil releveur n\u2019est capable de vous procurer pour un confort in\u00e9gal\u00e9. \u2022 Son rev\u00eatement Brisa ultra r\u00e9sistant, aussi esth\u00e9tique et plus confortable que du cuir<\/li>\r\n \t<li>VOUS APPR\u00c9CIEREZ Sa fonction Zen : l\u2019ensemble du fauteuil peut \u00ab basculer \u00bb de 30\u00b0 pour un v\u00e9ritable soulagement du dos et un rel\u00e2chement total des muscles.Elle offre \u00e9galement la possibilit\u00e9 de sur\u00e9lever vos pieds pour un meilleur retour veineux au niveau des jambes. Vous \u00ab\u00a0ressentez\u00a0\u00bb le transfert progressif des points de \u00abd\u00e9charge\u00a0\u00bb du segment jambier des pieds vers le fessier. La circulation est am\u00e9lior\u00e9e et le sentiment de fatigue dispara\u00eet pour un repos r\u00e9g\u00e9n\u00e9rateur et revitalisant synonyme de bien \u00eatre. Une fonction particuli\u00e8rement appr\u00e9ci\u00e9e par les personnes sujettes et sensibles au ph\u00e9nom\u00e8ne de \u00ab jambes lourdes \u00bb.<\/li>\r\n<\/ul>\r\n<\/div>\r\n<\/div>\r\n<\/div>\r\n<\/div>\t\t\t\t\t\t\t\t<\/div>\n\t\t\t\t<\/div>\n\t\t\t\t\t<\/div>\n\t\t\t\t<\/div>\n\t\t<div class=\"elementor-element elementor-element-be515e8 e-flex e-con-boxed e-con e-parent\" data-id=\"be515e8\" data-element_type=\"container\" data-e-type=\"container\">\n\t\t\t\t\t<div class=\"e-con-inner\">\n\t\t\t\t<div class=\"elementor-element elementor-element-35f0013 elementor-widget elementor-widget-presto_video\" data-id=\"35f0013\" data-element_type=\"widget\" data-e-type=\"widget\" data-widget_type=\"presto_video.default\">\n\t\t\t\t<div class=\"elementor-widget-container\">\n\t\t\t\t\t<!--presto-player:video_id=1--><figure class=\"wp-block-video presto-block-video  presto-provider-youtube\" style=\"--plyr-color-main: var(--presto-player-highlight-color, #e50000); --presto-player-logo-width: 150px; \">\n\t<presto-player \n\t\tpreset='{&quot;id&quot;:4,&quot;name&quot;:&quot;Minimal&quot;,&quot;slug&quot;:&quot;minimal&quot;,&quot;icon&quot;:&quot;controls-play&quot;,&quot;skin&quot;:&quot;modern&quot;,&quot;play-large&quot;:true,&quot;rewind&quot;:false,&quot;play&quot;:false,&quot;fast-forward&quot;:false,&quot;progress&quot;:false,&quot;current-time&quot;:false,&quot;mute&quot;:false,&quot;volume&quot;:false,&quot;speed&quot;:false,&quot;pip&quot;:false,&quot;fullscreen&quot;:false,&quot;captions&quot;:false,&quot;reset_on_end&quot;:true,&quot;auto_hide&quot;:false,&quot;show_time_elapsed&quot;:false,&quot;captions_enabled&quot;:false,&quot;save_player_position&quot;:false,&quot;sticky_scroll&quot;:false,&quot;sticky_scroll_position&quot;:&quot;bottom right&quot;,&quot;on_video_end&quot;:&quot;select&quot;,&quot;play_video_viewport&quot;:false,&quot;hide_youtube&quot;:true,&quot;lazy_load_youtube&quot;:false,&quot;hide_logo&quot;:true,&quot;border_radius&quot;:0,&quot;caption_style&quot;:&quot;&quot;,&quot;caption_background&quot;:&quot;&quot;,&quot;is_locked&quot;:true,&quot;cta&quot;:[&quot;&quot;],&quot;watermark&quot;:[&quot;&quot;],&quot;search&quot;:[&quot;&quot;],&quot;email_collection&quot;:[&quot;&quot;],&quot;action_bar&quot;:[&quot;&quot;],&quot;created_by&quot;:1,&quot;created_at&quot;:&quot;2025-02-28 16:37:09&quot;,&quot;updated_at&quot;:&quot;2025-02-28 16:37:09&quot;,&quot;deleted_at&quot;:&quot;&quot;}'\n\t\tbranding='{&quot;logo&quot;:&quot;&quot;,&quot;color&quot;:&quot;#e50000&quot;,&quot;logo_width&quot;:150,&quot;player_css&quot;:&quot;&quot;}'\n\t\tchapters='[]'\n\t\toverlays='[]'\n\t\ttracks='[]'\n\t\tblock-attributes='{&quot;playsInline&quot;:false,&quot;id&quot;:1,&quot;src&quot;:&quot;https:\\\/\\\/www.youtube.com\\\/watch?v=M3T5NiZJmjE&quot;,&quot;poster&quot;:&quot;https:\\\/\\\/medirelax.be\\\/wp-content\\\/uploads\\\/2024\\\/08\\\/zen-intro.jpg&quot;,&quot;preset&quot;:4,&quot;video_id&quot;:&quot;M3T5NiZJmjE&quot;,&quot;title&quot;:&quot;Medirelax - Fonction ZEN&quot;}'\n\t\tanalytics=''\n\t\tautomations\t\tprovider='youtube'\n\t\t\t\tid=\"presto-player-1\"\n\t\tsrc=\"\/\/www.youtube.com\/embed\/M3T5NiZJmjE?iv_load_policy=3&amp;modestbranding=1&amp;playinline=0&amp;showinfo=0&amp;rel=0&amp;enablejsapi=1\"\n\t\tmedia-title=\"Medirelax - Fonction ZEN\"\n\t\tcss=\"\"\n\t\tclass=\"presto-video-id-1 presto-preset-id-4 skin-modern\"\n\t\tskin=\"modern\" \n\t\ticon-url=\"https:\/\/medirelax.be\/wp-content\/plugins\/presto-player\/img\/sprite.svg\" \n\t\tpreload=\"\" \n\t\tposter=\"https:\/\/medirelax.be\/wp-content\/uploads\/2024\/08\/zen-intro.jpg\"\n\t\tyoutube=\"{&quot;noCookie&quot;:false,&quot;channelId&quot;:&quot;&quot;,&quot;show_count&quot;:false}\"\n\t\tprovider-video-id=\"M3T5NiZJmjE\"\n\t\tvideo-id=\"1\"\n\t\t\t\t \n\t\t\t\t>\n\t\t\n    <div class=\"presto-iframe-fallback-container\">\n        <iframe style=\"width: 100%\" title=\"Youtube Video\" class=\"presto-fallback-iframe\" id=\"presto-iframe-fallback-1\" data-src=\"https:\/\/www.youtube.com\/embed\/M3T5NiZJmjE?iv_load_policy=3&amp;modestbranding=1&amp;playsinline=1&amp;showinfo=0&amp;rel=0&amp;enablejsapi=1\" allowfullscreen allowtransparency allow=\"autoplay\"><\/iframe>\n    <\/div>\n\n\t<\/presto-player>\n<\/figure>\t\t<script type=\"application\/ld+json\">\n\t\t\t{\"@context\":\"https:\\\/\\\/schema.org\",\"@type\":\"VideoObject\",\"name\":\"Medirelax - Fonction ZEN\",\"thumbnailUrl\":\"https:\\\/\\\/medirelax.be\\\/wp-content\\\/uploads\\\/2024\\\/08\\\/zen-intro.jpg\",\"uploadDate\":\"2025-02-28T17:37:52+01:00\",\"contentUrl\":\"\\\/\\\/www.youtube.com\\\/embed\\\/M3T5NiZJmjE?iv_load_policy=3&#038;modestbranding=1&#038;playinline=0&#038;showinfo=0&#038;rel=0&#038;enablejsapi=1\"}\t\t<\/script>\n\t\t\t\t\t\t<\/div>\n\t\t\t\t<\/div>\n\t\t\t\t\t<\/div>\n\t\t\t\t<\/div>\n\t\t<div class=\"elementor-element elementor-element-9fa1d0e e-flex e-con-boxed e-con e-parent\" data-id=\"9fa1d0e\" data-element_type=\"container\" data-e-type=\"container\">\n\t\t\t\t\t<div class=\"e-con-inner\">\n\t\t<div class=\"elementor-element elementor-element-20ab820 e-con-full e-flex e-con e-child\" data-id=\"20ab820\" data-element_type=\"container\" data-e-type=\"container\">\n\t\t\t\t<div class=\"elementor-element elementor-element-951bb6c elementor-widget elementor-widget-image\" data-id=\"951bb6c\" data-element_type=\"widget\" data-e-type=\"widget\" data-widget_type=\"image.default\">\n\t\t\t\t<div class=\"elementor-widget-container\">\n\t\t\t\t\t\t\t\t\t\t\t\t\t\t\t<img fetchpriority=\"high\" decoding=\"async\" width=\"700\" height=\"500\" src=\"https:\/\/medirelax.be\/wp-content\/uploads\/2024\/07\/Revetement-1-8.jpg\" class=\"attachment-large size-large wp-image-1903\" alt=\"Revetement 1\" srcset=\"https:\/\/medirelax.be\/wp-content\/uploads\/2024\/07\/Revetement-1-8.jpg 700w, https:\/\/medirelax.be\/wp-content\/uploads\/2024\/07\/Revetement-1-8-300x214.jpg 300w, https:\/\/medirelax.be\/wp-content\/uploads\/2024\/07\/Revetement-1-8-600x429.jpg 600w\" sizes=\"(max-width: 700px) 100vw, 700px\" \/>\t\t\t\t\t\t\t\t\t\t\t\t\t\t\t<\/div>\n\t\t\t\t<\/div>\n\t\t\t\t<\/div>\n\t\t<div class=\"elementor-element elementor-element-4d88b78 e-con-full e-flex e-con e-child\" data-id=\"4d88b78\" data-element_type=\"container\" data-e-type=\"container\">\n\t\t\t\t<div class=\"elementor-element elementor-element-833aee1 elementor-widget elementor-widget-image\" data-id=\"833aee1\" data-element_type=\"widget\" data-e-type=\"widget\" data-widget_type=\"image.default\">\n\t\t\t\t<div class=\"elementor-widget-container\">\n\t\t\t\t\t\t\t\t\t\t\t\t\t\t\t<img decoding=\"async\" width=\"700\" height=\"500\" src=\"https:\/\/medirelax.be\/wp-content\/uploads\/2024\/07\/Revetement-2-3.jpg\" class=\"attachment-large size-large wp-image-1902\" alt=\"Revetement 2\" srcset=\"https:\/\/medirelax.be\/wp-content\/uploads\/2024\/07\/Revetement-2-3.jpg 700w, https:\/\/medirelax.be\/wp-content\/uploads\/2024\/07\/Revetement-2-3-300x214.jpg 300w, https:\/\/medirelax.be\/wp-content\/uploads\/2024\/07\/Revetement-2-3-600x429.jpg 600w\" sizes=\"(max-width: 700px) 100vw, 700px\" \/>\t\t\t\t\t\t\t\t\t\t\t\t\t\t\t<\/div>\n\t\t\t\t<\/div>\n\t\t\t\t<\/div>\n\t\t\t\t\t<\/div>\n\t\t\t\t<\/div>\n\t\t<div class=\"elementor-element elementor-element-dd662db e-flex e-con-boxed e-con e-parent\" data-id=\"dd662db\" data-element_type=\"container\" data-e-type=\"container\">\n\t\t\t\t\t<div class=\"e-con-inner\">\n\t\t<div class=\"elementor-element elementor-element-44385d4 e-con-full e-flex e-con e-child\" data-id=\"44385d4\" data-element_type=\"container\" data-e-type=\"container\">\n\t\t\t\t<div class=\"elementor-element elementor-element-e3e600a elementor-widget elementor-widget-image\" data-id=\"e3e600a\" data-element_type=\"widget\" data-e-type=\"widget\" data-widget_type=\"image.default\">\n\t\t\t\t<div class=\"elementor-widget-container\">\n\t\t\t\t\t\t\t\t\t\t\t\t\t\t\t<img decoding=\"async\" width=\"700\" height=\"500\" src=\"https:\/\/medirelax.be\/wp-content\/uploads\/2024\/07\/Dimensions-5.jpg\" class=\"attachment-large size-large wp-image-1900\" alt=\"Dimensions\" srcset=\"https:\/\/medirelax.be\/wp-content\/uploads\/2024\/07\/Dimensions-5.jpg 700w, https:\/\/medirelax.be\/wp-content\/uploads\/2024\/07\/Dimensions-5-300x214.jpg 300w, https:\/\/medirelax.be\/wp-content\/uploads\/2024\/07\/Dimensions-5-600x429.jpg 600w\" sizes=\"(max-width: 700px) 100vw, 700px\" \/>\t\t\t\t\t\t\t\t\t\t\t\t\t\t\t<\/div>\n\t\t\t\t<\/div>\n\t\t\t\t<\/div>\n\t\t<div class=\"elementor-element elementor-element-83703eb e-con-full e-flex e-con e-child\" data-id=\"83703eb\" data-element_type=\"container\" data-e-type=\"container\">\n\t\t\t\t<div class=\"elementor-element elementor-element-11d9b03 elementor-widget elementor-widget-image\" data-id=\"11d9b03\" data-element_type=\"widget\" data-e-type=\"widget\" data-widget_type=\"image.default\">\n\t\t\t\t<div class=\"elementor-widget-container\">\n\t\t\t\t\t\t\t\t\t\t\t\t\t\t\t<img loading=\"lazy\" decoding=\"async\" width=\"700\" height=\"500\" src=\"https:\/\/medirelax.be\/wp-content\/uploads\/2024\/07\/positions-8.jpg\" class=\"attachment-large size-large wp-image-1899\" alt=\"positions\" srcset=\"https:\/\/medirelax.be\/wp-content\/uploads\/2024\/07\/positions-8.jpg 700w, https:\/\/medirelax.be\/wp-content\/uploads\/2024\/07\/positions-8-300x214.jpg 300w, https:\/\/medirelax.be\/wp-content\/uploads\/2024\/07\/positions-8-600x429.jpg 600w\" sizes=\"(max-width: 700px) 100vw, 700px\" \/>\t\t\t\t\t\t\t\t\t\t\t\t\t\t\t<\/div>\n\t\t\t\t<\/div>\n\t\t\t\t<\/div>\n\t\t\t\t\t<\/div>\n\t\t\t\t<\/div>\n\t\t\t\t<\/div>\n\t\t","protected":false},"excerpt":{"rendered":"<p>MEDI TWILIGHT comprenant deux + un moteurs<\/p>\n<ul>\n<li>POINTS FORTS \u2022 Prot\u00e8ge accoudoirs et prot\u00e8ge appui-t\u00eate de s\u00e9rie \u2022 Haut du dossier ergonomique pour un meilleur maintien des cervicales. \u2022 2 Boudins lat\u00e9raux sur la partie basse du dossier pour un meilleur maintien lombaire. \u2022 Rev\u00eatement Qualitex, haute r\u00e9sistance aux frottements. \u2022 Un v\u00e9rin sp\u00e9cifique permet \u00e0 l\u2019ensemble du fauteuil de basculer pour vous faire vivre une nouvelle exp\u00e9rience du confort. Des positions qu\u2019aucun autre fauteuil releveur n\u2019est capable de vous procurer pour un confort in\u00e9gal\u00e9. \u2022 Son rev\u00eatement Brisa ultra r\u00e9sistant, aussi esth\u00e9tique et plus confortable que du cuir<\/li>\n<li>VOUS APPR\u00c9CIEREZ Sa fonction Zen : l\u2019ensemble du fauteuil peut \u00ab basculer \u00bb de 30\u00b0 pour un v\u00e9ritable soulagement du dos et un rel\u00e2chement total des muscles.Elle offre \u00e9galement la possibilit\u00e9 de sur\u00e9lever vos pieds pour un meilleur retour veineux au niveau des jambes. Vous \u00ab\u00a0ressentez\u00a0\u00bb le transfert progressif des points de \u00abd\u00e9charge\u00a0\u00bb du segment jambier des pieds vers le fessier. La circulation est am\u00e9lior\u00e9e et le sentiment de fatigue dispara\u00eet pour un repos r\u00e9g\u00e9n\u00e9rateur et revitalisant synonyme de bien \u00eatre. Une fonction particuli\u00e8rement appr\u00e9ci\u00e9e par les personnes sujettes et sensibles au ph\u00e9nom\u00e8ne de \u00ab jambes lourdes \u00bb.<\/li>\n<\/ul>\n<div class=\"page\" title=\"Page 19\">\n<div class=\"section\">\n<div class=\"layoutArea\">\n<div class=\"column\">\n<p>VOUS APPRE\u0301CIEREZ<\/p>\n<p><strong>Sa fonction Zen<\/strong> : l\u2019ensemble du fauteuil peut \u00ab basculer \u00bb de 30\u00b0 pour un ve\u0301ritable soulagement du dos et un rela\u0302chement total des muscles.Elle offre e\u0301galement la possibilite\u0301 de sure\u0301lever vos pieds pour un meilleur retour veineux au niveau des jambes. Vous \u00ab\u00a0ressentez\u00a0\u00bb le transfert progressif des points de \u00abde\u0301charge\u00a0\u00bb du segment jambier des pieds vers le fessier. La circulation est ame\u0301liore\u0301e et le sentiment de fatigue disparai\u0302t pour un repos re\u0301ge\u0301ne\u0301rateur et revitalisant synonyme de bien e\u0302tre. Une fonction particulie\u0300rement appre\u0301cie\u0301e par les personnes sujettes et sensibles au phe\u0301nome\u0300ne de \u00ab jambes lourdes \u00bb.<\/p>\n<\/div>\n<\/div>\n<\/div>\n<\/div>\n","protected":false},"featured_media":1065,"template":"","meta":[],"product_brand":[],"product_cat":[28],"product_tag":[],"class_list":{"0":"post-1053","1":"product","2":"type-product","3":"status-publish","4":"has-post-thumbnail","6":"product_cat-fauteuil-releveur","8":"first","9":"instock","10":"shipping-taxable","11":"product-type-simple"},"yoast_head":"<!-- This site is optimized with the Yoast SEO plugin v27.0 - https:\/\/yoast.com\/product\/yoast-seo-wordpress\/ -->\n<title>MEDI TWILIGHT - Medirelax<\/title>\n<meta name=\"description\" content=\"Hauteur et profondeur d\u2019assise facilitant l\u2019acce\u0300s des personnes de taille moyenne.Prot\u00e8ge accoudoirs et prot\u00e8ge appui-t\u00eate de s\u00e9rie\" \/>\n<meta name=\"robots\" content=\"index, follow, max-snippet:-1, max-image-preview:large, max-video-preview:-1\" \/>\n<link rel=\"canonical\" href=\"https:\/\/medirelax.be\/?product=medi-twilight\" \/>\n<meta property=\"og:locale\" content=\"fr_FR\" \/>\n<meta property=\"og:type\" content=\"article\" \/>\n<meta property=\"og:title\" content=\"MEDI TWILIGHT - Medirelax\" \/>\n<meta property=\"og:description\" content=\"Hauteur et profondeur d\u2019assise facilitant l\u2019acce\u0300s des personnes de taille moyenne.Prot\u00e8ge accoudoirs et prot\u00e8ge appui-t\u00eate de s\u00e9rie\" \/>\n<meta property=\"og:url\" content=\"https:\/\/medirelax.be\/?product=medi-twilight\" \/>\n<meta property=\"og:site_name\" content=\"Medirelax\" \/>\n<meta property=\"article:modified_time\" content=\"2025-03-12T14:08:15+00:00\" \/>\n<meta property=\"og:image\" content=\"https:\/\/medirelax.be\/wp-content\/uploads\/2024\/07\/Medi-Twilight.jpg\" \/>\n\t<meta property=\"og:image:width\" content=\"500\" \/>\n\t<meta property=\"og:image:height\" content=\"600\" \/>\n\t<meta property=\"og:image:type\" content=\"image\/jpeg\" \/>\n<meta name=\"twitter:card\" content=\"summary_large_image\" \/>\n<script type=\"application\/ld+json\" class=\"yoast-schema-graph\">{\"@context\":\"https:\/\/schema.org\",\"@graph\":[{\"@type\":\"WebPage\",\"@id\":\"https:\/\/medirelax.be\/?product=medi-twilight\",\"url\":\"https:\/\/medirelax.be\/?product=medi-twilight\",\"name\":\"MEDI TWILIGHT - Medirelax\",\"isPartOf\":{\"@id\":\"https:\/\/medirelax.be\/#website\"},\"primaryImageOfPage\":{\"@id\":\"https:\/\/medirelax.be\/?product=medi-twilight#primaryimage\"},\"image\":{\"@id\":\"https:\/\/medirelax.be\/?product=medi-twilight#primaryimage\"},\"thumbnailUrl\":\"https:\/\/medirelax.be\/wp-content\/uploads\/2024\/07\/Medi-Twilight.jpg\",\"datePublished\":\"2024-07-16T09:33:52+00:00\",\"dateModified\":\"2025-03-12T14:08:15+00:00\",\"description\":\"Hauteur et profondeur d\u2019assise facilitant l\u2019acce\u0300s des personnes de taille moyenne.Prot\u00e8ge accoudoirs et prot\u00e8ge appui-t\u00eate de s\u00e9rie\",\"breadcrumb\":{\"@id\":\"https:\/\/medirelax.be\/?product=medi-twilight#breadcrumb\"},\"inLanguage\":\"fr-FR\",\"potentialAction\":[{\"@type\":\"ReadAction\",\"target\":[\"https:\/\/medirelax.be\/?product=medi-twilight\"]}]},{\"@type\":\"ImageObject\",\"inLanguage\":\"fr-FR\",\"@id\":\"https:\/\/medirelax.be\/?product=medi-twilight#primaryimage\",\"url\":\"https:\/\/medirelax.be\/wp-content\/uploads\/2024\/07\/Medi-Twilight.jpg\",\"contentUrl\":\"https:\/\/medirelax.be\/wp-content\/uploads\/2024\/07\/Medi-Twilight.jpg\",\"width\":500,\"height\":600,\"caption\":\"Medi Twilight\"},{\"@type\":\"BreadcrumbList\",\"@id\":\"https:\/\/medirelax.be\/?product=medi-twilight#breadcrumb\",\"itemListElement\":[{\"@type\":\"ListItem\",\"position\":1,\"name\":\"Home\",\"item\":\"https:\/\/medirelax.be\/\"},{\"@type\":\"ListItem\",\"position\":2,\"name\":\"Shop\",\"item\":\"https:\/\/medirelax.be\/?page_id=10\"},{\"@type\":\"ListItem\",\"position\":3,\"name\":\"MEDI TWILIGHT\"}]},{\"@type\":\"WebSite\",\"@id\":\"https:\/\/medirelax.be\/#website\",\"url\":\"https:\/\/medirelax.be\/\",\"name\":\"Medirelax\",\"description\":\"Medirelax, un monde de d\u00e9tente et de bien-\u00eatre\",\"potentialAction\":[{\"@type\":\"SearchAction\",\"target\":{\"@type\":\"EntryPoint\",\"urlTemplate\":\"https:\/\/medirelax.be\/?s={search_term_string}\"},\"query-input\":{\"@type\":\"PropertyValueSpecification\",\"valueRequired\":true,\"valueName\":\"search_term_string\"}}],\"inLanguage\":\"fr-FR\"}]}<\/script>\n<!-- \/ Yoast SEO plugin. -->","yoast_head_json":{"title":"MEDI TWILIGHT - Medirelax","description":"Hauteur et profondeur d\u2019assise facilitant l\u2019acce\u0300s des personnes de taille moyenne.Prot\u00e8ge accoudoirs et prot\u00e8ge appui-t\u00eate de s\u00e9rie","robots":{"index":"index","follow":"follow","max-snippet":"max-snippet:-1","max-image-preview":"max-image-preview:large","max-video-preview":"max-video-preview:-1"},"canonical":"https:\/\/medirelax.be\/?product=medi-twilight","og_locale":"fr_FR","og_type":"article","og_title":"MEDI TWILIGHT - Medirelax","og_description":"Hauteur et profondeur d\u2019assise facilitant l\u2019acce\u0300s des personnes de taille moyenne.Prot\u00e8ge accoudoirs et prot\u00e8ge appui-t\u00eate de s\u00e9rie","og_url":"https:\/\/medirelax.be\/?product=medi-twilight","og_site_name":"Medirelax","article_modified_time":"2025-03-12T14:08:15+00:00","og_image":[{"width":500,"height":600,"url":"https:\/\/medirelax.be\/wp-content\/uploads\/2024\/07\/Medi-Twilight.jpg","type":"image\/jpeg"}],"twitter_card":"summary_large_image","schema":{"@context":"https:\/\/schema.org","@graph":[{"@type":"WebPage","@id":"https:\/\/medirelax.be\/?product=medi-twilight","url":"https:\/\/medirelax.be\/?product=medi-twilight","name":"MEDI TWILIGHT - Medirelax","isPartOf":{"@id":"https:\/\/medirelax.be\/#website"},"primaryImageOfPage":{"@id":"https:\/\/medirelax.be\/?product=medi-twilight#primaryimage"},"image":{"@id":"https:\/\/medirelax.be\/?product=medi-twilight#primaryimage"},"thumbnailUrl":"https:\/\/medirelax.be\/wp-content\/uploads\/2024\/07\/Medi-Twilight.jpg","datePublished":"2024-07-16T09:33:52+00:00","dateModified":"2025-03-12T14:08:15+00:00","description":"Hauteur et profondeur d\u2019assise facilitant l\u2019acce\u0300s des personnes de taille moyenne.Prot\u00e8ge accoudoirs et prot\u00e8ge appui-t\u00eate de s\u00e9rie","breadcrumb":{"@id":"https:\/\/medirelax.be\/?product=medi-twilight#breadcrumb"},"inLanguage":"fr-FR","potentialAction":[{"@type":"ReadAction","target":["https:\/\/medirelax.be\/?product=medi-twilight"]}]},{"@type":"ImageObject","inLanguage":"fr-FR","@id":"https:\/\/medirelax.be\/?product=medi-twilight#primaryimage","url":"https:\/\/medirelax.be\/wp-content\/uploads\/2024\/07\/Medi-Twilight.jpg","contentUrl":"https:\/\/medirelax.be\/wp-content\/uploads\/2024\/07\/Medi-Twilight.jpg","width":500,"height":600,"caption":"Medi Twilight"},{"@type":"BreadcrumbList","@id":"https:\/\/medirelax.be\/?product=medi-twilight#breadcrumb","itemListElement":[{"@type":"ListItem","position":1,"name":"Home","item":"https:\/\/medirelax.be\/"},{"@type":"ListItem","position":2,"name":"Shop","item":"https:\/\/medirelax.be\/?page_id=10"},{"@type":"ListItem","position":3,"name":"MEDI TWILIGHT"}]},{"@type":"WebSite","@id":"https:\/\/medirelax.be\/#website","url":"https:\/\/medirelax.be\/","name":"Medirelax","description":"Medirelax, un monde de d\u00e9tente et de bien-\u00eatre","potentialAction":[{"@type":"SearchAction","target":{"@type":"EntryPoint","urlTemplate":"https:\/\/medirelax.be\/?s={search_term_string}"},"query-input":{"@type":"PropertyValueSpecification","valueRequired":true,"valueName":"search_term_string"}}],"inLanguage":"fr-FR"}]}},"_links":{"self":[{"href":"https:\/\/medirelax.be\/index.php?rest_route=\/wp\/v2\/product\/1053","targetHints":{"allow":["GET"]}}],"collection":[{"href":"https:\/\/medirelax.be\/index.php?rest_route=\/wp\/v2\/product"}],"about":[{"href":"https:\/\/medirelax.be\/index.php?rest_route=\/wp\/v2\/types\/product"}],"version-history":[{"count":12,"href":"https:\/\/medirelax.be\/index.php?rest_route=\/wp\/v2\/product\/1053\/revisions"}],"predecessor-version":[{"id":3166,"href":"https:\/\/medirelax.be\/index.php?rest_route=\/wp\/v2\/product\/1053\/revisions\/3166"}],"wp:featuredmedia":[{"embeddable":true,"href":"https:\/\/medirelax.be\/index.php?rest_route=\/wp\/v2\/media\/1065"}],"wp:attachment":[{"href":"https:\/\/medirelax.be\/index.php?rest_route=%2Fwp%2Fv2%2Fmedia&parent=1053"}],"wp:term":[{"taxonomy":"product_brand","embeddable":true,"href":"https:\/\/medirelax.be\/index.php?rest_route=%2Fwp%2Fv2%2Fproduct_brand&post=1053"},{"taxonomy":"product_cat","embeddable":true,"href":"https:\/\/medirelax.be\/index.php?rest_route=%2Fwp%2Fv2%2Fproduct_cat&post=1053"},{"taxonomy":"product_tag","embeddable":true,"href":"https:\/\/medirelax.be\/index.php?rest_route=%2Fwp%2Fv2%2Fproduct_tag&post=1053"}],"curies":[{"name":"wp","href":"https:\/\/api.w.org\/{rel}","templated":true}]}}