{"id":1009,"date":"2024-07-15T16:46:17","date_gmt":"2024-07-15T14:46:17","guid":{"rendered":"https:\/\/medirelax.be\/?post_type=product&#038;p=1009"},"modified":"2025-02-27T16:39:01","modified_gmt":"2025-02-27T15:39:01","slug":"medi-luxe-bi-moteurs","status":"publish","type":"product","link":"https:\/\/medirelax.be\/?product=medi-luxe-bi-moteurs","title":{"rendered":"MEDI LUXE BI-MOTEURS"},"content":{"rendered":"\t\t<div data-elementor-type=\"product-post\" data-elementor-id=\"1009\" class=\"elementor elementor-1009\" data-elementor-post-type=\"product\">\n\t\t\t\t<div class=\"elementor-element elementor-element-6c36ac8f e-flex e-con-boxed e-con e-parent\" data-id=\"6c36ac8f\" data-element_type=\"container\" data-e-type=\"container\">\n\t\t\t\t\t<div class=\"e-con-inner\">\n\t\t\t\t<div class=\"elementor-element elementor-element-2aead8a4 elementor-widget elementor-widget-text-editor\" data-id=\"2aead8a4\" data-element_type=\"widget\" data-e-type=\"widget\" data-widget_type=\"text-editor.default\">\n\t\t\t\t<div class=\"elementor-widget-container\">\n\t\t\t\t\t\t\t\t\t<div class=\"page\" title=\"Page 15\">\r\n<div class=\"section\">\r\n<div class=\"layoutArea\">\r\n<div class=\"column\">\r\n\r\nMEDI LUXE comprenant deux moteurs.\r\n<ul>\r\n \t<li>POINTS FORTS \u2022 Prot\u00e8ge appui t\u00eate de s\u00e9rie \u2022 Larges accoudoirs pour un meilleur confort lors de postures prolong\u00e9es ou une utilisation quotidienne permanente \u2022 Hauteur des accoudoirs \/ coussin d\u2019assise = 20cm en position assise \u2022 Rev\u00eatement Qualitex, haute r\u00e9sistance aux frottements<\/li>\r\n<\/ul>\r\n<\/div>\r\n<\/div>\r\n<\/div>\r\n<\/div>\t\t\t\t\t\t\t\t<\/div>\n\t\t\t\t<\/div>\n\t\t\t\t\t<\/div>\n\t\t\t\t<\/div>\n\t\t<div class=\"elementor-element elementor-element-1c05633 e-flex e-con-boxed e-con e-parent\" data-id=\"1c05633\" data-element_type=\"container\" data-e-type=\"container\">\n\t\t\t\t\t<div class=\"e-con-inner\">\n\t\t<div class=\"elementor-element elementor-element-2314a2d e-con-full e-flex e-con e-child\" data-id=\"2314a2d\" data-element_type=\"container\" data-e-type=\"container\">\n\t\t\t\t<div class=\"elementor-element elementor-element-f0a368c elementor-widget elementor-widget-image\" data-id=\"f0a368c\" data-element_type=\"widget\" data-e-type=\"widget\" data-widget_type=\"image.default\">\n\t\t\t\t<div class=\"elementor-widget-container\">\n\t\t\t\t\t\t\t\t\t\t\t\t\t\t\t<img fetchpriority=\"high\" decoding=\"async\" width=\"700\" height=\"500\" src=\"https:\/\/medirelax.be\/wp-content\/uploads\/2024\/07\/Revetement-1-6.jpg\" class=\"attachment-large size-large wp-image-1876\" alt=\"Revetement 1\" srcset=\"https:\/\/medirelax.be\/wp-content\/uploads\/2024\/07\/Revetement-1-6.jpg 700w, https:\/\/medirelax.be\/wp-content\/uploads\/2024\/07\/Revetement-1-6-300x214.jpg 300w, https:\/\/medirelax.be\/wp-content\/uploads\/2024\/07\/Revetement-1-6-600x429.jpg 600w\" sizes=\"(max-width: 700px) 100vw, 700px\" \/>\t\t\t\t\t\t\t\t\t\t\t\t\t\t\t<\/div>\n\t\t\t\t<\/div>\n\t\t\t\t<\/div>\n\t\t<div class=\"elementor-element elementor-element-099caa1 e-con-full e-flex e-con e-child\" data-id=\"099caa1\" data-element_type=\"container\" data-e-type=\"container\">\n\t\t\t\t<div class=\"elementor-element elementor-element-04e6169 elementor-widget elementor-widget-image\" data-id=\"04e6169\" data-element_type=\"widget\" data-e-type=\"widget\" data-widget_type=\"image.default\">\n\t\t\t\t<div class=\"elementor-widget-container\">\n\t\t\t\t\t\t\t\t\t\t\t\t\t\t\t<img decoding=\"async\" width=\"700\" height=\"500\" src=\"https:\/\/medirelax.be\/wp-content\/uploads\/2024\/07\/Revetement-2-2.jpg\" class=\"attachment-large size-large wp-image-1877\" alt=\"Revetement 2\" srcset=\"https:\/\/medirelax.be\/wp-content\/uploads\/2024\/07\/Revetement-2-2.jpg 700w, https:\/\/medirelax.be\/wp-content\/uploads\/2024\/07\/Revetement-2-2-300x214.jpg 300w, https:\/\/medirelax.be\/wp-content\/uploads\/2024\/07\/Revetement-2-2-600x429.jpg 600w\" sizes=\"(max-width: 700px) 100vw, 700px\" \/>\t\t\t\t\t\t\t\t\t\t\t\t\t\t\t<\/div>\n\t\t\t\t<\/div>\n\t\t\t\t<\/div>\n\t\t\t\t\t<\/div>\n\t\t\t\t<\/div>\n\t\t<div class=\"elementor-element elementor-element-3bdb2cf e-flex e-con-boxed e-con e-parent\" data-id=\"3bdb2cf\" data-element_type=\"container\" data-e-type=\"container\">\n\t\t\t\t\t<div class=\"e-con-inner\">\n\t\t<div class=\"elementor-element elementor-element-b55cc4c e-con-full e-flex e-con e-child\" data-id=\"b55cc4c\" data-element_type=\"container\" data-e-type=\"container\">\n\t\t\t\t<div class=\"elementor-element elementor-element-4aee755 elementor-widget elementor-widget-image\" data-id=\"4aee755\" data-element_type=\"widget\" data-e-type=\"widget\" data-widget_type=\"image.default\">\n\t\t\t\t<div class=\"elementor-widget-container\">\n\t\t\t\t\t\t\t\t\t\t\t\t\t\t\t<img decoding=\"async\" width=\"700\" height=\"500\" src=\"https:\/\/medirelax.be\/wp-content\/uploads\/2024\/07\/Dimensions-1-3.jpg\" class=\"attachment-large size-large wp-image-1878\" alt=\"Dimensions\" srcset=\"https:\/\/medirelax.be\/wp-content\/uploads\/2024\/07\/Dimensions-1-3.jpg 700w, https:\/\/medirelax.be\/wp-content\/uploads\/2024\/07\/Dimensions-1-3-300x214.jpg 300w, https:\/\/medirelax.be\/wp-content\/uploads\/2024\/07\/Dimensions-1-3-600x429.jpg 600w\" sizes=\"(max-width: 700px) 100vw, 700px\" \/>\t\t\t\t\t\t\t\t\t\t\t\t\t\t\t<\/div>\n\t\t\t\t<\/div>\n\t\t\t\t<\/div>\n\t\t<div class=\"elementor-element elementor-element-d951ab7 e-con-full e-flex e-con e-child\" data-id=\"d951ab7\" data-element_type=\"container\" data-e-type=\"container\">\n\t\t\t\t<div class=\"elementor-element elementor-element-cadeef4 elementor-widget elementor-widget-image\" data-id=\"cadeef4\" data-element_type=\"widget\" data-e-type=\"widget\" data-widget_type=\"image.default\">\n\t\t\t\t<div class=\"elementor-widget-container\">\n\t\t\t\t\t\t\t\t\t\t\t\t\t\t\t<img loading=\"lazy\" decoding=\"async\" width=\"700\" height=\"500\" src=\"https:\/\/medirelax.be\/wp-content\/uploads\/2024\/07\/Positions-1-2.jpg\" class=\"attachment-large size-large wp-image-1879\" alt=\"Positions\" srcset=\"https:\/\/medirelax.be\/wp-content\/uploads\/2024\/07\/Positions-1-2.jpg 700w, https:\/\/medirelax.be\/wp-content\/uploads\/2024\/07\/Positions-1-2-300x214.jpg 300w, https:\/\/medirelax.be\/wp-content\/uploads\/2024\/07\/Positions-1-2-600x429.jpg 600w\" sizes=\"(max-width: 700px) 100vw, 700px\" \/>\t\t\t\t\t\t\t\t\t\t\t\t\t\t\t<\/div>\n\t\t\t\t<\/div>\n\t\t\t\t<\/div>\n\t\t\t\t\t<\/div>\n\t\t\t\t<\/div>\n\t\t\t\t<\/div>\n\t\t","protected":false},"excerpt":{"rendered":"<p>MEDI LUXE comprenant deux moteurs<\/p>\n<p>Prot\u00e8ge appui t\u00eate de s\u00e9rie \u2022 Larges accoudoirs pour un meilleur confort lors de postures prolong\u00e9es ou une utilisation quotidienne permanente \u2022 Hauteur des accoudoirs \/ coussin d\u2019assise = 20cm en position assise \u2022 Rev\u00eatement Qualitex, haute r\u00e9sistance aux frottements<\/p>\n","protected":false},"featured_media":1023,"template":"","meta":[],"product_brand":[],"product_cat":[28,101],"product_tag":[],"class_list":{"0":"post-1009","1":"product","2":"type-product","3":"status-publish","4":"has-post-thumbnail","6":"product_cat-fauteuil-releveur","7":"product_cat-fauteuils-medi","9":"first","10":"instock","11":"shipping-taxable","12":"purchasable","13":"product-type-variable","14":"has-default-attributes"},"yoast_head":"<!-- This site is optimized with the Yoast SEO plugin v27.0 - https:\/\/yoast.com\/product\/yoast-seo-wordpress\/ -->\n<title>MEDI LUXE BI-MOTEURS - Medirelax<\/title>\n<meta name=\"description\" content=\"Ide\u0301al pour les personnes de 1.55m a\u0300 1.70m Hauteur et profondeur d\u2019assise facilitant l\u2019acce\u0300s des personnes de taille moyenne\" \/>\n<meta name=\"robots\" content=\"index, follow, max-snippet:-1, max-image-preview:large, max-video-preview:-1\" \/>\n<link rel=\"canonical\" href=\"https:\/\/medirelax.be\/?product=medi-luxe-bi-moteurs\" \/>\n<meta property=\"og:locale\" content=\"fr_FR\" \/>\n<meta property=\"og:type\" content=\"article\" \/>\n<meta property=\"og:title\" content=\"MEDI LUXE BI-MOTEURS - Medirelax\" \/>\n<meta property=\"og:description\" content=\"Ide\u0301al pour les personnes de 1.55m a\u0300 1.70m Hauteur et profondeur d\u2019assise facilitant l\u2019acce\u0300s des personnes de taille moyenne\" \/>\n<meta property=\"og:url\" content=\"https:\/\/medirelax.be\/?product=medi-luxe-bi-moteurs\" \/>\n<meta property=\"og:site_name\" content=\"Medirelax\" \/>\n<meta property=\"article:modified_time\" content=\"2025-02-27T15:39:01+00:00\" \/>\n<meta property=\"og:image\" content=\"https:\/\/medirelax.be\/wp-content\/uploads\/2024\/07\/Medi-Luxe-Bi-moteurs-2.jpg\" \/>\n\t<meta property=\"og:image:width\" content=\"500\" \/>\n\t<meta property=\"og:image:height\" content=\"600\" \/>\n\t<meta property=\"og:image:type\" content=\"image\/jpeg\" \/>\n<meta name=\"twitter:card\" content=\"summary_large_image\" \/>\n<meta name=\"twitter:label1\" content=\"Dur\u00e9e de lecture estim\u00e9e\" \/>\n\t<meta name=\"twitter:data1\" content=\"2 minutes\" \/>\n<script type=\"application\/ld+json\" class=\"yoast-schema-graph\">{\"@context\":\"https:\/\/schema.org\",\"@graph\":[{\"@type\":\"WebPage\",\"@id\":\"https:\/\/medirelax.be\/?product=medi-luxe-bi-moteurs\",\"url\":\"https:\/\/medirelax.be\/?product=medi-luxe-bi-moteurs\",\"name\":\"MEDI LUXE BI-MOTEURS - Medirelax\",\"isPartOf\":{\"@id\":\"https:\/\/medirelax.be\/#website\"},\"primaryImageOfPage\":{\"@id\":\"https:\/\/medirelax.be\/?product=medi-luxe-bi-moteurs#primaryimage\"},\"image\":{\"@id\":\"https:\/\/medirelax.be\/?product=medi-luxe-bi-moteurs#primaryimage\"},\"thumbnailUrl\":\"https:\/\/medirelax.be\/wp-content\/uploads\/2024\/07\/Medi-Luxe-Bi-moteurs-2.jpg\",\"datePublished\":\"2024-07-15T14:46:17+00:00\",\"dateModified\":\"2025-02-27T15:39:01+00:00\",\"description\":\"Ide\u0301al pour les personnes de 1.55m a\u0300 1.70m Hauteur et profondeur d\u2019assise facilitant l\u2019acce\u0300s des personnes de taille moyenne\",\"breadcrumb\":{\"@id\":\"https:\/\/medirelax.be\/?product=medi-luxe-bi-moteurs#breadcrumb\"},\"inLanguage\":\"fr-FR\",\"potentialAction\":[{\"@type\":\"ReadAction\",\"target\":[\"https:\/\/medirelax.be\/?product=medi-luxe-bi-moteurs\"]}]},{\"@type\":\"ImageObject\",\"inLanguage\":\"fr-FR\",\"@id\":\"https:\/\/medirelax.be\/?product=medi-luxe-bi-moteurs#primaryimage\",\"url\":\"https:\/\/medirelax.be\/wp-content\/uploads\/2024\/07\/Medi-Luxe-Bi-moteurs-2.jpg\",\"contentUrl\":\"https:\/\/medirelax.be\/wp-content\/uploads\/2024\/07\/Medi-Luxe-Bi-moteurs-2.jpg\",\"width\":500,\"height\":600,\"caption\":\"Medi Luxe Bi moteurs 2\"},{\"@type\":\"BreadcrumbList\",\"@id\":\"https:\/\/medirelax.be\/?product=medi-luxe-bi-moteurs#breadcrumb\",\"itemListElement\":[{\"@type\":\"ListItem\",\"position\":1,\"name\":\"Home\",\"item\":\"https:\/\/medirelax.be\/\"},{\"@type\":\"ListItem\",\"position\":2,\"name\":\"Shop\",\"item\":\"https:\/\/medirelax.be\/?page_id=10\"},{\"@type\":\"ListItem\",\"position\":3,\"name\":\"MEDI LUXE BI-MOTEURS\"}]},{\"@type\":\"WebSite\",\"@id\":\"https:\/\/medirelax.be\/#website\",\"url\":\"https:\/\/medirelax.be\/\",\"name\":\"Medirelax\",\"description\":\"Medirelax, un monde de d\u00e9tente et de bien-\u00eatre\",\"potentialAction\":[{\"@type\":\"SearchAction\",\"target\":{\"@type\":\"EntryPoint\",\"urlTemplate\":\"https:\/\/medirelax.be\/?s={search_term_string}\"},\"query-input\":{\"@type\":\"PropertyValueSpecification\",\"valueRequired\":true,\"valueName\":\"search_term_string\"}}],\"inLanguage\":\"fr-FR\"}]}<\/script>\n<!-- \/ Yoast SEO plugin. -->","yoast_head_json":{"title":"MEDI LUXE BI-MOTEURS - Medirelax","description":"Ide\u0301al pour les personnes de 1.55m a\u0300 1.70m Hauteur et profondeur d\u2019assise facilitant l\u2019acce\u0300s des personnes de taille moyenne","robots":{"index":"index","follow":"follow","max-snippet":"max-snippet:-1","max-image-preview":"max-image-preview:large","max-video-preview":"max-video-preview:-1"},"canonical":"https:\/\/medirelax.be\/?product=medi-luxe-bi-moteurs","og_locale":"fr_FR","og_type":"article","og_title":"MEDI LUXE BI-MOTEURS - Medirelax","og_description":"Ide\u0301al pour les personnes de 1.55m a\u0300 1.70m Hauteur et profondeur d\u2019assise facilitant l\u2019acce\u0300s des personnes de taille moyenne","og_url":"https:\/\/medirelax.be\/?product=medi-luxe-bi-moteurs","og_site_name":"Medirelax","article_modified_time":"2025-02-27T15:39:01+00:00","og_image":[{"width":500,"height":600,"url":"https:\/\/medirelax.be\/wp-content\/uploads\/2024\/07\/Medi-Luxe-Bi-moteurs-2.jpg","type":"image\/jpeg"}],"twitter_card":"summary_large_image","twitter_misc":{"Dur\u00e9e de lecture estim\u00e9e":"2 minutes"},"schema":{"@context":"https:\/\/schema.org","@graph":[{"@type":"WebPage","@id":"https:\/\/medirelax.be\/?product=medi-luxe-bi-moteurs","url":"https:\/\/medirelax.be\/?product=medi-luxe-bi-moteurs","name":"MEDI LUXE BI-MOTEURS - Medirelax","isPartOf":{"@id":"https:\/\/medirelax.be\/#website"},"primaryImageOfPage":{"@id":"https:\/\/medirelax.be\/?product=medi-luxe-bi-moteurs#primaryimage"},"image":{"@id":"https:\/\/medirelax.be\/?product=medi-luxe-bi-moteurs#primaryimage"},"thumbnailUrl":"https:\/\/medirelax.be\/wp-content\/uploads\/2024\/07\/Medi-Luxe-Bi-moteurs-2.jpg","datePublished":"2024-07-15T14:46:17+00:00","dateModified":"2025-02-27T15:39:01+00:00","description":"Ide\u0301al pour les personnes de 1.55m a\u0300 1.70m Hauteur et profondeur d\u2019assise facilitant l\u2019acce\u0300s des personnes de taille moyenne","breadcrumb":{"@id":"https:\/\/medirelax.be\/?product=medi-luxe-bi-moteurs#breadcrumb"},"inLanguage":"fr-FR","potentialAction":[{"@type":"ReadAction","target":["https:\/\/medirelax.be\/?product=medi-luxe-bi-moteurs"]}]},{"@type":"ImageObject","inLanguage":"fr-FR","@id":"https:\/\/medirelax.be\/?product=medi-luxe-bi-moteurs#primaryimage","url":"https:\/\/medirelax.be\/wp-content\/uploads\/2024\/07\/Medi-Luxe-Bi-moteurs-2.jpg","contentUrl":"https:\/\/medirelax.be\/wp-content\/uploads\/2024\/07\/Medi-Luxe-Bi-moteurs-2.jpg","width":500,"height":600,"caption":"Medi Luxe Bi moteurs 2"},{"@type":"BreadcrumbList","@id":"https:\/\/medirelax.be\/?product=medi-luxe-bi-moteurs#breadcrumb","itemListElement":[{"@type":"ListItem","position":1,"name":"Home","item":"https:\/\/medirelax.be\/"},{"@type":"ListItem","position":2,"name":"Shop","item":"https:\/\/medirelax.be\/?page_id=10"},{"@type":"ListItem","position":3,"name":"MEDI LUXE BI-MOTEURS"}]},{"@type":"WebSite","@id":"https:\/\/medirelax.be\/#website","url":"https:\/\/medirelax.be\/","name":"Medirelax","description":"Medirelax, un monde de d\u00e9tente et de bien-\u00eatre","potentialAction":[{"@type":"SearchAction","target":{"@type":"EntryPoint","urlTemplate":"https:\/\/medirelax.be\/?s={search_term_string}"},"query-input":{"@type":"PropertyValueSpecification","valueRequired":true,"valueName":"search_term_string"}}],"inLanguage":"fr-FR"}]}},"_links":{"self":[{"href":"https:\/\/medirelax.be\/index.php?rest_route=\/wp\/v2\/product\/1009","targetHints":{"allow":["GET"]}}],"collection":[{"href":"https:\/\/medirelax.be\/index.php?rest_route=\/wp\/v2\/product"}],"about":[{"href":"https:\/\/medirelax.be\/index.php?rest_route=\/wp\/v2\/types\/product"}],"version-history":[{"count":3,"href":"https:\/\/medirelax.be\/index.php?rest_route=\/wp\/v2\/product\/1009\/revisions"}],"predecessor-version":[{"id":3053,"href":"https:\/\/medirelax.be\/index.php?rest_route=\/wp\/v2\/product\/1009\/revisions\/3053"}],"wp:featuredmedia":[{"embeddable":true,"href":"https:\/\/medirelax.be\/index.php?rest_route=\/wp\/v2\/media\/1023"}],"wp:attachment":[{"href":"https:\/\/medirelax.be\/index.php?rest_route=%2Fwp%2Fv2%2Fmedia&parent=1009"}],"wp:term":[{"taxonomy":"product_brand","embeddable":true,"href":"https:\/\/medirelax.be\/index.php?rest_route=%2Fwp%2Fv2%2Fproduct_brand&post=1009"},{"taxonomy":"product_cat","embeddable":true,"href":"https:\/\/medirelax.be\/index.php?rest_route=%2Fwp%2Fv2%2Fproduct_cat&post=1009"},{"taxonomy":"product_tag","embeddable":true,"href":"https:\/\/medirelax.be\/index.php?rest_route=%2Fwp%2Fv2%2Fproduct_tag&post=1009"}],"curies":[{"name":"wp","href":"https:\/\/api.w.org\/{rel}","templated":true}]}}