{"id":427,"date":"2024-07-01T16:44:20","date_gmt":"2024-07-01T14:44:20","guid":{"rendered":"https:\/\/medirelax.be\/?page_id=427"},"modified":"2024-10-22T15:24:32","modified_gmt":"2024-10-22T13:24:32","slug":"visites","status":"publish","type":"page","link":"https:\/\/medirelax.be\/?page_id=427","title":{"rendered":"Visites"},"content":{"rendered":"\t\t<div data-elementor-type=\"wp-page\" data-elementor-id=\"427\" class=\"elementor elementor-427\" data-elementor-post-type=\"page\">\n\t\t\t\t\t\t<section class=\"elementor-section elementor-top-section elementor-element elementor-element-33522f6e elementor-section-boxed elementor-section-height-default elementor-section-height-default\" data-id=\"33522f6e\" data-element_type=\"section\" data-e-type=\"section\" data-settings=\"{&quot;background_background&quot;:&quot;classic&quot;}\">\n\t\t\t\t\t\t\t<div class=\"elementor-background-overlay\"><\/div>\n\t\t\t\t\t\t\t<div class=\"elementor-container elementor-column-gap-default\">\n\t\t\t\t\t<div class=\"elementor-column elementor-col-100 elementor-top-column elementor-element elementor-element-5791c18d\" data-id=\"5791c18d\" data-element_type=\"column\" data-e-type=\"column\" data-settings=\"{&quot;background_background&quot;:&quot;classic&quot;}\">\n\t\t\t<div class=\"elementor-widget-wrap elementor-element-populated\">\n\t\t\t\t\t\t<div class=\"elementor-element elementor-element-7e6638d1 elementor-absolute elementor-invisible elementor-widget elementor-widget-heading\" data-id=\"7e6638d1\" data-element_type=\"widget\" data-e-type=\"widget\" data-settings=\"{&quot;_position&quot;:&quot;absolute&quot;,&quot;_animation&quot;:&quot;fadeInUp&quot;}\" data-widget_type=\"heading.default\">\n\t\t\t\t<div class=\"elementor-widget-container\">\n\t\t\t\t\t<div class=\"elementor-heading-title elementor-size-default\">Visites<\/div>\t\t\t\t<\/div>\n\t\t\t\t<\/div>\n\t\t\t\t<section class=\"elementor-section elementor-inner-section elementor-element elementor-element-662763a5 elementor-section-boxed elementor-section-height-default elementor-section-height-default\" data-id=\"662763a5\" data-element_type=\"section\" data-e-type=\"section\">\n\t\t\t\t\t\t<div class=\"elementor-container elementor-column-gap-default\">\n\t\t\t\t\t<div class=\"elementor-column elementor-col-100 elementor-inner-column elementor-element elementor-element-510cd467\" data-id=\"510cd467\" data-element_type=\"column\" data-e-type=\"column\">\n\t\t\t<div class=\"elementor-widget-wrap elementor-element-populated\">\n\t\t\t\t\t\t<div class=\"elementor-element elementor-element-6b750f10 elementor-invisible elementor-widget elementor-widget-heading\" data-id=\"6b750f10\" data-element_type=\"widget\" data-e-type=\"widget\" data-settings=\"{&quot;_animation&quot;:&quot;fadeInLeft&quot;}\" data-widget_type=\"heading.default\">\n\t\t\t\t<div class=\"elementor-widget-container\">\n\t\t\t\t\t<h1 class=\"elementor-heading-title elementor-size-default\">Visites<\/h1>\t\t\t\t<\/div>\n\t\t\t\t<\/div>\n\t\t\t\t<div class=\"elementor-element elementor-element-66811269 elementor-invisible elementor-widget elementor-widget-heading\" data-id=\"66811269\" data-element_type=\"widget\" data-e-type=\"widget\" data-settings=\"{&quot;_animation&quot;:&quot;fadeInRight&quot;}\" data-widget_type=\"heading.default\">\n\t\t\t\t<div class=\"elementor-widget-container\">\n\t\t\t\t\t<h4 class=\"elementor-heading-title elementor-size-default\">Medirelax - Heleve Art Showroom\n<\/h4>\t\t\t\t<\/div>\n\t\t\t\t<\/div>\n\t\t\t\t\t<\/div>\n\t\t<\/div>\n\t\t\t\t\t<\/div>\n\t\t<\/section>\n\t\t\t\t\t<\/div>\n\t\t<\/div>\n\t\t\t\t\t<\/div>\n\t\t<\/section>\n\t\t\t\t<section class=\"elementor-section elementor-top-section elementor-element elementor-element-65f367e2 elementor-section-boxed elementor-section-height-default elementor-section-height-default\" data-id=\"65f367e2\" data-element_type=\"section\" data-e-type=\"section\">\n\t\t\t\t\t\t<div class=\"elementor-container elementor-column-gap-default\">\n\t\t\t\t\t<div class=\"elementor-column elementor-col-50 elementor-top-column elementor-element elementor-element-59362988\" data-id=\"59362988\" data-element_type=\"column\" data-e-type=\"column\">\n\t\t\t<div class=\"elementor-widget-wrap elementor-element-populated\">\n\t\t\t\t\t\t<div class=\"elementor-element elementor-element-f2139da elementor-widget elementor-widget-video\" data-id=\"f2139da\" data-element_type=\"widget\" data-e-type=\"widget\" data-settings=\"{&quot;video_type&quot;:&quot;hosted&quot;,&quot;autoplay&quot;:&quot;yes&quot;,&quot;mute&quot;:&quot;yes&quot;,&quot;loop&quot;:&quot;yes&quot;,&quot;controls&quot;:&quot;yes&quot;}\" data-widget_type=\"video.default\">\n\t\t\t\t<div class=\"elementor-widget-container\">\n\t\t\t\t\t\t\t<div class=\"e-hosted-video elementor-wrapper elementor-open-inline\">\n\t\t\t\t\t<video class=\"elementor-video\" src=\"https:\/\/medirelax.be\/wp-content\/uploads\/2024\/07\/Medirelax__Helve-Art.webm\" autoplay=\"\" loop=\"\" controls=\"\" muted=\"muted\" controlsList=\"nodownload\"><\/video>\n\t\t\t\t<\/div>\n\t\t\t\t\t\t<\/div>\n\t\t\t\t<\/div>\n\t\t\t\t\t<\/div>\n\t\t<\/div>\n\t\t\t\t<div class=\"elementor-column elementor-col-50 elementor-top-column elementor-element elementor-element-6f0232a6\" data-id=\"6f0232a6\" data-element_type=\"column\" data-e-type=\"column\">\n\t\t\t<div class=\"elementor-widget-wrap elementor-element-populated\">\n\t\t\t\t\t\t<div class=\"elementor-element elementor-element-597b5144 elementor-invisible elementor-widget elementor-widget-heading\" data-id=\"597b5144\" data-element_type=\"widget\" data-e-type=\"widget\" data-settings=\"{&quot;_animation&quot;:&quot;fadeInUp&quot;}\" data-widget_type=\"heading.default\">\n\t\t\t\t<div class=\"elementor-widget-container\">\n\t\t\t\t\t<h6 class=\"elementor-heading-title elementor-size-default\">Notre Showroom<\/h6>\t\t\t\t<\/div>\n\t\t\t\t<\/div>\n\t\t\t\t<div class=\"elementor-element elementor-element-1b643178 elementor-invisible elementor-widget elementor-widget-heading\" data-id=\"1b643178\" data-element_type=\"widget\" data-e-type=\"widget\" data-settings=\"{&quot;_animation&quot;:&quot;fadeInRight&quot;}\" data-widget_type=\"heading.default\">\n\t\t\t\t<div class=\"elementor-widget-container\">\n\t\t\t\t\t<h2 class=\"elementor-heading-title elementor-size-default\">Medirelax - Helve Art Showroom\n\n<\/h2>\t\t\t\t<\/div>\n\t\t\t\t<\/div>\n\t\t\t\t<div class=\"elementor-element elementor-element-823a897 elementor-invisible elementor-widget elementor-widget-text-editor\" data-id=\"823a897\" data-element_type=\"widget\" data-e-type=\"widget\" data-settings=\"{&quot;_animation&quot;:&quot;fadeInRight&quot;,&quot;_animation_delay&quot;:240}\" data-widget_type=\"text-editor.default\">\n\t\t\t\t<div class=\"elementor-widget-container\">\n\t\t\t\t\t\t\t\t\t<p>Votre confort est notre priorit\u00e9 !!<\/p><p>Afin de vous \u00eatre disponible d\u00e8s votre arriv\u00e9e, nous vous recevrons\u00a0<b>uniquement sur rendez-vous<\/b>\u00a0Vous pourrez ainsi, sans vous presser d\u00e9couvrir notre gamme, essayer les diff\u00e9rents conforts et r\u00e9aliser le meilleur choix tout en b\u00e9n\u00e9ficiant de nos conseils de sp\u00e9cialistes<\/p><p>Pour que vous puissiez d\u00e9j\u00e0 faire un premier choix,<strong>\u00a0nous vous ferons parvenir au pr\u00e9alable notre catalogue\u00a0<\/strong>complet avec les diff\u00e9rents prix.<\/p>\t\t\t\t\t\t\t\t<\/div>\n\t\t\t\t<\/div>\n\t\t\t\t<div class=\"elementor-element elementor-element-6b615d4 elementor-invisible elementor-widget elementor-widget-text-editor\" data-id=\"6b615d4\" data-element_type=\"widget\" data-e-type=\"widget\" data-settings=\"{&quot;_animation&quot;:&quot;fadeInRight&quot;}\" data-widget_type=\"text-editor.default\">\n\t\t\t\t<div class=\"elementor-widget-container\">\n\t\t\t\t\t\t\t\t\t<p><strong>Pour prendre rendez-vous :\u00a0<\/strong><\/p>\t\t\t\t\t\t\t\t<\/div>\n\t\t\t\t<\/div>\n\t\t\t\t<div class=\"elementor-element elementor-element-7d82535 elementor-position-inline-start elementor-view-default elementor-mobile-position-block-start elementor-invisible elementor-widget elementor-widget-icon-box\" data-id=\"7d82535\" data-element_type=\"widget\" data-e-type=\"widget\" data-settings=\"{&quot;_animation&quot;:&quot;fadeInRight&quot;,&quot;_animation_delay&quot;:600}\" data-widget_type=\"icon-box.default\">\n\t\t\t\t<div class=\"elementor-widget-container\">\n\t\t\t\t\t\t\t<div class=\"elementor-icon-box-wrapper\">\n\n\t\t\t\t\t\t<div class=\"elementor-icon-box-icon\">\n\t\t\t\t<a href=\"tel:071%20122%20722\" class=\"elementor-icon\" tabindex=\"-1\" aria-label=\"T\u00e9l\u00e9phone\">\n\t\t\t\t<svg aria-hidden=\"true\" class=\"e-font-icon-svg e-fas-phone-alt\" viewBox=\"0 0 512 512\" xmlns=\"http:\/\/www.w3.org\/2000\/svg\"><path d=\"M497.39 361.8l-112-48a24 24 0 0 0-28 6.9l-49.6 60.6A370.66 370.66 0 0 1 130.6 204.11l60.6-49.6a23.94 23.94 0 0 0 6.9-28l-48-112A24.16 24.16 0 0 0 122.6.61l-104 24A24 24 0 0 0 0 48c0 256.5 207.9 464 464 464a24 24 0 0 0 23.4-18.6l24-104a24.29 24.29 0 0 0-14.01-27.6z\"><\/path><\/svg>\t\t\t\t<\/a>\n\t\t\t<\/div>\n\t\t\t\n\t\t\t\t\t\t<div class=\"elementor-icon-box-content\">\n\n\t\t\t\t\t\t\t\t\t<h4 class=\"elementor-icon-box-title\">\n\t\t\t\t\t\t<a href=\"tel:071%20122%20722\" >\n\t\t\t\t\t\t\tT\u00e9l\u00e9phone\t\t\t\t\t\t<\/a>\n\t\t\t\t\t<\/h4>\n\t\t\t\t\n\t\t\t\t\t\t\t\t\t<p class=\"elementor-icon-box-description\">\n\t\t\t\t\t\t071 122 722 ou 02 673 16 06\t\t\t\t\t<\/p>\n\t\t\t\t\n\t\t\t<\/div>\n\t\t\t\n\t\t<\/div>\n\t\t\t\t\t\t<\/div>\n\t\t\t\t<\/div>\n\t\t\t\t<div class=\"elementor-element elementor-element-41b978d2 elementor-position-inline-start elementor-view-default elementor-mobile-position-block-start elementor-invisible elementor-widget elementor-widget-icon-box\" data-id=\"41b978d2\" data-element_type=\"widget\" data-e-type=\"widget\" data-settings=\"{&quot;_animation&quot;:&quot;fadeInRight&quot;,&quot;_animation_delay&quot;:840}\" data-widget_type=\"icon-box.default\">\n\t\t\t\t<div class=\"elementor-widget-container\">\n\t\t\t\t\t\t\t<div class=\"elementor-icon-box-wrapper\">\n\n\t\t\t\t\t\t<div class=\"elementor-icon-box-icon\">\n\t\t\t\t<a href=\"mailto:info@medirelax.be\" class=\"elementor-icon\" tabindex=\"-1\" aria-label=\"E-mail\">\n\t\t\t\t<i aria-hidden=\"true\" class=\"material-icons md-email\" data-md-icon=\"email\"><\/i>\t\t\t\t<\/a>\n\t\t\t<\/div>\n\t\t\t\n\t\t\t\t\t\t<div class=\"elementor-icon-box-content\">\n\n\t\t\t\t\t\t\t\t\t<h4 class=\"elementor-icon-box-title\">\n\t\t\t\t\t\t<a href=\"mailto:info@medirelax.be\" >\n\t\t\t\t\t\t\tE-mail\t\t\t\t\t\t<\/a>\n\t\t\t\t\t<\/h4>\n\t\t\t\t\n\t\t\t\t\t\t\t\t\t<p class=\"elementor-icon-box-description\">\n\t\t\t\t\t\tinfo@medirelax.be\t\t\t\t\t<\/p>\n\t\t\t\t\n\t\t\t<\/div>\n\t\t\t\n\t\t<\/div>\n\t\t\t\t\t\t<\/div>\n\t\t\t\t<\/div>\n\t\t\t\t\t<\/div>\n\t\t<\/div>\n\t\t\t\t\t<\/div>\n\t\t<\/section>\n\t\t\t\t<section class=\"elementor-section elementor-top-section elementor-element elementor-element-745ef5c8 elementor-reverse-mobile elementor-section-boxed elementor-section-height-default elementor-section-height-default\" data-id=\"745ef5c8\" data-element_type=\"section\" data-e-type=\"section\" data-settings=\"{&quot;background_background&quot;:&quot;classic&quot;}\">\n\t\t\t\t\t\t<div class=\"elementor-container elementor-column-gap-default\">\n\t\t\t\t\t<div class=\"elementor-column elementor-col-50 elementor-top-column elementor-element elementor-element-259a298f elementor-invisible\" data-id=\"259a298f\" data-element_type=\"column\" data-e-type=\"column\" data-settings=\"{&quot;background_background&quot;:&quot;classic&quot;,&quot;animation&quot;:&quot;fadeInLeft&quot;}\">\n\t\t\t<div class=\"elementor-widget-wrap elementor-element-populated\">\n\t\t\t\t\t\t<div class=\"elementor-element elementor-element-3f3314ec elementor-widget elementor-widget-heading\" data-id=\"3f3314ec\" data-element_type=\"widget\" data-e-type=\"widget\" data-widget_type=\"heading.default\">\n\t\t\t\t<div class=\"elementor-widget-container\">\n\t\t\t\t\t<h2 class=\"elementor-heading-title elementor-size-default\">Venez voir notre Showroom ! \n<\/h2>\t\t\t\t<\/div>\n\t\t\t\t<\/div>\n\t\t\t\t<div class=\"elementor-element elementor-element-6c48d6d1 elementor-widget elementor-widget-text-editor\" data-id=\"6c48d6d1\" data-element_type=\"widget\" data-e-type=\"widget\" data-widget_type=\"text-editor.default\">\n\t\t\t\t<div class=\"elementor-widget-container\">\n\t\t\t\t\t\t\t\t\t<p>Un parking priv\u00e9 \u00e0 l&rsquo;avant du\u00a0 magasin vous est r\u00e9serv\u00e9<\/p>\t\t\t\t\t\t\t\t<\/div>\n\t\t\t\t<\/div>\n\t\t\t\t<div class=\"elementor-element elementor-element-eef239d elementor-widget elementor-widget-text-editor\" data-id=\"eef239d\" data-element_type=\"widget\" data-e-type=\"widget\" data-widget_type=\"text-editor.default\">\n\t\t\t\t<div class=\"elementor-widget-container\">\n\t\t\t\t\t\t\t\t\t<p>Essai en magasin uniquement sur rendez-vous.<\/p>\t\t\t\t\t\t\t\t<\/div>\n\t\t\t\t<\/div>\n\t\t\t\t<div class=\"elementor-element elementor-element-61057012 elementor-widget elementor-widget-button\" data-id=\"61057012\" data-element_type=\"widget\" data-e-type=\"widget\" data-widget_type=\"button.default\">\n\t\t\t\t<div class=\"elementor-widget-container\">\n\t\t\t\t\t\t\t\t\t<div class=\"elementor-button-wrapper\">\n\t\t\t\t\t<a class=\"elementor-button elementor-button-link elementor-size-md\" href=\"https:\/\/medirelax.be\/?page_id=1253\">\n\t\t\t\t\t\t<span class=\"elementor-button-content-wrapper\">\n\t\t\t\t\t\t\t\t\t<span class=\"elementor-button-text\">Recevoir notre catalogue<\/span>\n\t\t\t\t\t<\/span>\n\t\t\t\t\t<\/a>\n\t\t\t\t<\/div>\n\t\t\t\t\t\t\t\t<\/div>\n\t\t\t\t<\/div>\n\t\t\t\t\t<\/div>\n\t\t<\/div>\n\t\t\t\t<div class=\"elementor-column elementor-col-50 elementor-top-column elementor-element elementor-element-1b90935c elementor-invisible\" data-id=\"1b90935c\" data-element_type=\"column\" data-e-type=\"column\" data-settings=\"{&quot;animation&quot;:&quot;fadeInRight&quot;}\">\n\t\t\t<div class=\"elementor-widget-wrap elementor-element-populated\">\n\t\t\t\t\t\t<div class=\"elementor-element elementor-element-7afc6dca elementor-widget elementor-widget-image\" data-id=\"7afc6dca\" data-element_type=\"widget\" data-e-type=\"widget\" data-widget_type=\"image.default\">\n\t\t\t\t<div class=\"elementor-widget-container\">\n\t\t\t\t\t\t\t\t\t\t\t\t\t\t\t<img fetchpriority=\"high\" decoding=\"async\" width=\"2048\" height=\"1147\" src=\"https:\/\/medirelax.be\/wp-content\/uploads\/2024\/07\/showroom-2018.jpg\" class=\"attachment-full size-full wp-image-443\" alt=\"showroom-2018\" srcset=\"https:\/\/medirelax.be\/wp-content\/uploads\/2024\/07\/showroom-2018.jpg 2048w, https:\/\/medirelax.be\/wp-content\/uploads\/2024\/07\/showroom-2018-300x168.jpg 300w, https:\/\/medirelax.be\/wp-content\/uploads\/2024\/07\/showroom-2018-1024x574.jpg 1024w, https:\/\/medirelax.be\/wp-content\/uploads\/2024\/07\/showroom-2018-768x430.jpg 768w, https:\/\/medirelax.be\/wp-content\/uploads\/2024\/07\/showroom-2018-1536x860.jpg 1536w, https:\/\/medirelax.be\/wp-content\/uploads\/2024\/07\/showroom-2018-600x336.jpg 600w\" sizes=\"(max-width: 2048px) 100vw, 2048px\" \/>\t\t\t\t\t\t\t\t\t\t\t\t\t\t\t<\/div>\n\t\t\t\t<\/div>\n\t\t\t\t\t<\/div>\n\t\t<\/div>\n\t\t\t\t\t<\/div>\n\t\t<\/section>\n\t\t<div class=\"elementor-element elementor-element-c752f22 e-flex e-con-boxed e-con e-parent\" data-id=\"c752f22\" data-element_type=\"container\" data-e-type=\"container\">\n\t\t\t\t\t<div class=\"e-con-inner\">\n\t\t\t\t<div class=\"elementor-element elementor-element-67f4495 elementor-invisible elementor-widget elementor-widget-shortcode\" data-id=\"67f4495\" data-element_type=\"widget\" data-e-type=\"widget\" data-settings=\"{&quot;_animation&quot;:&quot;fadeInUp&quot;}\" data-widget_type=\"shortcode.default\">\n\t\t\t\t<div class=\"elementor-widget-container\">\n\t\t\t\t\t\t\t<div class=\"elementor-shortcode\"><iframe width=\"853\" height=\"480\" src=\"https:\/\/my.matterport.com\/show\/?m=YmeTFwoiVeJ\" frameborder=\"0\" allowfullscreen allow=\"xr-spatial-tracking\"><\/iframe><\/div>\n\t\t\t\t\t\t<\/div>\n\t\t\t\t<\/div>\n\t\t\t\t\t<\/div>\n\t\t\t\t<\/div>\n\t\t\t\t<\/div>\n\t\t","protected":false},"excerpt":{"rendered":"<p>Visites Medirelax &#8211; Heleve Art Showroom https:\/\/medirelax.be\/wp-content\/uploads\/2024\/07\/Medirelax__Helve-Art.webm Notre Showroom Medirelax &#8211; Helve Art Showroom Votre confort est notre priorit\u00e9 !! Afin de vous \u00eatre disponible d\u00e8s votre arriv\u00e9e, nous vous recevrons\u00a0uniquement sur rendez-vous\u00a0Vous pourrez ainsi, sans vous presser d\u00e9couvrir notre gamme, essayer les diff\u00e9rents conforts et r\u00e9aliser le meilleur choix tout en b\u00e9n\u00e9ficiant de nos [&hellip;]<\/p>\n","protected":false},"author":1,"featured_media":0,"parent":0,"menu_order":0,"comment_status":"closed","ping_status":"closed","template":"elementor_header_footer","meta":{"footnotes":""},"class_list":["post-427","page","type-page","status-publish","hentry"],"yoast_head":"<!-- This site is optimized with the Yoast SEO plugin v27.5 - https:\/\/yoast.com\/product\/yoast-seo-wordpress\/ -->\n<title>Visites - Medirelax<\/title>\n<meta name=\"robots\" content=\"index, follow, max-snippet:-1, max-image-preview:large, max-video-preview:-1\" \/>\n<link rel=\"canonical\" href=\"https:\/\/medirelax.be\/?page_id=427\" \/>\n<meta property=\"og:locale\" content=\"fr_FR\" \/>\n<meta property=\"og:type\" content=\"article\" \/>\n<meta property=\"og:title\" content=\"Visites - Medirelax\" \/>\n<meta property=\"og:description\" content=\"Visites Medirelax &#8211; Heleve Art Showroom https:\/\/medirelax.be\/wp-content\/uploads\/2024\/07\/Medirelax__Helve-Art.webm Notre Showroom Medirelax &#8211; Helve Art Showroom Votre confort est notre priorit\u00e9 !! Afin de vous \u00eatre disponible d\u00e8s votre arriv\u00e9e, nous vous recevrons\u00a0uniquement sur rendez-vous\u00a0Vous pourrez ainsi, sans vous presser d\u00e9couvrir notre gamme, essayer les diff\u00e9rents conforts et r\u00e9aliser le meilleur choix tout en b\u00e9n\u00e9ficiant de nos [&hellip;]\" \/>\n<meta property=\"og:url\" content=\"https:\/\/medirelax.be\/?page_id=427\" \/>\n<meta property=\"og:site_name\" content=\"Medirelax\" \/>\n<meta property=\"article:modified_time\" content=\"2024-10-22T13:24:32+00:00\" \/>\n<meta property=\"og:image\" content=\"https:\/\/medirelax.be\/wp-content\/uploads\/2024\/07\/showroom-2018.jpg\" \/>\n\t<meta property=\"og:image:width\" content=\"2048\" \/>\n\t<meta property=\"og:image:height\" content=\"1147\" \/>\n\t<meta property=\"og:image:type\" content=\"image\/jpeg\" \/>\n<meta name=\"twitter:card\" content=\"summary_large_image\" \/>\n<meta name=\"twitter:label1\" content=\"Dur\u00e9e de lecture estim\u00e9e\" \/>\n\t<meta name=\"twitter:data1\" content=\"1 minute\" \/>\n<script type=\"application\/ld+json\" class=\"yoast-schema-graph\">{\"@context\":\"https:\\\/\\\/schema.org\",\"@graph\":[{\"@type\":\"WebPage\",\"@id\":\"https:\\\/\\\/medirelax.be\\\/?page_id=427\",\"url\":\"https:\\\/\\\/medirelax.be\\\/?page_id=427\",\"name\":\"Visites - Medirelax\",\"isPartOf\":{\"@id\":\"https:\\\/\\\/medirelax.be\\\/#website\"},\"primaryImageOfPage\":{\"@id\":\"https:\\\/\\\/medirelax.be\\\/?page_id=427#primaryimage\"},\"image\":{\"@id\":\"https:\\\/\\\/medirelax.be\\\/?page_id=427#primaryimage\"},\"thumbnailUrl\":\"https:\\\/\\\/medirelax.be\\\/wp-content\\\/uploads\\\/2024\\\/07\\\/showroom-2018.jpg\",\"datePublished\":\"2024-07-01T14:44:20+00:00\",\"dateModified\":\"2024-10-22T13:24:32+00:00\",\"breadcrumb\":{\"@id\":\"https:\\\/\\\/medirelax.be\\\/?page_id=427#breadcrumb\"},\"inLanguage\":\"fr-FR\",\"potentialAction\":[{\"@type\":\"ReadAction\",\"target\":[\"https:\\\/\\\/medirelax.be\\\/?page_id=427\"]}]},{\"@type\":\"ImageObject\",\"inLanguage\":\"fr-FR\",\"@id\":\"https:\\\/\\\/medirelax.be\\\/?page_id=427#primaryimage\",\"url\":\"https:\\\/\\\/medirelax.be\\\/wp-content\\\/uploads\\\/2024\\\/07\\\/showroom-2018.jpg\",\"contentUrl\":\"https:\\\/\\\/medirelax.be\\\/wp-content\\\/uploads\\\/2024\\\/07\\\/showroom-2018.jpg\",\"width\":2048,\"height\":1147,\"caption\":\"showroom-2018\"},{\"@type\":\"BreadcrumbList\",\"@id\":\"https:\\\/\\\/medirelax.be\\\/?page_id=427#breadcrumb\",\"itemListElement\":[{\"@type\":\"ListItem\",\"position\":1,\"name\":\"Home\",\"item\":\"https:\\\/\\\/medirelax.be\\\/\"},{\"@type\":\"ListItem\",\"position\":2,\"name\":\"Visites\"}]},{\"@type\":\"WebSite\",\"@id\":\"https:\\\/\\\/medirelax.be\\\/#website\",\"url\":\"https:\\\/\\\/medirelax.be\\\/\",\"name\":\"Medirelax\",\"description\":\"Medirelax, un monde de d\u00e9tente et de bien-\u00eatre\",\"potentialAction\":[{\"@type\":\"SearchAction\",\"target\":{\"@type\":\"EntryPoint\",\"urlTemplate\":\"https:\\\/\\\/medirelax.be\\\/?s={search_term_string}\"},\"query-input\":{\"@type\":\"PropertyValueSpecification\",\"valueRequired\":true,\"valueName\":\"search_term_string\"}}],\"inLanguage\":\"fr-FR\"}]}<\/script>\n<!-- \/ Yoast SEO plugin. -->","yoast_head_json":{"title":"Visites - Medirelax","robots":{"index":"index","follow":"follow","max-snippet":"max-snippet:-1","max-image-preview":"max-image-preview:large","max-video-preview":"max-video-preview:-1"},"canonical":"https:\/\/medirelax.be\/?page_id=427","og_locale":"fr_FR","og_type":"article","og_title":"Visites - Medirelax","og_description":"Visites Medirelax &#8211; Heleve Art Showroom https:\/\/medirelax.be\/wp-content\/uploads\/2024\/07\/Medirelax__Helve-Art.webm Notre Showroom Medirelax &#8211; Helve Art Showroom Votre confort est notre priorit\u00e9 !! Afin de vous \u00eatre disponible d\u00e8s votre arriv\u00e9e, nous vous recevrons\u00a0uniquement sur rendez-vous\u00a0Vous pourrez ainsi, sans vous presser d\u00e9couvrir notre gamme, essayer les diff\u00e9rents conforts et r\u00e9aliser le meilleur choix tout en b\u00e9n\u00e9ficiant de nos [&hellip;]","og_url":"https:\/\/medirelax.be\/?page_id=427","og_site_name":"Medirelax","article_modified_time":"2024-10-22T13:24:32+00:00","og_image":[{"width":2048,"height":1147,"url":"https:\/\/medirelax.be\/wp-content\/uploads\/2024\/07\/showroom-2018.jpg","type":"image\/jpeg"}],"twitter_card":"summary_large_image","twitter_misc":{"Dur\u00e9e de lecture estim\u00e9e":"1 minute"},"schema":{"@context":"https:\/\/schema.org","@graph":[{"@type":"WebPage","@id":"https:\/\/medirelax.be\/?page_id=427","url":"https:\/\/medirelax.be\/?page_id=427","name":"Visites - Medirelax","isPartOf":{"@id":"https:\/\/medirelax.be\/#website"},"primaryImageOfPage":{"@id":"https:\/\/medirelax.be\/?page_id=427#primaryimage"},"image":{"@id":"https:\/\/medirelax.be\/?page_id=427#primaryimage"},"thumbnailUrl":"https:\/\/medirelax.be\/wp-content\/uploads\/2024\/07\/showroom-2018.jpg","datePublished":"2024-07-01T14:44:20+00:00","dateModified":"2024-10-22T13:24:32+00:00","breadcrumb":{"@id":"https:\/\/medirelax.be\/?page_id=427#breadcrumb"},"inLanguage":"fr-FR","potentialAction":[{"@type":"ReadAction","target":["https:\/\/medirelax.be\/?page_id=427"]}]},{"@type":"ImageObject","inLanguage":"fr-FR","@id":"https:\/\/medirelax.be\/?page_id=427#primaryimage","url":"https:\/\/medirelax.be\/wp-content\/uploads\/2024\/07\/showroom-2018.jpg","contentUrl":"https:\/\/medirelax.be\/wp-content\/uploads\/2024\/07\/showroom-2018.jpg","width":2048,"height":1147,"caption":"showroom-2018"},{"@type":"BreadcrumbList","@id":"https:\/\/medirelax.be\/?page_id=427#breadcrumb","itemListElement":[{"@type":"ListItem","position":1,"name":"Home","item":"https:\/\/medirelax.be\/"},{"@type":"ListItem","position":2,"name":"Visites"}]},{"@type":"WebSite","@id":"https:\/\/medirelax.be\/#website","url":"https:\/\/medirelax.be\/","name":"Medirelax","description":"Medirelax, un monde de d\u00e9tente et de bien-\u00eatre","potentialAction":[{"@type":"SearchAction","target":{"@type":"EntryPoint","urlTemplate":"https:\/\/medirelax.be\/?s={search_term_string}"},"query-input":{"@type":"PropertyValueSpecification","valueRequired":true,"valueName":"search_term_string"}}],"inLanguage":"fr-FR"}]}},"_links":{"self":[{"href":"https:\/\/medirelax.be\/index.php?rest_route=\/wp\/v2\/pages\/427","targetHints":{"allow":["GET"]}}],"collection":[{"href":"https:\/\/medirelax.be\/index.php?rest_route=\/wp\/v2\/pages"}],"about":[{"href":"https:\/\/medirelax.be\/index.php?rest_route=\/wp\/v2\/types\/page"}],"author":[{"embeddable":true,"href":"https:\/\/medirelax.be\/index.php?rest_route=\/wp\/v2\/users\/1"}],"replies":[{"embeddable":true,"href":"https:\/\/medirelax.be\/index.php?rest_route=%2Fwp%2Fv2%2Fcomments&post=427"}],"version-history":[{"count":0,"href":"https:\/\/medirelax.be\/index.php?rest_route=\/wp\/v2\/pages\/427\/revisions"}],"wp:attachment":[{"href":"https:\/\/medirelax.be\/index.php?rest_route=%2Fwp%2Fv2%2Fmedia&parent=427"}],"curies":[{"name":"wp","href":"https:\/\/api.w.org\/{rel}","templated":true}]}}